{"id":5020,"date":"2020-01-27T09:50:20","date_gmt":"2020-01-27T09:50:20","guid":{"rendered":"https:\/\/www.zpiiel.com\/produkter\/booster\/"},"modified":"2025-11-21T07:28:52","modified_gmt":"2025-11-21T07:28:52","slug":"booster","status":"publish","type":"page","link":"https:\/\/www.zpiiel.com\/en\/products\/booster\/","title":{"rendered":"Booster"},"content":{"rendered":"\t\t<div data-elementor-type=\"wp-post\" data-elementor-id=\"5020\" class=\"elementor elementor-5020 elementor-3075\" data-elementor-post-type=\"page\">\n\t\t\t\t\t\t<section class=\"elementor-section elementor-top-section elementor-element elementor-element-ac3b8bb elementor-section-boxed elementor-section-height-default elementor-section-height-default\" data-id=\"ac3b8bb\" data-element_type=\"section\" data-e-type=\"section\">\n\t\t\t\t\t\t<div class=\"elementor-container elementor-column-gap-default\">\n\t\t\t\t\t<div class=\"elementor-column elementor-col-100 elementor-top-column elementor-element elementor-element-20e8ff5\" data-id=\"20e8ff5\" data-element_type=\"column\" data-e-type=\"column\">\n\t\t\t<div class=\"elementor-widget-wrap elementor-element-populated\">\n\t\t\t\t\t\t<section class=\"elementor-section elementor-inner-section elementor-element elementor-element-376605a elementor-section-boxed elementor-section-height-default elementor-section-height-default\" data-id=\"376605a\" data-element_type=\"section\" data-e-type=\"section\">\n\t\t\t\t\t\t<div class=\"elementor-container elementor-column-gap-default\">\n\t\t\t\t\t<div class=\"elementor-column elementor-col-100 elementor-inner-column elementor-element elementor-element-2e842ca\" data-id=\"2e842ca\" data-element_type=\"column\" data-e-type=\"column\" data-settings=\"{&quot;background_background&quot;:&quot;classic&quot;}\">\n\t\t\t<div class=\"elementor-widget-wrap elementor-element-populated\">\n\t\t\t\t\t<div class=\"elementor-background-overlay\"><\/div>\n\t\t\t\t\t\t<div class=\"elementor-element elementor-element-7ed00ec elementor-widget elementor-widget-image\" data-id=\"7ed00ec\" data-element_type=\"widget\" data-e-type=\"widget\" data-widget_type=\"image.default\">\n\t\t\t\t<div class=\"elementor-widget-container\">\n\t\t\t\t\t\t\t\t\t\t\t\t\t\t\t\t<a href=\"https:\/\/www.zpiiel.com\/en\/products\/booster\/\">\n\t\t\t\t\t\t\t<img decoding=\"async\" width=\"1\" height=\"1\" src=\"https:\/\/www.zpiiel.com\/wp-content\/uploads\/2018\/10\/booster_hvid.svg\" class=\"attachment-full size-full wp-image-5358\" alt=\"\" \/>\t\t\t\t\t\t\t\t<\/a>\n\t\t\t\t\t\t\t\t\t\t\t\t\t\t\t<\/div>\n\t\t\t\t<\/div>\n\t\t\t\t<div class=\"elementor-element elementor-element-b14a43e elementor-widget elementor-widget-jet-woo-products\" data-id=\"b14a43e\" data-element_type=\"widget\" data-e-type=\"widget\" data-settings=\"{&quot;columns&quot;:&quot;3&quot;,&quot;columns_mobile&quot;:&quot;1&quot;}\" data-widget_type=\"jet-woo-products.default\">\n\t\t\t\t<div class=\"elementor-widget-container\">\n\t\t\t\t\t<div class=\"elementor-jet-woo-products jet-woo-builder\"><div class=\"jet-woo-products jet-woo-products--preset-1 col-row  jet-equal-cols\" data-mobile-hover=\"\" >\n<div class=\"jet-woo-products__item jet-woo-builder-product\" data-product-id=\"5256\">\n\t<div class=\"jet-woo-products__inner-box\"  >\n\t\t\n<div class=\"jet-woo-product-thumbnail\">\n\t\n\t<a href=\"https:\/\/www.zpiiel.com\/en\/shop-en\/zpiiel-booster-1013\/\"><img fetchpriority=\"high\" decoding=\"async\" width=\"720\" height=\"400\" src=\"https:\/\/www.zpiiel.com\/wp-content\/uploads\/2017\/03\/Boosterprodukt_1013-720x400.jpg\" class=\"attachment-woocommerce_thumbnail size-woocommerce_thumbnail\" alt=\"\" \/><\/a>\n\t<div class=\"jet-woo-product-img-overlay\"><\/div>\n\n\t\n\t<\/div>\n<div class=\"jet-woo-product-categories\">\n\t<ul><li><a href=\"https:\/\/www.zpiiel.com\/en\/product-category\/booster-en\/\" rel=\"tag\">Booster<\/a><\/li><\/ul>\n<\/div><h5 class=\"jet-woo-product-title\"><a href=\"https:\/\/www.zpiiel.com\/en\/shop-en\/zpiiel-booster-1013\/\">Booster 1013<\/a><\/h5>\n<div class=\"jet-woo-product-price\">\n\t<span class=\"price\"><span class=\"woocommerce-Price-amount amount\"><span class=\"woocommerce-Price-currencySymbol\">&euro;<\/span>39.99<\/span><\/span>\n<\/div>\n<div class=\"jet-woo-product-button\">\n\t<a href=\"\/en\/wp-json\/wp\/v2\/pages\/5020?add-to-cart=5256\" aria-describedby=\"woocommerce_loop_add_to_cart_link_describedby_5256\" data-quantity=\"1\" class=\"button product_type_simple add_to_cart_button ajax_add_to_cart\" data-product_id=\"5256\" data-product_sku=\"1013\" aria-label=\"Add to cart: &ldquo;Booster 1013&rdquo;\" rel=\"nofollow\">Add to cart<\/a>\t<span id=\"woocommerce_loop_add_to_cart_link_describedby_5256\" class=\"screen-reader-text\">\n\t\t\t<\/span>\n<\/div>\n<div class=\"jet-woo-products-cqw-wrapper\">\n\t<\/div>\t<\/div>\n\n\t<\/div>\n<div class=\"jet-woo-products__item jet-woo-builder-product\" data-product-id=\"5259\">\n\t<div class=\"jet-woo-products__inner-box\"  >\n\t\t\n<div class=\"jet-woo-product-thumbnail\">\n\t\n\t<a href=\"https:\/\/www.zpiiel.com\/en\/shop-en\/zpiiel-booster-1012\/\"><img decoding=\"async\" width=\"720\" height=\"400\" src=\"https:\/\/www.zpiiel.com\/wp-content\/uploads\/2017\/03\/Boosterprodukt_1012-720x400.jpg\" class=\"attachment-woocommerce_thumbnail size-woocommerce_thumbnail\" alt=\"\" \/><\/a>\n\t<div class=\"jet-woo-product-img-overlay\"><\/div>\n\n\t\n\t<\/div>\n<div class=\"jet-woo-product-categories\">\n\t<ul><li><a href=\"https:\/\/www.zpiiel.com\/en\/product-category\/booster-en\/\" rel=\"tag\">Booster<\/a><\/li><\/ul>\n<\/div><h5 class=\"jet-woo-product-title\"><a href=\"https:\/\/www.zpiiel.com\/en\/shop-en\/zpiiel-booster-1012\/\">Booster 1012<\/a><\/h5>\n<div class=\"jet-woo-product-price\">\n\t<span class=\"price\"><span class=\"woocommerce-Price-amount amount\"><span class=\"woocommerce-Price-currencySymbol\">&euro;<\/span>27.99<\/span><\/span>\n<\/div>\n<div class=\"jet-woo-product-button\">\n\t<a href=\"\/en\/wp-json\/wp\/v2\/pages\/5020?add-to-cart=5259\" aria-describedby=\"woocommerce_loop_add_to_cart_link_describedby_5259\" data-quantity=\"1\" class=\"button product_type_simple add_to_cart_button ajax_add_to_cart\" data-product_id=\"5259\" data-product_sku=\"1012\" aria-label=\"Add to cart: &ldquo;Booster 1012&rdquo;\" rel=\"nofollow\">Add to cart<\/a>\t<span id=\"woocommerce_loop_add_to_cart_link_describedby_5259\" class=\"screen-reader-text\">\n\t\t\t<\/span>\n<\/div>\n<div class=\"jet-woo-products-cqw-wrapper\">\n\t<\/div>\t<\/div>\n\n\t<\/div>\n<div class=\"jet-woo-products__item jet-woo-builder-product\" data-product-id=\"5261\">\n\t<div class=\"jet-woo-products__inner-box\"  >\n\t\t\n<div class=\"jet-woo-product-thumbnail\">\n\t\n\t<a href=\"https:\/\/www.zpiiel.com\/en\/shop-en\/zpiiel-booster-1011\/\"><img loading=\"lazy\" decoding=\"async\" width=\"720\" height=\"400\" src=\"https:\/\/www.zpiiel.com\/wp-content\/uploads\/2017\/03\/Boosterprodukt_1011-720x400.jpg\" class=\"attachment-woocommerce_thumbnail size-woocommerce_thumbnail\" alt=\"\" \/><\/a>\n\t<div class=\"jet-woo-product-img-overlay\"><\/div>\n\n\t\n\t<\/div>\n<div class=\"jet-woo-product-categories\">\n\t<ul><li><a href=\"https:\/\/www.zpiiel.com\/en\/product-category\/booster-en\/\" rel=\"tag\">Booster<\/a><\/li><\/ul>\n<\/div><h5 class=\"jet-woo-product-title\"><a href=\"https:\/\/www.zpiiel.com\/en\/shop-en\/zpiiel-booster-1011\/\">Booster 1011<\/a><\/h5>\n<div class=\"jet-woo-product-price\">\n\t<span class=\"price\"><span class=\"woocommerce-Price-amount amount\"><span class=\"woocommerce-Price-currencySymbol\">&euro;<\/span>21.99<\/span><\/span>\n<\/div>\n<div class=\"jet-woo-product-button\">\n\t<a href=\"\/en\/wp-json\/wp\/v2\/pages\/5020?add-to-cart=5261\" aria-describedby=\"woocommerce_loop_add_to_cart_link_describedby_5261\" data-quantity=\"1\" class=\"button product_type_simple add_to_cart_button ajax_add_to_cart\" data-product_id=\"5261\" data-product_sku=\"1011\" aria-label=\"Add to cart: &ldquo;Booster 1011&rdquo;\" rel=\"nofollow\">Add to cart<\/a>\t<span id=\"woocommerce_loop_add_to_cart_link_describedby_5261\" class=\"screen-reader-text\">\n\t\t\t<\/span>\n<\/div>\n<div class=\"jet-woo-products-cqw-wrapper\">\n\t<\/div>\t<\/div>\n\n\t<\/div>\n<div class=\"jet-woo-products__item jet-woo-builder-product\" data-product-id=\"5262\">\n\t<div class=\"jet-woo-products__inner-box\"  >\n\t\t\n<div class=\"jet-woo-product-thumbnail\">\n\t\n\t<a href=\"https:\/\/www.zpiiel.com\/en\/shop-en\/zpiiel-booster-1010\/\"><img loading=\"lazy\" decoding=\"async\" width=\"720\" height=\"400\" src=\"https:\/\/www.zpiiel.com\/wp-content\/uploads\/2017\/03\/Boosterprodukt_1010-720x400.jpg\" class=\"attachment-woocommerce_thumbnail size-woocommerce_thumbnail\" alt=\"\" \/><\/a>\n\t<div class=\"jet-woo-product-img-overlay\"><\/div>\n\n\t\n\t<\/div>\n<div class=\"jet-woo-product-categories\">\n\t<ul><li><a href=\"https:\/\/www.zpiiel.com\/en\/product-category\/booster-en\/\" rel=\"tag\">Booster<\/a><\/li><\/ul>\n<\/div><h5 class=\"jet-woo-product-title\"><a href=\"https:\/\/www.zpiiel.com\/en\/shop-en\/zpiiel-booster-1010\/\">Booster 1010<\/a><\/h5>\n<div class=\"jet-woo-product-price\">\n\t<span class=\"price\"><span class=\"woocommerce-Price-amount amount\"><span class=\"woocommerce-Price-currencySymbol\">&euro;<\/span>13.99<\/span><\/span>\n<\/div>\n<div class=\"jet-woo-product-button\">\n\t<a href=\"\/en\/wp-json\/wp\/v2\/pages\/5020?add-to-cart=5262\" aria-describedby=\"woocommerce_loop_add_to_cart_link_describedby_5262\" data-quantity=\"1\" class=\"button product_type_simple add_to_cart_button ajax_add_to_cart\" data-product_id=\"5262\" data-product_sku=\"1010\" aria-label=\"Add to cart: &ldquo;Booster 1010&rdquo;\" rel=\"nofollow\">Add to cart<\/a>\t<span id=\"woocommerce_loop_add_to_cart_link_describedby_5262\" class=\"screen-reader-text\">\n\t\t\t<\/span>\n<\/div>\n<div class=\"jet-woo-products-cqw-wrapper\">\n\t<\/div>\t<\/div>\n\n\t<\/div><\/div>\n<\/div>\t\t\t\t<\/div>\n\t\t\t\t<\/div>\n\t\t\t\t\t<\/div>\n\t\t<\/div>\n\t\t\t\t\t<\/div>\n\t\t<\/section>\n\t\t\t\t\t<\/div>\n\t\t<\/div>\n\t\t\t\t\t<\/div>\n\t\t<\/section>\n\t\t\t\t<section class=\"elementor-section elementor-top-section elementor-element elementor-element-58915aa elementor-section-content-middle elementor-section-boxed elementor-section-height-default elementor-section-height-default\" data-id=\"58915aa\" data-element_type=\"section\" data-e-type=\"section\">\n\t\t\t\t\t\t<div class=\"elementor-container elementor-column-gap-default\">\n\t\t\t\t\t<div class=\"elementor-column elementor-col-50 elementor-top-column elementor-element elementor-element-72f52fe1\" data-id=\"72f52fe1\" data-element_type=\"column\" data-e-type=\"column\">\n\t\t\t<div class=\"elementor-widget-wrap elementor-element-populated\">\n\t\t\t\t\t\t<div class=\"elementor-element elementor-element-52c756f8 elementor-widget elementor-widget-image\" data-id=\"52c756f8\" data-element_type=\"widget\" data-e-type=\"widget\" data-widget_type=\"image.default\">\n\t\t\t\t<div class=\"elementor-widget-container\">\n\t\t\t\t\t\t\t\t\t\t\t\t\t\t\t<img loading=\"lazy\" decoding=\"async\" width=\"900\" height=\"900\" src=\"https:\/\/www.zpiiel.com\/wp-content\/uploads\/2021\/10\/boost_oversigt.jpg\" class=\"attachment-large size-large wp-image-9716\" alt=\"\" srcset=\"https:\/\/www.zpiiel.com\/wp-content\/uploads\/2021\/10\/boost_oversigt.jpg 900w, https:\/\/www.zpiiel.com\/wp-content\/uploads\/2021\/10\/boost_oversigt-300x300.jpg 300w, https:\/\/www.zpiiel.com\/wp-content\/uploads\/2021\/10\/boost_oversigt-150x150.jpg 150w, https:\/\/www.zpiiel.com\/wp-content\/uploads\/2021\/10\/boost_oversigt-768x768.jpg 768w, https:\/\/www.zpiiel.com\/wp-content\/uploads\/2021\/10\/boost_oversigt-100x100.jpg 100w\" sizes=\"(max-width: 900px) 100vw, 900px\" \/>\t\t\t\t\t\t\t\t\t\t\t\t\t\t\t<\/div>\n\t\t\t\t<\/div>\n\t\t\t\t\t<\/div>\n\t\t<\/div>\n\t\t\t\t<div class=\"elementor-column elementor-col-50 elementor-top-column elementor-element elementor-element-4bd6b8c5\" data-id=\"4bd6b8c5\" data-element_type=\"column\" data-e-type=\"column\">\n\t\t\t<div class=\"elementor-widget-wrap elementor-element-populated\">\n\t\t\t\t\t\t<div class=\"elementor-element elementor-element-26579a83 elementor-widget elementor-widget-image\" data-id=\"26579a83\" data-element_type=\"widget\" data-e-type=\"widget\" data-widget_type=\"image.default\">\n\t\t\t\t<div class=\"elementor-widget-container\">\n\t\t\t\t\t\t\t\t\t\t\t\t\t\t\t<img decoding=\"async\" src=\"https:\/\/www.zpiiel.com\/wp-content\/uploads\/2018\/10\/booster.svg\" class=\"attachment-full size-full wp-image-11626\" alt=\"\" \/>\t\t\t\t\t\t\t\t\t\t\t\t\t\t\t<\/div>\n\t\t\t\t<\/div>\n\t\t\t\t<div class=\"elementor-element elementor-element-44ac2260 elementor-widget elementor-widget-heading\" data-id=\"44ac2260\" data-element_type=\"widget\" data-e-type=\"widget\" data-widget_type=\"heading.default\">\n\t\t\t\t<div class=\"elementor-widget-container\">\n\t\t\t\t\t<h2 class=\"elementor-heading-title elementor-size-default\">Zpiiel\u00ae Booster creates brand new play scenarios in combination with the characters and models from the Zpiiel\u00ae universe or the toy already in the children's room<\/h2>\t\t\t\t<\/div>\n\t\t\t\t<\/div>\n\t\t\t\t<div class=\"elementor-element elementor-element-736cc16c elementor-widget elementor-widget-text-editor\" data-id=\"736cc16c\" data-element_type=\"widget\" data-e-type=\"widget\" data-widget_type=\"text-editor.default\">\n\t\t\t\t<div class=\"elementor-widget-container\">\n\t\t\t\t\t\t\t\t\t<p>With the Booster series, the playroom is revitalised and new landscapes are created where the game can be explored in new ways and the stories unfold.<\/p><p>The four modules in <a href=\"https:\/\/www.zpiiel.com\/en\/\">Zpiiel\u00ae<\/a> The Booster series can either be used alone or built together with each other for integrated worlds.<\/p>\t\t\t\t\t\t\t\t<\/div>\n\t\t\t\t<\/div>\n\t\t\t\t\t<\/div>\n\t\t<\/div>\n\t\t\t\t\t<\/div>\n\t\t<\/section>\n\t\t\t\t<\/div>\n\t\t","protected":false},"excerpt":{"rendered":"<p>Booster Booster 1013 kr.299.00 Tilf\u00f8j til kurv Booster Booster 1012 kr.199.00 Tilf\u00f8j til kurv Booster Booster 1011 kr.149.00 Tilf\u00f8j til kurv Booster Booster 1010 kr.99.00 Tilf\u00f8j til kurv Zpiiel\u00ae Booster creates brand new play scenarios in combination with the characters and models from the Zpiiel\u00ae universe or the toy already in the children&#8217;s room With [&hellip;]<\/p>\n","protected":false},"author":11,"featured_media":0,"parent":5018,"menu_order":0,"comment_status":"closed","ping_status":"closed","template":"elementor_header_footer","meta":{"inline_featured_image":false,"site-sidebar-layout":"default","site-content-layout":"default","ast-site-content-layout":"default","site-content-style":"default","site-sidebar-style":"default","ast-global-header-display":"","ast-banner-title-visibility":"","ast-main-header-display":"","ast-hfb-above-header-display":"","ast-hfb-below-header-display":"","ast-hfb-mobile-header-display":"","site-post-title":"disabled","ast-breadcrumbs-content":"","ast-featured-img":"","footer-sml-layout":"","theme-transparent-header-meta":"default","adv-header-id-meta":"","stick-header-meta":"","header-above-stick-meta":"","header-main-stick-meta":"","header-below-stick-meta":"","astra-migrate-meta-layouts":"default","ast-page-background-enabled":"default","ast-page-background-meta":{"desktop":{"background-color":"","background-image":"","background-repeat":"repeat","background-position":"center center","background-size":"auto","background-attachment":"scroll","background-type":"","background-media":"","overlay-type":"","overlay-color":"","overlay-opacity":"","overlay-gradient":""},"tablet":{"background-color":"","background-image":"","background-repeat":"repeat","background-position":"center center","background-size":"auto","background-attachment":"scroll","background-type":"","background-media":"","overlay-type":"","overlay-color":"","overlay-opacity":"","overlay-gradient":""},"mobile":{"background-color":"","background-image":"","background-repeat":"repeat","background-position":"center center","background-size":"auto","background-attachment":"scroll","background-type":"","background-media":"","overlay-type":"","overlay-color":"","overlay-opacity":"","overlay-gradient":""}},"ast-content-background-meta":{"desktop":{"background-color":"var(--ast-global-color-5)","background-image":"","background-repeat":"repeat","background-position":"center center","background-size":"auto","background-attachment":"scroll","background-type":"","background-media":"","overlay-type":"","overlay-color":"","overlay-opacity":"","overlay-gradient":""},"tablet":{"background-color":"var(--ast-global-color-5)","background-image":"","background-repeat":"repeat","background-position":"center center","background-size":"auto","background-attachment":"scroll","background-type":"","background-media":"","overlay-type":"","overlay-color":"","overlay-opacity":"","overlay-gradient":""},"mobile":{"background-color":"var(--ast-global-color-5)","background-image":"","background-repeat":"repeat","background-position":"center center","background-size":"auto","background-attachment":"scroll","background-type":"","background-media":"","overlay-type":"","overlay-color":"","overlay-opacity":"","overlay-gradient":""}},"footnotes":""},"class_list":["post-5020","page","type-page","status-publish","hentry"],"yoast_head":"<!-- This site is optimized with the Yoast SEO plugin v27.6 - https:\/\/yoast.com\/product\/yoast-seo-wordpress\/ -->\n<title>Zpiiel\u00ae Booster - Booster series use them together or separately<\/title>\n<meta name=\"description\" content=\"With the Zpiiel\u00ae Booster series, the playroom is revitalised and new landscapes are created where the game can be explored in new ways and the stories unfold.\" \/>\n<meta name=\"robots\" content=\"index, follow, max-snippet:-1, max-image-preview:large, max-video-preview:-1\" \/>\n<link rel=\"canonical\" href=\"https:\/\/www.zpiiel.com\/en\/products\/booster\/\" \/>\n<meta property=\"og:locale\" content=\"en_US\" \/>\n<meta property=\"og:type\" content=\"article\" \/>\n<meta property=\"og:title\" content=\"Zpiiel\u00ae Booster - Booster series use them together or separately\" \/>\n<meta property=\"og:description\" content=\"With the Zpiiel\u00ae Booster series, the playroom is revitalised and new landscapes are created where the game can be explored in new ways and the stories unfold.\" \/>\n<meta property=\"og:url\" content=\"https:\/\/www.zpiiel.com\/en\/products\/booster\/\" \/>\n<meta property=\"og:site_name\" content=\"Zpiiel\" \/>\n<meta property=\"article:publisher\" content=\"https:\/\/www.facebook.com\/zpiiel\" \/>\n<meta property=\"article:modified_time\" content=\"2025-11-21T07:28:52+00:00\" \/>\n<meta name=\"twitter:card\" content=\"summary_large_image\" \/>\n<meta name=\"twitter:label1\" content=\"Est. reading time\" \/>\n\t<meta name=\"twitter:data1\" content=\"5 minutes\" \/>\n<script type=\"application\/ld+json\" class=\"yoast-schema-graph\">{\"@context\":\"https:\\\/\\\/schema.org\",\"@graph\":[{\"@type\":\"WebPage\",\"@id\":\"https:\\\/\\\/www.zpiiel.com\\\/en\\\/products\\\/booster\\\/\",\"url\":\"https:\\\/\\\/www.zpiiel.com\\\/en\\\/products\\\/booster\\\/\",\"name\":\"Zpiiel\u00ae Booster - Booster series use them together or separately\",\"isPartOf\":{\"@id\":\"https:\\\/\\\/www.zpiiel.com\\\/en\\\/#website\"},\"primaryImageOfPage\":{\"@id\":\"https:\\\/\\\/www.zpiiel.com\\\/en\\\/products\\\/booster\\\/#primaryimage\"},\"image\":{\"@id\":\"https:\\\/\\\/www.zpiiel.com\\\/en\\\/products\\\/booster\\\/#primaryimage\"},\"thumbnailUrl\":\"https:\\\/\\\/www.zpiiel.com\\\/wp-content\\\/uploads\\\/2018\\\/10\\\/booster_hvid.svg\",\"datePublished\":\"2020-01-27T09:50:20+00:00\",\"dateModified\":\"2025-11-21T07:28:52+00:00\",\"description\":\"With the Zpiiel\u00ae Booster series, the playroom is revitalised and new landscapes are created where the game can be explored in new ways and the stories unfold.\",\"breadcrumb\":{\"@id\":\"https:\\\/\\\/www.zpiiel.com\\\/en\\\/products\\\/booster\\\/#breadcrumb\"},\"inLanguage\":\"en-US\",\"potentialAction\":[{\"@type\":\"ReadAction\",\"target\":[\"https:\\\/\\\/www.zpiiel.com\\\/en\\\/products\\\/booster\\\/\"]}]},{\"@type\":\"ImageObject\",\"inLanguage\":\"en-US\",\"@id\":\"https:\\\/\\\/www.zpiiel.com\\\/en\\\/products\\\/booster\\\/#primaryimage\",\"url\":\"https:\\\/\\\/www.zpiiel.com\\\/wp-content\\\/uploads\\\/2018\\\/10\\\/booster_hvid.svg\",\"contentUrl\":\"https:\\\/\\\/www.zpiiel.com\\\/wp-content\\\/uploads\\\/2018\\\/10\\\/booster_hvid.svg\"},{\"@type\":\"BreadcrumbList\",\"@id\":\"https:\\\/\\\/www.zpiiel.com\\\/en\\\/products\\\/booster\\\/#breadcrumb\",\"itemListElement\":[{\"@type\":\"ListItem\",\"position\":1,\"name\":\"Hjem\",\"item\":\"https:\\\/\\\/www.zpiiel.com\\\/en\\\/front-page\\\/\"},{\"@type\":\"ListItem\",\"position\":2,\"name\":\"Products\",\"item\":\"https:\\\/\\\/www.zpiiel.com\\\/en\\\/products\\\/\"},{\"@type\":\"ListItem\",\"position\":3,\"name\":\"Booster\"}]},{\"@type\":\"WebSite\",\"@id\":\"https:\\\/\\\/www.zpiiel.com\\\/en\\\/#website\",\"url\":\"https:\\\/\\\/www.zpiiel.com\\\/en\\\/\",\"name\":\"Zpiiel\",\"description\":\"Zpiiel leget\u00f8j og produkter\",\"publisher\":{\"@id\":\"https:\\\/\\\/www.zpiiel.com\\\/en\\\/#organization\"},\"potentialAction\":[{\"@type\":\"SearchAction\",\"target\":{\"@type\":\"EntryPoint\",\"urlTemplate\":\"https:\\\/\\\/www.zpiiel.com\\\/en\\\/?s={search_term_string}\"},\"query-input\":{\"@type\":\"PropertyValueSpecification\",\"valueRequired\":true,\"valueName\":\"search_term_string\"}}],\"inLanguage\":\"en-US\"},{\"@type\":\"Organization\",\"@id\":\"https:\\\/\\\/www.zpiiel.com\\\/en\\\/#organization\",\"name\":\"Zpiiel\",\"url\":\"https:\\\/\\\/www.zpiiel.com\\\/en\\\/\",\"logo\":{\"@type\":\"ImageObject\",\"inLanguage\":\"en-US\",\"@id\":\"https:\\\/\\\/www.zpiiel.com\\\/en\\\/#\\\/schema\\\/logo\\\/image\\\/\",\"url\":\"https:\\\/\\\/www.zpiiel.com\\\/wp-content\\\/uploads\\\/2021\\\/01\\\/cropped-cropped-logo-1.png\",\"contentUrl\":\"https:\\\/\\\/www.zpiiel.com\\\/wp-content\\\/uploads\\\/2021\\\/01\\\/cropped-cropped-logo-1.png\",\"width\":160,\"height\":76,\"caption\":\"Zpiiel\"},\"image\":{\"@id\":\"https:\\\/\\\/www.zpiiel.com\\\/en\\\/#\\\/schema\\\/logo\\\/image\\\/\"},\"sameAs\":[\"https:\\\/\\\/www.facebook.com\\\/zpiiel\",\"https:\\\/\\\/www.instagram.com\\\/Zpiiel\\\/\",\"https:\\\/\\\/www.youtube.com\\\/channel\\\/UCo3IjQAIBtS-WsOVFwYpY3Q\"]}]}<\/script>\n<!-- \/ Yoast SEO plugin. -->","yoast_head_json":{"title":"Zpiiel\u00ae Booster - Booster series use them together or separately","description":"With the Zpiiel\u00ae Booster series, the playroom is revitalised and new landscapes are created where the game can be explored in new ways and the stories unfold.","robots":{"index":"index","follow":"follow","max-snippet":"max-snippet:-1","max-image-preview":"max-image-preview:large","max-video-preview":"max-video-preview:-1"},"canonical":"https:\/\/www.zpiiel.com\/en\/products\/booster\/","og_locale":"en_US","og_type":"article","og_title":"Zpiiel\u00ae Booster - Booster series use them together or separately","og_description":"With the Zpiiel\u00ae Booster series, the playroom is revitalised and new landscapes are created where the game can be explored in new ways and the stories unfold.","og_url":"https:\/\/www.zpiiel.com\/en\/products\/booster\/","og_site_name":"Zpiiel","article_publisher":"https:\/\/www.facebook.com\/zpiiel","article_modified_time":"2025-11-21T07:28:52+00:00","twitter_card":"summary_large_image","twitter_misc":{"Est. reading time":"5 minutes"},"schema":{"@context":"https:\/\/schema.org","@graph":[{"@type":"WebPage","@id":"https:\/\/www.zpiiel.com\/en\/products\/booster\/","url":"https:\/\/www.zpiiel.com\/en\/products\/booster\/","name":"Zpiiel\u00ae Booster - Booster series use them together or separately","isPartOf":{"@id":"https:\/\/www.zpiiel.com\/en\/#website"},"primaryImageOfPage":{"@id":"https:\/\/www.zpiiel.com\/en\/products\/booster\/#primaryimage"},"image":{"@id":"https:\/\/www.zpiiel.com\/en\/products\/booster\/#primaryimage"},"thumbnailUrl":"https:\/\/www.zpiiel.com\/wp-content\/uploads\/2018\/10\/booster_hvid.svg","datePublished":"2020-01-27T09:50:20+00:00","dateModified":"2025-11-21T07:28:52+00:00","description":"With the Zpiiel\u00ae Booster series, the playroom is revitalised and new landscapes are created where the game can be explored in new ways and the stories unfold.","breadcrumb":{"@id":"https:\/\/www.zpiiel.com\/en\/products\/booster\/#breadcrumb"},"inLanguage":"en-US","potentialAction":[{"@type":"ReadAction","target":["https:\/\/www.zpiiel.com\/en\/products\/booster\/"]}]},{"@type":"ImageObject","inLanguage":"en-US","@id":"https:\/\/www.zpiiel.com\/en\/products\/booster\/#primaryimage","url":"https:\/\/www.zpiiel.com\/wp-content\/uploads\/2018\/10\/booster_hvid.svg","contentUrl":"https:\/\/www.zpiiel.com\/wp-content\/uploads\/2018\/10\/booster_hvid.svg"},{"@type":"BreadcrumbList","@id":"https:\/\/www.zpiiel.com\/en\/products\/booster\/#breadcrumb","itemListElement":[{"@type":"ListItem","position":1,"name":"Hjem","item":"https:\/\/www.zpiiel.com\/en\/front-page\/"},{"@type":"ListItem","position":2,"name":"Products","item":"https:\/\/www.zpiiel.com\/en\/products\/"},{"@type":"ListItem","position":3,"name":"Booster"}]},{"@type":"WebSite","@id":"https:\/\/www.zpiiel.com\/en\/#website","url":"https:\/\/www.zpiiel.com\/en\/","name":"Zpiiel","description":"Zpiiel leget\u00f8j og produkter","publisher":{"@id":"https:\/\/www.zpiiel.com\/en\/#organization"},"potentialAction":[{"@type":"SearchAction","target":{"@type":"EntryPoint","urlTemplate":"https:\/\/www.zpiiel.com\/en\/?s={search_term_string}"},"query-input":{"@type":"PropertyValueSpecification","valueRequired":true,"valueName":"search_term_string"}}],"inLanguage":"en-US"},{"@type":"Organization","@id":"https:\/\/www.zpiiel.com\/en\/#organization","name":"Zpiiel","url":"https:\/\/www.zpiiel.com\/en\/","logo":{"@type":"ImageObject","inLanguage":"en-US","@id":"https:\/\/www.zpiiel.com\/en\/#\/schema\/logo\/image\/","url":"https:\/\/www.zpiiel.com\/wp-content\/uploads\/2021\/01\/cropped-cropped-logo-1.png","contentUrl":"https:\/\/www.zpiiel.com\/wp-content\/uploads\/2021\/01\/cropped-cropped-logo-1.png","width":160,"height":76,"caption":"Zpiiel"},"image":{"@id":"https:\/\/www.zpiiel.com\/en\/#\/schema\/logo\/image\/"},"sameAs":["https:\/\/www.facebook.com\/zpiiel","https:\/\/www.instagram.com\/Zpiiel\/","https:\/\/www.youtube.com\/channel\/UCo3IjQAIBtS-WsOVFwYpY3Q"]}]}},"_links":{"self":[{"href":"https:\/\/www.zpiiel.com\/en\/wp-json\/wp\/v2\/pages\/5020","targetHints":{"allow":["GET"]}}],"collection":[{"href":"https:\/\/www.zpiiel.com\/en\/wp-json\/wp\/v2\/pages"}],"about":[{"href":"https:\/\/www.zpiiel.com\/en\/wp-json\/wp\/v2\/types\/page"}],"author":[{"embeddable":true,"href":"https:\/\/www.zpiiel.com\/en\/wp-json\/wp\/v2\/users\/11"}],"replies":[{"embeddable":true,"href":"https:\/\/www.zpiiel.com\/en\/wp-json\/wp\/v2\/comments?post=5020"}],"version-history":[{"count":44,"href":"https:\/\/www.zpiiel.com\/en\/wp-json\/wp\/v2\/pages\/5020\/revisions"}],"predecessor-version":[{"id":14764,"href":"https:\/\/www.zpiiel.com\/en\/wp-json\/wp\/v2\/pages\/5020\/revisions\/14764"}],"up":[{"embeddable":true,"href":"https:\/\/www.zpiiel.com\/en\/wp-json\/wp\/v2\/pages\/5018"}],"wp:attachment":[{"href":"https:\/\/www.zpiiel.com\/en\/wp-json\/wp\/v2\/media?parent=5020"}],"curies":[{"name":"wp","href":"https:\/\/api.w.org\/{rel}","templated":true}]}}