{"id":7616,"date":"2015-06-24T12:32:08","date_gmt":"2021-05-10T20:57:52","guid":{"rendered":"https:\/\/www.zpiiel.com\/shop\/zpiiel-booster-1010\/"},"modified":"2022-09-08T12:05:58","modified_gmt":"2022-09-08T12:05:58","slug":"zpiiel-booster-1010","status":"publish","type":"product","link":"https:\/\/www.zpiiel.com\/de\/shop-de\/zpiiel-booster-1010\/","title":{"rendered":"Booster 1010"},"content":{"rendered":"<p><iframe title=\"Zpiiel\u00ae Booster animation\" width=\"500\" height=\"281\" src=\"https:\/\/www.youtube.com\/embed\/bBy6Bu0KlRc?feature=oembed\" frameborder=\"0\" allow=\"accelerometer; autoplay; clipboard-write; encrypted-media; gyroscope; picture-in-picture; web-share\" referrerpolicy=\"strict-origin-when-cross-origin\" allowfullscreen><\/iframe><\/p>\n","protected":false},"excerpt":{"rendered":"<p>Booster ist das ultimative Erlebnis f\u00fcr das kreative und ideenreiche Kind, hier ist es nur die Fantasie, der die Grenzen setzt. Mit einer Booster-Paket 1010 bekommst du die M\u00f6glichkeit dein ganz eigener Tunnel zusammen zu bauen. Fahr durch die Landschaft und durch die Tunnel mit h\u00f6chster Geschwindigkeit, ob es mit Auto, Zug oder was ganz anderes, bist du der das Bestimmt.<\/p>\n<p>Benutze der Booster Tunnel von Zpiiel als Landeplatz f\u00fcr dein Polizeihelikopter und an den Abhang der Tunnel abseilen um den Verbrechern zu fangen.<\/p>\n<p>Konstruktionsspielzeug von Zpiiel ist entworfen, um die kognitiven F\u00e4higkeiten der Kinder zu entwickeln, und sichert sowohl Spa\u00df als lehrreiches Spielen. Entwickle die F\u00e4higkeiten deines Kindes innerhalb Science, Technology, Engineering, Arts und Mathematics. Dieser Typ von Spielzeug wird abgek\u00fcrzt STEAM benannt. <\/p>\n","protected":false},"featured_media":2424,"template":"","meta":{"inline_featured_image":false,"site-sidebar-layout":"default","site-content-layout":"default","ast-site-content-layout":"default","site-content-style":"default","site-sidebar-style":"default","ast-global-header-display":"","ast-banner-title-visibility":"","ast-main-header-display":"","ast-hfb-above-header-display":"","ast-hfb-below-header-display":"","ast-hfb-mobile-header-display":"","site-post-title":"","ast-breadcrumbs-content":"","ast-featured-img":"","footer-sml-layout":"","theme-transparent-header-meta":"default","adv-header-id-meta":"","stick-header-meta":"default","header-above-stick-meta":"","header-main-stick-meta":"","header-below-stick-meta":"","astra-migrate-meta-layouts":"default","ast-page-background-enabled":"default","ast-page-background-meta":{"desktop":{"background-color":"","background-image":"","background-repeat":"repeat","background-position":"center center","background-size":"auto","background-attachment":"scroll","background-type":"","background-media":"","overlay-type":"","overlay-color":"","overlay-opacity":"","overlay-gradient":""},"tablet":{"background-color":"","background-image":"","background-repeat":"repeat","background-position":"center center","background-size":"auto","background-attachment":"scroll","background-type":"","background-media":"","overlay-type":"","overlay-color":"","overlay-opacity":"","overlay-gradient":""},"mobile":{"background-color":"","background-image":"","background-repeat":"repeat","background-position":"center center","background-size":"auto","background-attachment":"scroll","background-type":"","background-media":"","overlay-type":"","overlay-color":"","overlay-opacity":"","overlay-gradient":""}},"ast-content-background-meta":{"desktop":{"background-color":"var(--ast-global-color-5)","background-image":"","background-repeat":"repeat","background-position":"center center","background-size":"auto","background-attachment":"scroll","background-type":"","background-media":"","overlay-type":"","overlay-color":"","overlay-opacity":"","overlay-gradient":""},"tablet":{"background-color":"var(--ast-global-color-5)","background-image":"","background-repeat":"repeat","background-position":"center center","background-size":"auto","background-attachment":"scroll","background-type":"","background-media":"","overlay-type":"","overlay-color":"","overlay-opacity":"","overlay-gradient":""},"mobile":{"background-color":"var(--ast-global-color-5)","background-image":"","background-repeat":"repeat","background-position":"center center","background-size":"auto","background-attachment":"scroll","background-type":"","background-media":"","overlay-type":"","overlay-color":"","overlay-opacity":"","overlay-gradient":""}}},"product_brand":[],"product_cat":[142],"product_tag":[],"class_list":{"0":"post-7616","1":"product","2":"type-product","3":"status-publish","4":"has-post-thumbnail","6":"product_cat-booster-de","7":"desktop-align-left","8":"tablet-align-left","9":"mobile-align-left","11":"first","12":"instock","13":"taxable","14":"shipping-taxable","15":"purchasable","16":"product-type-simple"},"yoast_head":"<!-- This site is optimized with the Yoast SEO plugin v27.5 - https:\/\/yoast.com\/product\/yoast-seo-wordpress\/ -->\n<title>Booster 1010 - Zpiiel<\/title>\n<meta name=\"robots\" content=\"index, follow, max-snippet:-1, max-image-preview:large, max-video-preview:-1\" \/>\n<link rel=\"canonical\" href=\"https:\/\/www.zpiiel.com\/de\/shop-de\/zpiiel-booster-1010\/\" \/>\n<meta property=\"og:locale\" content=\"de_DE\" \/>\n<meta property=\"og:type\" content=\"article\" \/>\n<meta property=\"og:title\" content=\"Booster 1010 - Zpiiel\" \/>\n<meta property=\"og:description\" content=\"Booster ist das ultimative Erlebnis f\u00fcr das kreative und ideenreiche Kind, hier ist es nur die Fantasie, der die Grenzen setzt. Mit einer Booster-Paket 1010 bekommst du die M\u00f6glichkeit dein ganz eigener Tunnel zusammen zu bauen. Fahr durch die Landschaft und durch die Tunnel mit h\u00f6chster Geschwindigkeit, ob es mit Auto, Zug oder was ganz anderes, bist du der das Bestimmt. Benutze der Booster Tunnel von Zpiiel als Landeplatz f\u00fcr dein Polizeihelikopter und an den Abhang der Tunnel abseilen um den Verbrechern zu fangen. Konstruktionsspielzeug von Zpiiel ist entworfen, um die kognitiven F\u00e4higkeiten der Kinder zu entwickeln, und sichert sowohl Spa\u00df als lehrreiches Spielen. Entwickle die F\u00e4higkeiten deines Kindes innerhalb Science, Technology, Engineering, Arts und Mathematics. Dieser Typ von Spielzeug wird abgek\u00fcrzt STEAM benannt.\" \/>\n<meta property=\"og:url\" content=\"https:\/\/www.zpiiel.com\/de\/shop-de\/zpiiel-booster-1010\/\" \/>\n<meta property=\"og:site_name\" content=\"Zpiiel\" \/>\n<meta property=\"article:publisher\" content=\"https:\/\/www.facebook.com\/zpiiel\" \/>\n<meta property=\"article:modified_time\" content=\"2022-09-08T12:05:58+00:00\" \/>\n<meta property=\"og:image\" content=\"https:\/\/www.zpiiel.com\/wp-content\/uploads\/2015\/06\/10103.jpg\" \/>\n\t<meta property=\"og:image:width\" content=\"1658\" \/>\n\t<meta property=\"og:image:height\" content=\"1336\" \/>\n\t<meta property=\"og:image:type\" content=\"image\/jpeg\" \/>\n<meta name=\"twitter:card\" content=\"summary_large_image\" \/>\n<script type=\"application\/ld+json\" class=\"yoast-schema-graph\">{\"@context\":\"https:\\\/\\\/schema.org\",\"@graph\":[{\"@type\":\"WebPage\",\"@id\":\"https:\\\/\\\/www.zpiiel.com\\\/de\\\/shop-de\\\/zpiiel-booster-1010\\\/\",\"url\":\"https:\\\/\\\/www.zpiiel.com\\\/de\\\/shop-de\\\/zpiiel-booster-1010\\\/\",\"name\":\"Booster 1010 - Zpiiel\",\"isPartOf\":{\"@id\":\"https:\\\/\\\/www.zpiiel.com\\\/de\\\/#website\"},\"primaryImageOfPage\":{\"@id\":\"https:\\\/\\\/www.zpiiel.com\\\/de\\\/shop-de\\\/zpiiel-booster-1010\\\/#primaryimage\"},\"image\":{\"@id\":\"https:\\\/\\\/www.zpiiel.com\\\/de\\\/shop-de\\\/zpiiel-booster-1010\\\/#primaryimage\"},\"thumbnailUrl\":\"https:\\\/\\\/www.zpiiel.com\\\/wp-content\\\/uploads\\\/2017\\\/03\\\/Boosterprodukt_1010.jpg\",\"datePublished\":\"2021-05-10T20:57:52+00:00\",\"dateModified\":\"2022-09-08T12:05:58+00:00\",\"breadcrumb\":{\"@id\":\"https:\\\/\\\/www.zpiiel.com\\\/de\\\/shop-de\\\/zpiiel-booster-1010\\\/#breadcrumb\"},\"inLanguage\":\"de\",\"potentialAction\":[{\"@type\":\"ReadAction\",\"target\":[\"https:\\\/\\\/www.zpiiel.com\\\/de\\\/shop-de\\\/zpiiel-booster-1010\\\/\"]}]},{\"@type\":\"ImageObject\",\"inLanguage\":\"de\",\"@id\":\"https:\\\/\\\/www.zpiiel.com\\\/de\\\/shop-de\\\/zpiiel-booster-1010\\\/#primaryimage\",\"url\":\"https:\\\/\\\/www.zpiiel.com\\\/wp-content\\\/uploads\\\/2017\\\/03\\\/Boosterprodukt_1010.jpg\",\"contentUrl\":\"https:\\\/\\\/www.zpiiel.com\\\/wp-content\\\/uploads\\\/2017\\\/03\\\/Boosterprodukt_1010.jpg\",\"width\":720,\"height\":400},{\"@type\":\"BreadcrumbList\",\"@id\":\"https:\\\/\\\/www.zpiiel.com\\\/de\\\/shop-de\\\/zpiiel-booster-1010\\\/#breadcrumb\",\"itemListElement\":[{\"@type\":\"ListItem\",\"position\":1,\"name\":\"Hjem\",\"item\":\"https:\\\/\\\/www.zpiiel.com\\\/de\\\/vorderseite\\\/\"},{\"@type\":\"ListItem\",\"position\":2,\"name\":\"Alle Produkte\",\"item\":\"https:\\\/\\\/www.zpiiel.com\\\/de\\\/shop-2\\\/\"},{\"@type\":\"ListItem\",\"position\":3,\"name\":\"Booster 1010\"}]},{\"@type\":\"WebSite\",\"@id\":\"https:\\\/\\\/www.zpiiel.com\\\/de\\\/#website\",\"url\":\"https:\\\/\\\/www.zpiiel.com\\\/de\\\/\",\"name\":\"Zpiiel\",\"description\":\"Zpiiel leget\u00f8j og produkter\",\"publisher\":{\"@id\":\"https:\\\/\\\/www.zpiiel.com\\\/de\\\/#organization\"},\"potentialAction\":[{\"@type\":\"SearchAction\",\"target\":{\"@type\":\"EntryPoint\",\"urlTemplate\":\"https:\\\/\\\/www.zpiiel.com\\\/de\\\/?s={search_term_string}\"},\"query-input\":{\"@type\":\"PropertyValueSpecification\",\"valueRequired\":true,\"valueName\":\"search_term_string\"}}],\"inLanguage\":\"de\"},{\"@type\":\"Organization\",\"@id\":\"https:\\\/\\\/www.zpiiel.com\\\/de\\\/#organization\",\"name\":\"Zpiiel\",\"url\":\"https:\\\/\\\/www.zpiiel.com\\\/de\\\/\",\"logo\":{\"@type\":\"ImageObject\",\"inLanguage\":\"de\",\"@id\":\"https:\\\/\\\/www.zpiiel.com\\\/de\\\/#\\\/schema\\\/logo\\\/image\\\/\",\"url\":\"https:\\\/\\\/www.zpiiel.com\\\/wp-content\\\/uploads\\\/2021\\\/01\\\/cropped-cropped-logo-1.png\",\"contentUrl\":\"https:\\\/\\\/www.zpiiel.com\\\/wp-content\\\/uploads\\\/2021\\\/01\\\/cropped-cropped-logo-1.png\",\"width\":160,\"height\":76,\"caption\":\"Zpiiel\"},\"image\":{\"@id\":\"https:\\\/\\\/www.zpiiel.com\\\/de\\\/#\\\/schema\\\/logo\\\/image\\\/\"},\"sameAs\":[\"https:\\\/\\\/www.facebook.com\\\/zpiiel\",\"https:\\\/\\\/www.instagram.com\\\/Zpiiel\\\/\",\"https:\\\/\\\/www.youtube.com\\\/channel\\\/UCo3IjQAIBtS-WsOVFwYpY3Q\"]}]}<\/script>\n<!-- \/ Yoast SEO plugin. -->","yoast_head_json":{"title":"Booster 1010 - Zpiiel","robots":{"index":"index","follow":"follow","max-snippet":"max-snippet:-1","max-image-preview":"max-image-preview:large","max-video-preview":"max-video-preview:-1"},"canonical":"https:\/\/www.zpiiel.com\/de\/shop-de\/zpiiel-booster-1010\/","og_locale":"de_DE","og_type":"article","og_title":"Booster 1010 - Zpiiel","og_description":"Booster ist das ultimative Erlebnis f\u00fcr das kreative und ideenreiche Kind, hier ist es nur die Fantasie, der die Grenzen setzt. Mit einer Booster-Paket 1010 bekommst du die M\u00f6glichkeit dein ganz eigener Tunnel zusammen zu bauen. Fahr durch die Landschaft und durch die Tunnel mit h\u00f6chster Geschwindigkeit, ob es mit Auto, Zug oder was ganz anderes, bist du der das Bestimmt. Benutze der Booster Tunnel von Zpiiel als Landeplatz f\u00fcr dein Polizeihelikopter und an den Abhang der Tunnel abseilen um den Verbrechern zu fangen. Konstruktionsspielzeug von Zpiiel ist entworfen, um die kognitiven F\u00e4higkeiten der Kinder zu entwickeln, und sichert sowohl Spa\u00df als lehrreiches Spielen. Entwickle die F\u00e4higkeiten deines Kindes innerhalb Science, Technology, Engineering, Arts und Mathematics. Dieser Typ von Spielzeug wird abgek\u00fcrzt STEAM benannt.","og_url":"https:\/\/www.zpiiel.com\/de\/shop-de\/zpiiel-booster-1010\/","og_site_name":"Zpiiel","article_publisher":"https:\/\/www.facebook.com\/zpiiel","article_modified_time":"2022-09-08T12:05:58+00:00","og_image":[{"width":1658,"height":1336,"url":"https:\/\/www.zpiiel.com\/wp-content\/uploads\/2015\/06\/10103.jpg","type":"image\/jpeg"}],"twitter_card":"summary_large_image","schema":{"@context":"https:\/\/schema.org","@graph":[{"@type":"WebPage","@id":"https:\/\/www.zpiiel.com\/de\/shop-de\/zpiiel-booster-1010\/","url":"https:\/\/www.zpiiel.com\/de\/shop-de\/zpiiel-booster-1010\/","name":"Booster 1010 - Zpiiel","isPartOf":{"@id":"https:\/\/www.zpiiel.com\/de\/#website"},"primaryImageOfPage":{"@id":"https:\/\/www.zpiiel.com\/de\/shop-de\/zpiiel-booster-1010\/#primaryimage"},"image":{"@id":"https:\/\/www.zpiiel.com\/de\/shop-de\/zpiiel-booster-1010\/#primaryimage"},"thumbnailUrl":"https:\/\/www.zpiiel.com\/wp-content\/uploads\/2017\/03\/Boosterprodukt_1010.jpg","datePublished":"2021-05-10T20:57:52+00:00","dateModified":"2022-09-08T12:05:58+00:00","breadcrumb":{"@id":"https:\/\/www.zpiiel.com\/de\/shop-de\/zpiiel-booster-1010\/#breadcrumb"},"inLanguage":"de","potentialAction":[{"@type":"ReadAction","target":["https:\/\/www.zpiiel.com\/de\/shop-de\/zpiiel-booster-1010\/"]}]},{"@type":"ImageObject","inLanguage":"de","@id":"https:\/\/www.zpiiel.com\/de\/shop-de\/zpiiel-booster-1010\/#primaryimage","url":"https:\/\/www.zpiiel.com\/wp-content\/uploads\/2017\/03\/Boosterprodukt_1010.jpg","contentUrl":"https:\/\/www.zpiiel.com\/wp-content\/uploads\/2017\/03\/Boosterprodukt_1010.jpg","width":720,"height":400},{"@type":"BreadcrumbList","@id":"https:\/\/www.zpiiel.com\/de\/shop-de\/zpiiel-booster-1010\/#breadcrumb","itemListElement":[{"@type":"ListItem","position":1,"name":"Hjem","item":"https:\/\/www.zpiiel.com\/de\/vorderseite\/"},{"@type":"ListItem","position":2,"name":"Alle Produkte","item":"https:\/\/www.zpiiel.com\/de\/shop-2\/"},{"@type":"ListItem","position":3,"name":"Booster 1010"}]},{"@type":"WebSite","@id":"https:\/\/www.zpiiel.com\/de\/#website","url":"https:\/\/www.zpiiel.com\/de\/","name":"Zpiiel","description":"Zpiiel leget\u00f8j og produkter","publisher":{"@id":"https:\/\/www.zpiiel.com\/de\/#organization"},"potentialAction":[{"@type":"SearchAction","target":{"@type":"EntryPoint","urlTemplate":"https:\/\/www.zpiiel.com\/de\/?s={search_term_string}"},"query-input":{"@type":"PropertyValueSpecification","valueRequired":true,"valueName":"search_term_string"}}],"inLanguage":"de"},{"@type":"Organization","@id":"https:\/\/www.zpiiel.com\/de\/#organization","name":"Zpiiel","url":"https:\/\/www.zpiiel.com\/de\/","logo":{"@type":"ImageObject","inLanguage":"de","@id":"https:\/\/www.zpiiel.com\/de\/#\/schema\/logo\/image\/","url":"https:\/\/www.zpiiel.com\/wp-content\/uploads\/2021\/01\/cropped-cropped-logo-1.png","contentUrl":"https:\/\/www.zpiiel.com\/wp-content\/uploads\/2021\/01\/cropped-cropped-logo-1.png","width":160,"height":76,"caption":"Zpiiel"},"image":{"@id":"https:\/\/www.zpiiel.com\/de\/#\/schema\/logo\/image\/"},"sameAs":["https:\/\/www.facebook.com\/zpiiel","https:\/\/www.instagram.com\/Zpiiel\/","https:\/\/www.youtube.com\/channel\/UCo3IjQAIBtS-WsOVFwYpY3Q"]}]}},"_links":{"self":[{"href":"https:\/\/www.zpiiel.com\/de\/wp-json\/wp\/v2\/product\/7616","targetHints":{"allow":["GET"]}}],"collection":[{"href":"https:\/\/www.zpiiel.com\/de\/wp-json\/wp\/v2\/product"}],"about":[{"href":"https:\/\/www.zpiiel.com\/de\/wp-json\/wp\/v2\/types\/product"}],"version-history":[{"count":1,"href":"https:\/\/www.zpiiel.com\/de\/wp-json\/wp\/v2\/product\/7616\/revisions"}],"predecessor-version":[{"id":12961,"href":"https:\/\/www.zpiiel.com\/de\/wp-json\/wp\/v2\/product\/7616\/revisions\/12961"}],"wp:featuredmedia":[{"embeddable":true,"href":"https:\/\/www.zpiiel.com\/de\/wp-json\/wp\/v2\/media\/2424"}],"wp:attachment":[{"href":"https:\/\/www.zpiiel.com\/de\/wp-json\/wp\/v2\/media?parent=7616"}],"wp:term":[{"taxonomy":"product_brand","embeddable":true,"href":"https:\/\/www.zpiiel.com\/de\/wp-json\/wp\/v2\/product_brand?post=7616"},{"taxonomy":"product_cat","embeddable":true,"href":"https:\/\/www.zpiiel.com\/de\/wp-json\/wp\/v2\/product_cat?post=7616"},{"taxonomy":"product_tag","embeddable":true,"href":"https:\/\/www.zpiiel.com\/de\/wp-json\/wp\/v2\/product_tag?post=7616"}],"curies":[{"name":"wp","href":"https:\/\/api.w.org\/{rel}","templated":true}]}}