{"id":7614,"date":"2015-06-24T12:56:32","date_gmt":"2021-05-10T20:50:02","guid":{"rendered":"https:\/\/www.zpiiel.com\/shop\/zpiiel-booster-1012\/"},"modified":"2022-09-08T13:23:47","modified_gmt":"2022-09-08T13:23:47","slug":"zpiiel-booster-1012","status":"publish","type":"product","link":"https:\/\/www.zpiiel.com\/de\/shop-de\/zpiiel-booster-1012\/","title":{"rendered":"Booster 1012"},"content":{"rendered":"<p><iframe title=\"Zpiiel\u00ae Booster animation\" width=\"500\" height=\"281\" src=\"https:\/\/www.youtube.com\/embed\/bBy6Bu0KlRc?feature=oembed\" frameborder=\"0\" allow=\"accelerometer; autoplay; clipboard-write; encrypted-media; gyroscope; picture-in-picture; web-share\" referrerpolicy=\"strict-origin-when-cross-origin\" allowfullscreen><\/iframe><\/p>\n","protected":false},"excerpt":{"rendered":"<p>Erlebe den Spa\u00df und das Lehrreichen Spielen mit Booster 1012 Berg &amp; Tunnel mit Br\u00fccke. Erforsche das wilde Berg und der dunkle Tunnel, \u00fcber die Br\u00fccke kriechen oder laufen, bei der tiefen Schlucht. Verstecke dich in den Grotten und H\u00f6hlen des Berges der wilden Tiere. Segle mit dem Boot and dem Abhang der Klippen und lasse Seer\u00e4ubern und Piraten das Land \u00fcbernehmen. Es ist nur die Fantasie, der die Grenzen setzt. Mit Zpiiel bekommst du ein Spielzeug, wo es M\u00f6glichkeiten f\u00fcr stundenweisen Spa\u00df gibt, setzt dein eigenes Szenario zusammen die du w\u00fcnscht.<\/p>\n<p>Wenn du Konstruktionsspielzeug bei Zpiiel kaufst, kannst du Spielzeug erwarten, wo es voller Fokus auf sowohl Spa\u00df und Lernen ist. Wir geben Kinder positiven Erlebnissen mit dem Konstruktionsspielzeug in einem fr\u00fchen Alter, und man sieht ganz deutlich die Entwicklung, bei den Kinder die f\u00fcr diesen Typ von Spielzeug bei verschiedenen Gebieten. Spielzeug von Zpiiel kann als STEAM-Spielzeug definiert werden, welches f\u00fcr Science, Technology, Engineering, Art &amp; Mathematics steht.<\/p>\n","protected":false},"featured_media":2433,"template":"","meta":{"inline_featured_image":false,"site-sidebar-layout":"default","site-content-layout":"default","ast-site-content-layout":"default","site-content-style":"default","site-sidebar-style":"default","ast-global-header-display":"","ast-banner-title-visibility":"","ast-main-header-display":"","ast-hfb-above-header-display":"","ast-hfb-below-header-display":"","ast-hfb-mobile-header-display":"","site-post-title":"","ast-breadcrumbs-content":"","ast-featured-img":"","footer-sml-layout":"","theme-transparent-header-meta":"default","adv-header-id-meta":"","stick-header-meta":"default","header-above-stick-meta":"","header-main-stick-meta":"","header-below-stick-meta":"","astra-migrate-meta-layouts":"default","ast-page-background-enabled":"default","ast-page-background-meta":{"desktop":{"background-color":"","background-image":"","background-repeat":"repeat","background-position":"center center","background-size":"auto","background-attachment":"scroll","background-type":"","background-media":"","overlay-type":"","overlay-color":"","overlay-opacity":"","overlay-gradient":""},"tablet":{"background-color":"","background-image":"","background-repeat":"repeat","background-position":"center center","background-size":"auto","background-attachment":"scroll","background-type":"","background-media":"","overlay-type":"","overlay-color":"","overlay-opacity":"","overlay-gradient":""},"mobile":{"background-color":"","background-image":"","background-repeat":"repeat","background-position":"center center","background-size":"auto","background-attachment":"scroll","background-type":"","background-media":"","overlay-type":"","overlay-color":"","overlay-opacity":"","overlay-gradient":""}},"ast-content-background-meta":{"desktop":{"background-color":"var(--ast-global-color-5)","background-image":"","background-repeat":"repeat","background-position":"center center","background-size":"auto","background-attachment":"scroll","background-type":"","background-media":"","overlay-type":"","overlay-color":"","overlay-opacity":"","overlay-gradient":""},"tablet":{"background-color":"var(--ast-global-color-5)","background-image":"","background-repeat":"repeat","background-position":"center center","background-size":"auto","background-attachment":"scroll","background-type":"","background-media":"","overlay-type":"","overlay-color":"","overlay-opacity":"","overlay-gradient":""},"mobile":{"background-color":"var(--ast-global-color-5)","background-image":"","background-repeat":"repeat","background-position":"center center","background-size":"auto","background-attachment":"scroll","background-type":"","background-media":"","overlay-type":"","overlay-color":"","overlay-opacity":"","overlay-gradient":""}}},"product_brand":[],"product_cat":[142],"product_tag":[],"class_list":{"0":"post-7614","1":"product","2":"type-product","3":"status-publish","4":"has-post-thumbnail","6":"product_cat-booster-de","7":"desktop-align-left","8":"tablet-align-left","9":"mobile-align-left","11":"first","12":"instock","13":"taxable","14":"shipping-taxable","15":"purchasable","16":"product-type-simple"},"yoast_head":"<!-- This site is optimized with the Yoast SEO plugin v27.4 - https:\/\/yoast.com\/product\/yoast-seo-wordpress\/ -->\n<title>Booster 1012 - Zpiiel<\/title>\n<meta name=\"robots\" content=\"index, follow, max-snippet:-1, max-image-preview:large, max-video-preview:-1\" \/>\n<link rel=\"canonical\" href=\"https:\/\/www.zpiiel.com\/de\/shop-de\/zpiiel-booster-1012\/\" \/>\n<meta property=\"og:locale\" content=\"de_DE\" \/>\n<meta property=\"og:type\" content=\"article\" \/>\n<meta property=\"og:title\" content=\"Booster 1012 - Zpiiel\" \/>\n<meta property=\"og:description\" content=\"Erlebe den Spa\u00df und das Lehrreichen Spielen mit Booster 1012 Berg &amp; Tunnel mit Br\u00fccke. Erforsche das wilde Berg und der dunkle Tunnel, \u00fcber die Br\u00fccke kriechen oder laufen, bei der tiefen Schlucht. Verstecke dich in den Grotten und H\u00f6hlen des Berges der wilden Tiere. Segle mit dem Boot and dem Abhang der Klippen und lasse Seer\u00e4ubern und Piraten das Land \u00fcbernehmen. Es ist nur die Fantasie, der die Grenzen setzt. Mit Zpiiel bekommst du ein Spielzeug, wo es M\u00f6glichkeiten f\u00fcr stundenweisen Spa\u00df gibt, setzt dein eigenes Szenario zusammen die du w\u00fcnscht. Wenn du Konstruktionsspielzeug bei Zpiiel kaufst, kannst du Spielzeug erwarten, wo es voller Fokus auf sowohl Spa\u00df und Lernen ist. Wir geben Kinder positiven Erlebnissen mit dem Konstruktionsspielzeug in einem fr\u00fchen Alter, und man sieht ganz deutlich die Entwicklung, bei den Kinder die f\u00fcr diesen Typ von Spielzeug bei verschiedenen Gebieten. Spielzeug von Zpiiel kann als STEAM-Spielzeug definiert werden, welches f\u00fcr Science, Technology, Engineering, Art &amp; Mathematics steht.\" \/>\n<meta property=\"og:url\" content=\"https:\/\/www.zpiiel.com\/de\/shop-de\/zpiiel-booster-1012\/\" \/>\n<meta property=\"og:site_name\" content=\"Zpiiel\" \/>\n<meta property=\"article:publisher\" content=\"https:\/\/www.facebook.com\/zpiiel\" \/>\n<meta property=\"article:modified_time\" content=\"2022-09-08T13:23:47+00:00\" \/>\n<meta property=\"og:image\" content=\"https:\/\/www.zpiiel.com\/wp-content\/uploads\/2015\/06\/10123.jpg\" \/>\n\t<meta property=\"og:image:width\" content=\"1658\" \/>\n\t<meta property=\"og:image:height\" content=\"1336\" \/>\n\t<meta property=\"og:image:type\" content=\"image\/jpeg\" \/>\n<meta name=\"twitter:card\" content=\"summary_large_image\" \/>\n<script type=\"application\/ld+json\" class=\"yoast-schema-graph\">{\"@context\":\"https:\\\/\\\/schema.org\",\"@graph\":[{\"@type\":\"WebPage\",\"@id\":\"https:\\\/\\\/www.zpiiel.com\\\/de\\\/shop-de\\\/zpiiel-booster-1012\\\/\",\"url\":\"https:\\\/\\\/www.zpiiel.com\\\/de\\\/shop-de\\\/zpiiel-booster-1012\\\/\",\"name\":\"Booster 1012 - Zpiiel\",\"isPartOf\":{\"@id\":\"https:\\\/\\\/www.zpiiel.com\\\/de\\\/#website\"},\"primaryImageOfPage\":{\"@id\":\"https:\\\/\\\/www.zpiiel.com\\\/de\\\/shop-de\\\/zpiiel-booster-1012\\\/#primaryimage\"},\"image\":{\"@id\":\"https:\\\/\\\/www.zpiiel.com\\\/de\\\/shop-de\\\/zpiiel-booster-1012\\\/#primaryimage\"},\"thumbnailUrl\":\"https:\\\/\\\/www.zpiiel.com\\\/wp-content\\\/uploads\\\/2017\\\/03\\\/Boosterprodukt_1012.jpg\",\"datePublished\":\"2021-05-10T20:50:02+00:00\",\"dateModified\":\"2022-09-08T13:23:47+00:00\",\"breadcrumb\":{\"@id\":\"https:\\\/\\\/www.zpiiel.com\\\/de\\\/shop-de\\\/zpiiel-booster-1012\\\/#breadcrumb\"},\"inLanguage\":\"de\",\"potentialAction\":[{\"@type\":\"ReadAction\",\"target\":[\"https:\\\/\\\/www.zpiiel.com\\\/de\\\/shop-de\\\/zpiiel-booster-1012\\\/\"]}]},{\"@type\":\"ImageObject\",\"inLanguage\":\"de\",\"@id\":\"https:\\\/\\\/www.zpiiel.com\\\/de\\\/shop-de\\\/zpiiel-booster-1012\\\/#primaryimage\",\"url\":\"https:\\\/\\\/www.zpiiel.com\\\/wp-content\\\/uploads\\\/2017\\\/03\\\/Boosterprodukt_1012.jpg\",\"contentUrl\":\"https:\\\/\\\/www.zpiiel.com\\\/wp-content\\\/uploads\\\/2017\\\/03\\\/Boosterprodukt_1012.jpg\",\"width\":720,\"height\":400},{\"@type\":\"BreadcrumbList\",\"@id\":\"https:\\\/\\\/www.zpiiel.com\\\/de\\\/shop-de\\\/zpiiel-booster-1012\\\/#breadcrumb\",\"itemListElement\":[{\"@type\":\"ListItem\",\"position\":1,\"name\":\"Hjem\",\"item\":\"https:\\\/\\\/www.zpiiel.com\\\/de\\\/vorderseite\\\/\"},{\"@type\":\"ListItem\",\"position\":2,\"name\":\"Alle Produkte\",\"item\":\"https:\\\/\\\/www.zpiiel.com\\\/de\\\/shop-2\\\/\"},{\"@type\":\"ListItem\",\"position\":3,\"name\":\"Booster 1012\"}]},{\"@type\":\"WebSite\",\"@id\":\"https:\\\/\\\/www.zpiiel.com\\\/de\\\/#website\",\"url\":\"https:\\\/\\\/www.zpiiel.com\\\/de\\\/\",\"name\":\"Zpiiel\",\"description\":\"Zpiiel leget\u00f8j og produkter\",\"publisher\":{\"@id\":\"https:\\\/\\\/www.zpiiel.com\\\/de\\\/#organization\"},\"potentialAction\":[{\"@type\":\"SearchAction\",\"target\":{\"@type\":\"EntryPoint\",\"urlTemplate\":\"https:\\\/\\\/www.zpiiel.com\\\/de\\\/?s={search_term_string}\"},\"query-input\":{\"@type\":\"PropertyValueSpecification\",\"valueRequired\":true,\"valueName\":\"search_term_string\"}}],\"inLanguage\":\"de\"},{\"@type\":\"Organization\",\"@id\":\"https:\\\/\\\/www.zpiiel.com\\\/de\\\/#organization\",\"name\":\"Zpiiel\",\"url\":\"https:\\\/\\\/www.zpiiel.com\\\/de\\\/\",\"logo\":{\"@type\":\"ImageObject\",\"inLanguage\":\"de\",\"@id\":\"https:\\\/\\\/www.zpiiel.com\\\/de\\\/#\\\/schema\\\/logo\\\/image\\\/\",\"url\":\"https:\\\/\\\/www.zpiiel.com\\\/wp-content\\\/uploads\\\/2021\\\/01\\\/cropped-cropped-logo-1.png\",\"contentUrl\":\"https:\\\/\\\/www.zpiiel.com\\\/wp-content\\\/uploads\\\/2021\\\/01\\\/cropped-cropped-logo-1.png\",\"width\":160,\"height\":76,\"caption\":\"Zpiiel\"},\"image\":{\"@id\":\"https:\\\/\\\/www.zpiiel.com\\\/de\\\/#\\\/schema\\\/logo\\\/image\\\/\"},\"sameAs\":[\"https:\\\/\\\/www.facebook.com\\\/zpiiel\",\"https:\\\/\\\/www.instagram.com\\\/Zpiiel\\\/\",\"https:\\\/\\\/www.youtube.com\\\/channel\\\/UCo3IjQAIBtS-WsOVFwYpY3Q\"]}]}<\/script>\n<!-- \/ Yoast SEO plugin. -->","yoast_head_json":{"title":"Booster 1012 - Zpiiel","robots":{"index":"index","follow":"follow","max-snippet":"max-snippet:-1","max-image-preview":"max-image-preview:large","max-video-preview":"max-video-preview:-1"},"canonical":"https:\/\/www.zpiiel.com\/de\/shop-de\/zpiiel-booster-1012\/","og_locale":"de_DE","og_type":"article","og_title":"Booster 1012 - Zpiiel","og_description":"Erlebe den Spa\u00df und das Lehrreichen Spielen mit Booster 1012 Berg &amp; Tunnel mit Br\u00fccke. Erforsche das wilde Berg und der dunkle Tunnel, \u00fcber die Br\u00fccke kriechen oder laufen, bei der tiefen Schlucht. Verstecke dich in den Grotten und H\u00f6hlen des Berges der wilden Tiere. Segle mit dem Boot and dem Abhang der Klippen und lasse Seer\u00e4ubern und Piraten das Land \u00fcbernehmen. Es ist nur die Fantasie, der die Grenzen setzt. Mit Zpiiel bekommst du ein Spielzeug, wo es M\u00f6glichkeiten f\u00fcr stundenweisen Spa\u00df gibt, setzt dein eigenes Szenario zusammen die du w\u00fcnscht. Wenn du Konstruktionsspielzeug bei Zpiiel kaufst, kannst du Spielzeug erwarten, wo es voller Fokus auf sowohl Spa\u00df und Lernen ist. Wir geben Kinder positiven Erlebnissen mit dem Konstruktionsspielzeug in einem fr\u00fchen Alter, und man sieht ganz deutlich die Entwicklung, bei den Kinder die f\u00fcr diesen Typ von Spielzeug bei verschiedenen Gebieten. Spielzeug von Zpiiel kann als STEAM-Spielzeug definiert werden, welches f\u00fcr Science, Technology, Engineering, Art &amp; Mathematics steht.","og_url":"https:\/\/www.zpiiel.com\/de\/shop-de\/zpiiel-booster-1012\/","og_site_name":"Zpiiel","article_publisher":"https:\/\/www.facebook.com\/zpiiel","article_modified_time":"2022-09-08T13:23:47+00:00","og_image":[{"width":1658,"height":1336,"url":"https:\/\/www.zpiiel.com\/wp-content\/uploads\/2015\/06\/10123.jpg","type":"image\/jpeg"}],"twitter_card":"summary_large_image","schema":{"@context":"https:\/\/schema.org","@graph":[{"@type":"WebPage","@id":"https:\/\/www.zpiiel.com\/de\/shop-de\/zpiiel-booster-1012\/","url":"https:\/\/www.zpiiel.com\/de\/shop-de\/zpiiel-booster-1012\/","name":"Booster 1012 - Zpiiel","isPartOf":{"@id":"https:\/\/www.zpiiel.com\/de\/#website"},"primaryImageOfPage":{"@id":"https:\/\/www.zpiiel.com\/de\/shop-de\/zpiiel-booster-1012\/#primaryimage"},"image":{"@id":"https:\/\/www.zpiiel.com\/de\/shop-de\/zpiiel-booster-1012\/#primaryimage"},"thumbnailUrl":"https:\/\/www.zpiiel.com\/wp-content\/uploads\/2017\/03\/Boosterprodukt_1012.jpg","datePublished":"2021-05-10T20:50:02+00:00","dateModified":"2022-09-08T13:23:47+00:00","breadcrumb":{"@id":"https:\/\/www.zpiiel.com\/de\/shop-de\/zpiiel-booster-1012\/#breadcrumb"},"inLanguage":"de","potentialAction":[{"@type":"ReadAction","target":["https:\/\/www.zpiiel.com\/de\/shop-de\/zpiiel-booster-1012\/"]}]},{"@type":"ImageObject","inLanguage":"de","@id":"https:\/\/www.zpiiel.com\/de\/shop-de\/zpiiel-booster-1012\/#primaryimage","url":"https:\/\/www.zpiiel.com\/wp-content\/uploads\/2017\/03\/Boosterprodukt_1012.jpg","contentUrl":"https:\/\/www.zpiiel.com\/wp-content\/uploads\/2017\/03\/Boosterprodukt_1012.jpg","width":720,"height":400},{"@type":"BreadcrumbList","@id":"https:\/\/www.zpiiel.com\/de\/shop-de\/zpiiel-booster-1012\/#breadcrumb","itemListElement":[{"@type":"ListItem","position":1,"name":"Hjem","item":"https:\/\/www.zpiiel.com\/de\/vorderseite\/"},{"@type":"ListItem","position":2,"name":"Alle Produkte","item":"https:\/\/www.zpiiel.com\/de\/shop-2\/"},{"@type":"ListItem","position":3,"name":"Booster 1012"}]},{"@type":"WebSite","@id":"https:\/\/www.zpiiel.com\/de\/#website","url":"https:\/\/www.zpiiel.com\/de\/","name":"Zpiiel","description":"Zpiiel leget\u00f8j og produkter","publisher":{"@id":"https:\/\/www.zpiiel.com\/de\/#organization"},"potentialAction":[{"@type":"SearchAction","target":{"@type":"EntryPoint","urlTemplate":"https:\/\/www.zpiiel.com\/de\/?s={search_term_string}"},"query-input":{"@type":"PropertyValueSpecification","valueRequired":true,"valueName":"search_term_string"}}],"inLanguage":"de"},{"@type":"Organization","@id":"https:\/\/www.zpiiel.com\/de\/#organization","name":"Zpiiel","url":"https:\/\/www.zpiiel.com\/de\/","logo":{"@type":"ImageObject","inLanguage":"de","@id":"https:\/\/www.zpiiel.com\/de\/#\/schema\/logo\/image\/","url":"https:\/\/www.zpiiel.com\/wp-content\/uploads\/2021\/01\/cropped-cropped-logo-1.png","contentUrl":"https:\/\/www.zpiiel.com\/wp-content\/uploads\/2021\/01\/cropped-cropped-logo-1.png","width":160,"height":76,"caption":"Zpiiel"},"image":{"@id":"https:\/\/www.zpiiel.com\/de\/#\/schema\/logo\/image\/"},"sameAs":["https:\/\/www.facebook.com\/zpiiel","https:\/\/www.instagram.com\/Zpiiel\/","https:\/\/www.youtube.com\/channel\/UCo3IjQAIBtS-WsOVFwYpY3Q"]}]}},"_links":{"self":[{"href":"https:\/\/www.zpiiel.com\/de\/wp-json\/wp\/v2\/product\/7614","targetHints":{"allow":["GET"]}}],"collection":[{"href":"https:\/\/www.zpiiel.com\/de\/wp-json\/wp\/v2\/product"}],"about":[{"href":"https:\/\/www.zpiiel.com\/de\/wp-json\/wp\/v2\/types\/product"}],"version-history":[{"count":2,"href":"https:\/\/www.zpiiel.com\/de\/wp-json\/wp\/v2\/product\/7614\/revisions"}],"predecessor-version":[{"id":13021,"href":"https:\/\/www.zpiiel.com\/de\/wp-json\/wp\/v2\/product\/7614\/revisions\/13021"}],"wp:featuredmedia":[{"embeddable":true,"href":"https:\/\/www.zpiiel.com\/de\/wp-json\/wp\/v2\/media\/2433"}],"wp:attachment":[{"href":"https:\/\/www.zpiiel.com\/de\/wp-json\/wp\/v2\/media?parent=7614"}],"wp:term":[{"taxonomy":"product_brand","embeddable":true,"href":"https:\/\/www.zpiiel.com\/de\/wp-json\/wp\/v2\/product_brand?post=7614"},{"taxonomy":"product_cat","embeddable":true,"href":"https:\/\/www.zpiiel.com\/de\/wp-json\/wp\/v2\/product_cat?post=7614"},{"taxonomy":"product_tag","embeddable":true,"href":"https:\/\/www.zpiiel.com\/de\/wp-json\/wp\/v2\/product_tag?post=7614"}],"curies":[{"name":"wp","href":"https:\/\/api.w.org\/{rel}","templated":true}]}}