{"id":5417,"date":"2018-10-26T15:29:57","date_gmt":"2020-08-11T09:15:32","guid":{"rendered":"https:\/\/www.zpiiel.com\/shop\/der-strauss\/"},"modified":"2022-09-08T12:34:27","modified_gmt":"2022-09-08T12:34:27","slug":"the-ostrich","status":"publish","type":"product","link":"https:\/\/www.zpiiel.com\/de\/shop-de\/the-ostrich\/","title":{"rendered":"The Ostrich"},"content":{"rendered":"<p><iframe title=\"Zpiiel\u00ae ZooZ The Ostrich 5010\" width=\"500\" height=\"281\" src=\"https:\/\/www.youtube.com\/embed\/8t-75H-_-fc?feature=oembed\" frameborder=\"0\" allow=\"accelerometer; autoplay; clipboard-write; encrypted-media; gyroscope; picture-in-picture; web-share\" referrerpolicy=\"strict-origin-when-cross-origin\" allowfullscreen><\/iframe><\/p>\n","protected":false},"excerpt":{"rendered":"<p>Der Zpiiel ZooZ Ostrich ist der gr\u00f6\u00dfte Vogel der Welt, der nicht fliegen kann. Der Strau\u00df kann wirklich schnell laufen bis 70 km\/St., kannst du mitfolgen? Das Gehirn der Strau\u00df hat eine Gr\u00f6\u00dfe wie eine Walnuss, so er ist nicht einer der kl\u00fcgsten Tiere auf diesem Planeten. Eigentlich hat er eine komische Reaktion, wenn er sich bedroht f\u00fchlt, er steckt einfach seinen Kopf in die Erde, und wenn er die Gefahr nicht sehen kann, f\u00fchlt er sich sicher. Der Strau\u00df ist ein majest\u00e4tisches flottes Tier, mit einem einzigartigen Aussehen. Seine starken Beine k\u00f6nnen mehr als schnell laufen, die werden auch dazu benutzt, um zu treten. Der Strau\u00df hat ein starker Schnabel, auf den man aufpassen muss. Es ist besser freund mit dem Strau\u00df zu sein, statt ihm als Gegner zu haben! <\/p>\n","protected":false},"featured_media":3339,"template":"","meta":{"inline_featured_image":false,"site-sidebar-layout":"default","site-content-layout":"default","ast-site-content-layout":"default","site-content-style":"default","site-sidebar-style":"default","ast-global-header-display":"","ast-banner-title-visibility":"","ast-main-header-display":"","ast-hfb-above-header-display":"","ast-hfb-below-header-display":"","ast-hfb-mobile-header-display":"","site-post-title":"","ast-breadcrumbs-content":"","ast-featured-img":"","footer-sml-layout":"","theme-transparent-header-meta":"default","adv-header-id-meta":"","stick-header-meta":"default","header-above-stick-meta":"","header-main-stick-meta":"","header-below-stick-meta":"","astra-migrate-meta-layouts":"default","ast-page-background-enabled":"default","ast-page-background-meta":{"desktop":{"background-color":"","background-image":"","background-repeat":"repeat","background-position":"center center","background-size":"auto","background-attachment":"scroll","background-type":"","background-media":"","overlay-type":"","overlay-color":"","overlay-opacity":"","overlay-gradient":""},"tablet":{"background-color":"","background-image":"","background-repeat":"repeat","background-position":"center center","background-size":"auto","background-attachment":"scroll","background-type":"","background-media":"","overlay-type":"","overlay-color":"","overlay-opacity":"","overlay-gradient":""},"mobile":{"background-color":"","background-image":"","background-repeat":"repeat","background-position":"center center","background-size":"auto","background-attachment":"scroll","background-type":"","background-media":"","overlay-type":"","overlay-color":"","overlay-opacity":"","overlay-gradient":""}},"ast-content-background-meta":{"desktop":{"background-color":"var(--ast-global-color-5)","background-image":"","background-repeat":"repeat","background-position":"center center","background-size":"auto","background-attachment":"scroll","background-type":"","background-media":"","overlay-type":"","overlay-color":"","overlay-opacity":"","overlay-gradient":""},"tablet":{"background-color":"var(--ast-global-color-5)","background-image":"","background-repeat":"repeat","background-position":"center center","background-size":"auto","background-attachment":"scroll","background-type":"","background-media":"","overlay-type":"","overlay-color":"","overlay-opacity":"","overlay-gradient":""},"mobile":{"background-color":"var(--ast-global-color-5)","background-image":"","background-repeat":"repeat","background-position":"center center","background-size":"auto","background-attachment":"scroll","background-type":"","background-media":"","overlay-type":"","overlay-color":"","overlay-opacity":"","overlay-gradient":""}}},"product_brand":[],"product_cat":[140],"product_tag":[],"class_list":{"0":"post-5417","1":"product","2":"type-product","3":"status-publish","4":"has-post-thumbnail","6":"product_cat-zooz-de","7":"desktop-align-left","8":"tablet-align-left","9":"mobile-align-left","11":"first","12":"instock","13":"taxable","14":"shipping-taxable","15":"purchasable","16":"product-type-simple"},"yoast_head":"<!-- This site is optimized with the Yoast SEO plugin v27.5 - https:\/\/yoast.com\/product\/yoast-seo-wordpress\/ -->\n<title>The Ostrich - Zpiiel<\/title>\n<meta name=\"robots\" content=\"index, follow, max-snippet:-1, max-image-preview:large, max-video-preview:-1\" \/>\n<link rel=\"canonical\" href=\"https:\/\/www.zpiiel.com\/de\/shop-de\/the-ostrich\/\" \/>\n<meta property=\"og:locale\" content=\"de_DE\" \/>\n<meta property=\"og:type\" content=\"article\" \/>\n<meta property=\"og:title\" content=\"The Ostrich - Zpiiel\" \/>\n<meta property=\"og:description\" content=\"Der Zpiiel ZooZ Ostrich ist der gr\u00f6\u00dfte Vogel der Welt, der nicht fliegen kann. Der Strau\u00df kann wirklich schnell laufen bis 70 km\/St., kannst du mitfolgen? Das Gehirn der Strau\u00df hat eine Gr\u00f6\u00dfe wie eine Walnuss, so er ist nicht einer der kl\u00fcgsten Tiere auf diesem Planeten. Eigentlich hat er eine komische Reaktion, wenn er sich bedroht f\u00fchlt, er steckt einfach seinen Kopf in die Erde, und wenn er die Gefahr nicht sehen kann, f\u00fchlt er sich sicher. Der Strau\u00df ist ein majest\u00e4tisches flottes Tier, mit einem einzigartigen Aussehen. Seine starken Beine k\u00f6nnen mehr als schnell laufen, die werden auch dazu benutzt, um zu treten. Der Strau\u00df hat ein starker Schnabel, auf den man aufpassen muss. Es ist besser freund mit dem Strau\u00df zu sein, statt ihm als Gegner zu haben!\" \/>\n<meta property=\"og:url\" content=\"https:\/\/www.zpiiel.com\/de\/shop-de\/the-ostrich\/\" \/>\n<meta property=\"og:site_name\" content=\"Zpiiel\" \/>\n<meta property=\"article:publisher\" content=\"https:\/\/www.facebook.com\/zpiiel\" \/>\n<meta property=\"article:modified_time\" content=\"2022-09-08T12:34:27+00:00\" \/>\n<meta property=\"og:image\" content=\"https:\/\/www.zpiiel.com\/wp-content\/uploads\/2018\/10\/5010-The-Ostrich-Front-Mockup.jpg\" \/>\n\t<meta property=\"og:image:width\" content=\"1600\" \/>\n\t<meta property=\"og:image:height\" content=\"1200\" \/>\n\t<meta property=\"og:image:type\" content=\"image\/jpeg\" \/>\n<meta name=\"twitter:card\" content=\"summary_large_image\" \/>\n<script type=\"application\/ld+json\" class=\"yoast-schema-graph\">{\"@context\":\"https:\\\/\\\/schema.org\",\"@graph\":[{\"@type\":\"WebPage\",\"@id\":\"https:\\\/\\\/www.zpiiel.com\\\/de\\\/shop-de\\\/the-ostrich\\\/\",\"url\":\"https:\\\/\\\/www.zpiiel.com\\\/de\\\/shop-de\\\/the-ostrich\\\/\",\"name\":\"The Ostrich - Zpiiel\",\"isPartOf\":{\"@id\":\"https:\\\/\\\/www.zpiiel.com\\\/de\\\/#website\"},\"primaryImageOfPage\":{\"@id\":\"https:\\\/\\\/www.zpiiel.com\\\/de\\\/shop-de\\\/the-ostrich\\\/#primaryimage\"},\"image\":{\"@id\":\"https:\\\/\\\/www.zpiiel.com\\\/de\\\/shop-de\\\/the-ostrich\\\/#primaryimage\"},\"thumbnailUrl\":\"https:\\\/\\\/www.zpiiel.com\\\/wp-content\\\/uploads\\\/2018\\\/10\\\/5010-The-Ostrich-Front-Mockup.jpg\",\"datePublished\":\"2020-08-11T09:15:32+00:00\",\"dateModified\":\"2022-09-08T12:34:27+00:00\",\"breadcrumb\":{\"@id\":\"https:\\\/\\\/www.zpiiel.com\\\/de\\\/shop-de\\\/the-ostrich\\\/#breadcrumb\"},\"inLanguage\":\"de\",\"potentialAction\":[{\"@type\":\"ReadAction\",\"target\":[\"https:\\\/\\\/www.zpiiel.com\\\/de\\\/shop-de\\\/the-ostrich\\\/\"]}]},{\"@type\":\"ImageObject\",\"inLanguage\":\"de\",\"@id\":\"https:\\\/\\\/www.zpiiel.com\\\/de\\\/shop-de\\\/the-ostrich\\\/#primaryimage\",\"url\":\"https:\\\/\\\/www.zpiiel.com\\\/wp-content\\\/uploads\\\/2018\\\/10\\\/5010-The-Ostrich-Front-Mockup.jpg\",\"contentUrl\":\"https:\\\/\\\/www.zpiiel.com\\\/wp-content\\\/uploads\\\/2018\\\/10\\\/5010-The-Ostrich-Front-Mockup.jpg\",\"width\":1600,\"height\":1200},{\"@type\":\"BreadcrumbList\",\"@id\":\"https:\\\/\\\/www.zpiiel.com\\\/de\\\/shop-de\\\/the-ostrich\\\/#breadcrumb\",\"itemListElement\":[{\"@type\":\"ListItem\",\"position\":1,\"name\":\"Hjem\",\"item\":\"https:\\\/\\\/www.zpiiel.com\\\/de\\\/vorderseite\\\/\"},{\"@type\":\"ListItem\",\"position\":2,\"name\":\"Alle Produkte\",\"item\":\"https:\\\/\\\/www.zpiiel.com\\\/de\\\/shop-2\\\/\"},{\"@type\":\"ListItem\",\"position\":3,\"name\":\"The Ostrich\"}]},{\"@type\":\"WebSite\",\"@id\":\"https:\\\/\\\/www.zpiiel.com\\\/de\\\/#website\",\"url\":\"https:\\\/\\\/www.zpiiel.com\\\/de\\\/\",\"name\":\"Zpiiel\",\"description\":\"Zpiiel leget\u00f8j og produkter\",\"publisher\":{\"@id\":\"https:\\\/\\\/www.zpiiel.com\\\/de\\\/#organization\"},\"potentialAction\":[{\"@type\":\"SearchAction\",\"target\":{\"@type\":\"EntryPoint\",\"urlTemplate\":\"https:\\\/\\\/www.zpiiel.com\\\/de\\\/?s={search_term_string}\"},\"query-input\":{\"@type\":\"PropertyValueSpecification\",\"valueRequired\":true,\"valueName\":\"search_term_string\"}}],\"inLanguage\":\"de\"},{\"@type\":\"Organization\",\"@id\":\"https:\\\/\\\/www.zpiiel.com\\\/de\\\/#organization\",\"name\":\"Zpiiel\",\"url\":\"https:\\\/\\\/www.zpiiel.com\\\/de\\\/\",\"logo\":{\"@type\":\"ImageObject\",\"inLanguage\":\"de\",\"@id\":\"https:\\\/\\\/www.zpiiel.com\\\/de\\\/#\\\/schema\\\/logo\\\/image\\\/\",\"url\":\"https:\\\/\\\/www.zpiiel.com\\\/wp-content\\\/uploads\\\/2021\\\/01\\\/cropped-cropped-logo-1.png\",\"contentUrl\":\"https:\\\/\\\/www.zpiiel.com\\\/wp-content\\\/uploads\\\/2021\\\/01\\\/cropped-cropped-logo-1.png\",\"width\":160,\"height\":76,\"caption\":\"Zpiiel\"},\"image\":{\"@id\":\"https:\\\/\\\/www.zpiiel.com\\\/de\\\/#\\\/schema\\\/logo\\\/image\\\/\"},\"sameAs\":[\"https:\\\/\\\/www.facebook.com\\\/zpiiel\",\"https:\\\/\\\/www.instagram.com\\\/Zpiiel\\\/\",\"https:\\\/\\\/www.youtube.com\\\/channel\\\/UCo3IjQAIBtS-WsOVFwYpY3Q\"]}]}<\/script>\n<!-- \/ Yoast SEO plugin. -->","yoast_head_json":{"title":"The Ostrich - Zpiiel","robots":{"index":"index","follow":"follow","max-snippet":"max-snippet:-1","max-image-preview":"max-image-preview:large","max-video-preview":"max-video-preview:-1"},"canonical":"https:\/\/www.zpiiel.com\/de\/shop-de\/the-ostrich\/","og_locale":"de_DE","og_type":"article","og_title":"The Ostrich - Zpiiel","og_description":"Der Zpiiel ZooZ Ostrich ist der gr\u00f6\u00dfte Vogel der Welt, der nicht fliegen kann. Der Strau\u00df kann wirklich schnell laufen bis 70 km\/St., kannst du mitfolgen? Das Gehirn der Strau\u00df hat eine Gr\u00f6\u00dfe wie eine Walnuss, so er ist nicht einer der kl\u00fcgsten Tiere auf diesem Planeten. Eigentlich hat er eine komische Reaktion, wenn er sich bedroht f\u00fchlt, er steckt einfach seinen Kopf in die Erde, und wenn er die Gefahr nicht sehen kann, f\u00fchlt er sich sicher. Der Strau\u00df ist ein majest\u00e4tisches flottes Tier, mit einem einzigartigen Aussehen. Seine starken Beine k\u00f6nnen mehr als schnell laufen, die werden auch dazu benutzt, um zu treten. Der Strau\u00df hat ein starker Schnabel, auf den man aufpassen muss. Es ist besser freund mit dem Strau\u00df zu sein, statt ihm als Gegner zu haben!","og_url":"https:\/\/www.zpiiel.com\/de\/shop-de\/the-ostrich\/","og_site_name":"Zpiiel","article_publisher":"https:\/\/www.facebook.com\/zpiiel","article_modified_time":"2022-09-08T12:34:27+00:00","og_image":[{"width":1600,"height":1200,"url":"https:\/\/www.zpiiel.com\/wp-content\/uploads\/2018\/10\/5010-The-Ostrich-Front-Mockup.jpg","type":"image\/jpeg"}],"twitter_card":"summary_large_image","schema":{"@context":"https:\/\/schema.org","@graph":[{"@type":"WebPage","@id":"https:\/\/www.zpiiel.com\/de\/shop-de\/the-ostrich\/","url":"https:\/\/www.zpiiel.com\/de\/shop-de\/the-ostrich\/","name":"The Ostrich - Zpiiel","isPartOf":{"@id":"https:\/\/www.zpiiel.com\/de\/#website"},"primaryImageOfPage":{"@id":"https:\/\/www.zpiiel.com\/de\/shop-de\/the-ostrich\/#primaryimage"},"image":{"@id":"https:\/\/www.zpiiel.com\/de\/shop-de\/the-ostrich\/#primaryimage"},"thumbnailUrl":"https:\/\/www.zpiiel.com\/wp-content\/uploads\/2018\/10\/5010-The-Ostrich-Front-Mockup.jpg","datePublished":"2020-08-11T09:15:32+00:00","dateModified":"2022-09-08T12:34:27+00:00","breadcrumb":{"@id":"https:\/\/www.zpiiel.com\/de\/shop-de\/the-ostrich\/#breadcrumb"},"inLanguage":"de","potentialAction":[{"@type":"ReadAction","target":["https:\/\/www.zpiiel.com\/de\/shop-de\/the-ostrich\/"]}]},{"@type":"ImageObject","inLanguage":"de","@id":"https:\/\/www.zpiiel.com\/de\/shop-de\/the-ostrich\/#primaryimage","url":"https:\/\/www.zpiiel.com\/wp-content\/uploads\/2018\/10\/5010-The-Ostrich-Front-Mockup.jpg","contentUrl":"https:\/\/www.zpiiel.com\/wp-content\/uploads\/2018\/10\/5010-The-Ostrich-Front-Mockup.jpg","width":1600,"height":1200},{"@type":"BreadcrumbList","@id":"https:\/\/www.zpiiel.com\/de\/shop-de\/the-ostrich\/#breadcrumb","itemListElement":[{"@type":"ListItem","position":1,"name":"Hjem","item":"https:\/\/www.zpiiel.com\/de\/vorderseite\/"},{"@type":"ListItem","position":2,"name":"Alle Produkte","item":"https:\/\/www.zpiiel.com\/de\/shop-2\/"},{"@type":"ListItem","position":3,"name":"The Ostrich"}]},{"@type":"WebSite","@id":"https:\/\/www.zpiiel.com\/de\/#website","url":"https:\/\/www.zpiiel.com\/de\/","name":"Zpiiel","description":"Zpiiel leget\u00f8j og produkter","publisher":{"@id":"https:\/\/www.zpiiel.com\/de\/#organization"},"potentialAction":[{"@type":"SearchAction","target":{"@type":"EntryPoint","urlTemplate":"https:\/\/www.zpiiel.com\/de\/?s={search_term_string}"},"query-input":{"@type":"PropertyValueSpecification","valueRequired":true,"valueName":"search_term_string"}}],"inLanguage":"de"},{"@type":"Organization","@id":"https:\/\/www.zpiiel.com\/de\/#organization","name":"Zpiiel","url":"https:\/\/www.zpiiel.com\/de\/","logo":{"@type":"ImageObject","inLanguage":"de","@id":"https:\/\/www.zpiiel.com\/de\/#\/schema\/logo\/image\/","url":"https:\/\/www.zpiiel.com\/wp-content\/uploads\/2021\/01\/cropped-cropped-logo-1.png","contentUrl":"https:\/\/www.zpiiel.com\/wp-content\/uploads\/2021\/01\/cropped-cropped-logo-1.png","width":160,"height":76,"caption":"Zpiiel"},"image":{"@id":"https:\/\/www.zpiiel.com\/de\/#\/schema\/logo\/image\/"},"sameAs":["https:\/\/www.facebook.com\/zpiiel","https:\/\/www.instagram.com\/Zpiiel\/","https:\/\/www.youtube.com\/channel\/UCo3IjQAIBtS-WsOVFwYpY3Q"]}]}},"_links":{"self":[{"href":"https:\/\/www.zpiiel.com\/de\/wp-json\/wp\/v2\/product\/5417","targetHints":{"allow":["GET"]}}],"collection":[{"href":"https:\/\/www.zpiiel.com\/de\/wp-json\/wp\/v2\/product"}],"about":[{"href":"https:\/\/www.zpiiel.com\/de\/wp-json\/wp\/v2\/types\/product"}],"version-history":[{"count":2,"href":"https:\/\/www.zpiiel.com\/de\/wp-json\/wp\/v2\/product\/5417\/revisions"}],"predecessor-version":[{"id":12986,"href":"https:\/\/www.zpiiel.com\/de\/wp-json\/wp\/v2\/product\/5417\/revisions\/12986"}],"wp:featuredmedia":[{"embeddable":true,"href":"https:\/\/www.zpiiel.com\/de\/wp-json\/wp\/v2\/media\/3339"}],"wp:attachment":[{"href":"https:\/\/www.zpiiel.com\/de\/wp-json\/wp\/v2\/media?parent=5417"}],"wp:term":[{"taxonomy":"product_brand","embeddable":true,"href":"https:\/\/www.zpiiel.com\/de\/wp-json\/wp\/v2\/product_brand?post=5417"},{"taxonomy":"product_cat","embeddable":true,"href":"https:\/\/www.zpiiel.com\/de\/wp-json\/wp\/v2\/product_cat?post=5417"},{"taxonomy":"product_tag","embeddable":true,"href":"https:\/\/www.zpiiel.com\/de\/wp-json\/wp\/v2\/product_tag?post=5417"}],"curies":[{"name":"wp","href":"https:\/\/api.w.org\/{rel}","templated":true}]}}