{"id":5412,"date":"2018-10-26T15:43:53","date_gmt":"2020-08-11T09:07:56","guid":{"rendered":"https:\/\/www.zpiiel.com\/shop\/die-giraffe\/"},"modified":"2022-09-08T12:57:42","modified_gmt":"2022-09-08T12:57:42","slug":"the-giraffe","status":"publish","type":"product","link":"https:\/\/www.zpiiel.com\/de\/shop-de\/the-giraffe\/","title":{"rendered":"The Giraffe"},"content":{"rendered":"<p><iframe title=\"Zpiiel\u00ae ZooZ The Giraffe 5014\" width=\"500\" height=\"281\" src=\"https:\/\/www.youtube.com\/embed\/1SlISHAFCsY?feature=oembed\" frameborder=\"0\" allow=\"accelerometer; autoplay; clipboard-write; encrypted-media; gyroscope; picture-in-picture; web-share\" referrerpolicy=\"strict-origin-when-cross-origin\" allowfullscreen><\/iframe><\/p>\n","protected":false},"excerpt":{"rendered":"<p>Die Giraffe ist das h\u00f6chste Landtier der Welt, danke seinen langen Hals. Mit seiner hohen Gr\u00f6\u00dfe kann er Bl\u00e4tter erreichen, zu dem den anderen Tiers nicht kommen k\u00f6nnen. Eine Giraffe braucht nur 2 Stunden schlaf in der Nacht, f\u00fcr was w\u00fcrdest du al dieser extra Zeit benutzen, wenn du nur 2 Stunden schlafen solltest? Der Giraffe lebt in der Afrikanischen Savanne, aber kannst du ihn mit nach Hause mit ZooZ the Giraffe bekommen! N\u00e5r du k\u00f8ber ZooZ The Giraffe f\u00e5r du byggeklodserne til selv at bygge giraffen, det er b\u00e5de godt for finmotorikken i fingrene og den kognitive indl\u00e6ringsevne. Der f\u00f8lger en vejledning med, s\u00e5 du kan se hvordan den s\u00e6ttes sammen. N\u00e5r giraffen f\u00f8rst af sat sammen kan den bruges til timevis af sjov med aktiv leg, og som en flot dekoration p\u00e5 b\u00f8rnev\u00e6relset.   <\/p>\n","protected":false},"featured_media":9825,"template":"","meta":{"inline_featured_image":false,"site-sidebar-layout":"default","site-content-layout":"default","ast-site-content-layout":"default","site-content-style":"default","site-sidebar-style":"default","ast-global-header-display":"","ast-banner-title-visibility":"","ast-main-header-display":"","ast-hfb-above-header-display":"","ast-hfb-below-header-display":"","ast-hfb-mobile-header-display":"","site-post-title":"","ast-breadcrumbs-content":"","ast-featured-img":"","footer-sml-layout":"","theme-transparent-header-meta":"default","adv-header-id-meta":"","stick-header-meta":"default","header-above-stick-meta":"","header-main-stick-meta":"","header-below-stick-meta":"","astra-migrate-meta-layouts":"default","ast-page-background-enabled":"default","ast-page-background-meta":{"desktop":{"background-color":"","background-image":"","background-repeat":"repeat","background-position":"center center","background-size":"auto","background-attachment":"scroll","background-type":"","background-media":"","overlay-type":"","overlay-color":"","overlay-opacity":"","overlay-gradient":""},"tablet":{"background-color":"","background-image":"","background-repeat":"repeat","background-position":"center center","background-size":"auto","background-attachment":"scroll","background-type":"","background-media":"","overlay-type":"","overlay-color":"","overlay-opacity":"","overlay-gradient":""},"mobile":{"background-color":"","background-image":"","background-repeat":"repeat","background-position":"center center","background-size":"auto","background-attachment":"scroll","background-type":"","background-media":"","overlay-type":"","overlay-color":"","overlay-opacity":"","overlay-gradient":""}},"ast-content-background-meta":{"desktop":{"background-color":"var(--ast-global-color-5)","background-image":"","background-repeat":"repeat","background-position":"center center","background-size":"auto","background-attachment":"scroll","background-type":"","background-media":"","overlay-type":"","overlay-color":"","overlay-opacity":"","overlay-gradient":""},"tablet":{"background-color":"var(--ast-global-color-5)","background-image":"","background-repeat":"repeat","background-position":"center center","background-size":"auto","background-attachment":"scroll","background-type":"","background-media":"","overlay-type":"","overlay-color":"","overlay-opacity":"","overlay-gradient":""},"mobile":{"background-color":"var(--ast-global-color-5)","background-image":"","background-repeat":"repeat","background-position":"center center","background-size":"auto","background-attachment":"scroll","background-type":"","background-media":"","overlay-type":"","overlay-color":"","overlay-opacity":"","overlay-gradient":""}}},"product_brand":[],"product_cat":[140],"product_tag":[],"class_list":{"0":"post-5412","1":"product","2":"type-product","3":"status-publish","4":"has-post-thumbnail","6":"product_cat-zooz-de","7":"desktop-align-left","8":"tablet-align-left","9":"mobile-align-left","11":"first","12":"instock","13":"taxable","14":"shipping-taxable","15":"purchasable","16":"product-type-simple"},"yoast_head":"<!-- This site is optimized with the Yoast SEO plugin v27.5 - https:\/\/yoast.com\/product\/yoast-seo-wordpress\/ -->\n<title>The Giraffe - Zpiiel<\/title>\n<meta name=\"robots\" content=\"index, follow, max-snippet:-1, max-image-preview:large, max-video-preview:-1\" \/>\n<link rel=\"canonical\" href=\"https:\/\/www.zpiiel.com\/de\/shop-de\/the-giraffe\/\" \/>\n<meta property=\"og:locale\" content=\"de_DE\" \/>\n<meta property=\"og:type\" content=\"article\" \/>\n<meta property=\"og:title\" content=\"The Giraffe - Zpiiel\" \/>\n<meta property=\"og:description\" content=\"Die Giraffe ist das h\u00f6chste Landtier der Welt, danke seinen langen Hals. Mit seiner hohen Gr\u00f6\u00dfe kann er Bl\u00e4tter erreichen, zu dem den anderen Tiers nicht kommen k\u00f6nnen. Eine Giraffe braucht nur 2 Stunden schlaf in der Nacht, f\u00fcr was w\u00fcrdest du al dieser extra Zeit benutzen, wenn du nur 2 Stunden schlafen solltest? Der Giraffe lebt in der Afrikanischen Savanne, aber kannst du ihn mit nach Hause mit ZooZ the Giraffe bekommen! N\u00e5r du k\u00f8ber ZooZ The Giraffe f\u00e5r du byggeklodserne til selv at bygge giraffen, det er b\u00e5de godt for finmotorikken i fingrene og den kognitive indl\u00e6ringsevne. Der f\u00f8lger en vejledning med, s\u00e5 du kan se hvordan den s\u00e6ttes sammen. N\u00e5r giraffen f\u00f8rst af sat sammen kan den bruges til timevis af sjov med aktiv leg, og som en flot dekoration p\u00e5 b\u00f8rnev\u00e6relset.\" \/>\n<meta property=\"og:url\" content=\"https:\/\/www.zpiiel.com\/de\/shop-de\/the-giraffe\/\" \/>\n<meta property=\"og:site_name\" content=\"Zpiiel\" \/>\n<meta property=\"article:publisher\" content=\"https:\/\/www.facebook.com\/zpiiel\" \/>\n<meta property=\"article:modified_time\" content=\"2022-09-08T12:57:42+00:00\" \/>\n<meta property=\"og:image\" content=\"https:\/\/www.zpiiel.com\/wp-content\/uploads\/2018\/10\/5014-The-Giraffe-Front-Mockup-1.jpg\" \/>\n\t<meta property=\"og:image:width\" content=\"1600\" \/>\n\t<meta property=\"og:image:height\" content=\"1200\" \/>\n\t<meta property=\"og:image:type\" content=\"image\/jpeg\" \/>\n<meta name=\"twitter:card\" content=\"summary_large_image\" \/>\n<script type=\"application\/ld+json\" class=\"yoast-schema-graph\">{\"@context\":\"https:\\\/\\\/schema.org\",\"@graph\":[{\"@type\":\"WebPage\",\"@id\":\"https:\\\/\\\/www.zpiiel.com\\\/de\\\/shop-de\\\/the-giraffe\\\/\",\"url\":\"https:\\\/\\\/www.zpiiel.com\\\/de\\\/shop-de\\\/the-giraffe\\\/\",\"name\":\"The Giraffe - Zpiiel\",\"isPartOf\":{\"@id\":\"https:\\\/\\\/www.zpiiel.com\\\/de\\\/#website\"},\"primaryImageOfPage\":{\"@id\":\"https:\\\/\\\/www.zpiiel.com\\\/de\\\/shop-de\\\/the-giraffe\\\/#primaryimage\"},\"image\":{\"@id\":\"https:\\\/\\\/www.zpiiel.com\\\/de\\\/shop-de\\\/the-giraffe\\\/#primaryimage\"},\"thumbnailUrl\":\"https:\\\/\\\/www.zpiiel.com\\\/wp-content\\\/uploads\\\/2018\\\/10\\\/5014-The-Giraffe-Front-Mockup-1.jpg\",\"datePublished\":\"2020-08-11T09:07:56+00:00\",\"dateModified\":\"2022-09-08T12:57:42+00:00\",\"breadcrumb\":{\"@id\":\"https:\\\/\\\/www.zpiiel.com\\\/de\\\/shop-de\\\/the-giraffe\\\/#breadcrumb\"},\"inLanguage\":\"de\",\"potentialAction\":[{\"@type\":\"ReadAction\",\"target\":[\"https:\\\/\\\/www.zpiiel.com\\\/de\\\/shop-de\\\/the-giraffe\\\/\"]}]},{\"@type\":\"ImageObject\",\"inLanguage\":\"de\",\"@id\":\"https:\\\/\\\/www.zpiiel.com\\\/de\\\/shop-de\\\/the-giraffe\\\/#primaryimage\",\"url\":\"https:\\\/\\\/www.zpiiel.com\\\/wp-content\\\/uploads\\\/2018\\\/10\\\/5014-The-Giraffe-Front-Mockup-1.jpg\",\"contentUrl\":\"https:\\\/\\\/www.zpiiel.com\\\/wp-content\\\/uploads\\\/2018\\\/10\\\/5014-The-Giraffe-Front-Mockup-1.jpg\",\"width\":1600,\"height\":1200},{\"@type\":\"BreadcrumbList\",\"@id\":\"https:\\\/\\\/www.zpiiel.com\\\/de\\\/shop-de\\\/the-giraffe\\\/#breadcrumb\",\"itemListElement\":[{\"@type\":\"ListItem\",\"position\":1,\"name\":\"Hjem\",\"item\":\"https:\\\/\\\/www.zpiiel.com\\\/de\\\/vorderseite\\\/\"},{\"@type\":\"ListItem\",\"position\":2,\"name\":\"Alle Produkte\",\"item\":\"https:\\\/\\\/www.zpiiel.com\\\/de\\\/shop-2\\\/\"},{\"@type\":\"ListItem\",\"position\":3,\"name\":\"The Giraffe\"}]},{\"@type\":\"WebSite\",\"@id\":\"https:\\\/\\\/www.zpiiel.com\\\/de\\\/#website\",\"url\":\"https:\\\/\\\/www.zpiiel.com\\\/de\\\/\",\"name\":\"Zpiiel\",\"description\":\"Zpiiel leget\u00f8j og produkter\",\"publisher\":{\"@id\":\"https:\\\/\\\/www.zpiiel.com\\\/de\\\/#organization\"},\"potentialAction\":[{\"@type\":\"SearchAction\",\"target\":{\"@type\":\"EntryPoint\",\"urlTemplate\":\"https:\\\/\\\/www.zpiiel.com\\\/de\\\/?s={search_term_string}\"},\"query-input\":{\"@type\":\"PropertyValueSpecification\",\"valueRequired\":true,\"valueName\":\"search_term_string\"}}],\"inLanguage\":\"de\"},{\"@type\":\"Organization\",\"@id\":\"https:\\\/\\\/www.zpiiel.com\\\/de\\\/#organization\",\"name\":\"Zpiiel\",\"url\":\"https:\\\/\\\/www.zpiiel.com\\\/de\\\/\",\"logo\":{\"@type\":\"ImageObject\",\"inLanguage\":\"de\",\"@id\":\"https:\\\/\\\/www.zpiiel.com\\\/de\\\/#\\\/schema\\\/logo\\\/image\\\/\",\"url\":\"https:\\\/\\\/www.zpiiel.com\\\/wp-content\\\/uploads\\\/2021\\\/01\\\/cropped-cropped-logo-1.png\",\"contentUrl\":\"https:\\\/\\\/www.zpiiel.com\\\/wp-content\\\/uploads\\\/2021\\\/01\\\/cropped-cropped-logo-1.png\",\"width\":160,\"height\":76,\"caption\":\"Zpiiel\"},\"image\":{\"@id\":\"https:\\\/\\\/www.zpiiel.com\\\/de\\\/#\\\/schema\\\/logo\\\/image\\\/\"},\"sameAs\":[\"https:\\\/\\\/www.facebook.com\\\/zpiiel\",\"https:\\\/\\\/www.instagram.com\\\/Zpiiel\\\/\",\"https:\\\/\\\/www.youtube.com\\\/channel\\\/UCo3IjQAIBtS-WsOVFwYpY3Q\"]}]}<\/script>\n<!-- \/ Yoast SEO plugin. -->","yoast_head_json":{"title":"The Giraffe - Zpiiel","robots":{"index":"index","follow":"follow","max-snippet":"max-snippet:-1","max-image-preview":"max-image-preview:large","max-video-preview":"max-video-preview:-1"},"canonical":"https:\/\/www.zpiiel.com\/de\/shop-de\/the-giraffe\/","og_locale":"de_DE","og_type":"article","og_title":"The Giraffe - Zpiiel","og_description":"Die Giraffe ist das h\u00f6chste Landtier der Welt, danke seinen langen Hals. Mit seiner hohen Gr\u00f6\u00dfe kann er Bl\u00e4tter erreichen, zu dem den anderen Tiers nicht kommen k\u00f6nnen. Eine Giraffe braucht nur 2 Stunden schlaf in der Nacht, f\u00fcr was w\u00fcrdest du al dieser extra Zeit benutzen, wenn du nur 2 Stunden schlafen solltest? Der Giraffe lebt in der Afrikanischen Savanne, aber kannst du ihn mit nach Hause mit ZooZ the Giraffe bekommen! N\u00e5r du k\u00f8ber ZooZ The Giraffe f\u00e5r du byggeklodserne til selv at bygge giraffen, det er b\u00e5de godt for finmotorikken i fingrene og den kognitive indl\u00e6ringsevne. Der f\u00f8lger en vejledning med, s\u00e5 du kan se hvordan den s\u00e6ttes sammen. N\u00e5r giraffen f\u00f8rst af sat sammen kan den bruges til timevis af sjov med aktiv leg, og som en flot dekoration p\u00e5 b\u00f8rnev\u00e6relset.","og_url":"https:\/\/www.zpiiel.com\/de\/shop-de\/the-giraffe\/","og_site_name":"Zpiiel","article_publisher":"https:\/\/www.facebook.com\/zpiiel","article_modified_time":"2022-09-08T12:57:42+00:00","og_image":[{"width":1600,"height":1200,"url":"https:\/\/www.zpiiel.com\/wp-content\/uploads\/2018\/10\/5014-The-Giraffe-Front-Mockup-1.jpg","type":"image\/jpeg"}],"twitter_card":"summary_large_image","schema":{"@context":"https:\/\/schema.org","@graph":[{"@type":"WebPage","@id":"https:\/\/www.zpiiel.com\/de\/shop-de\/the-giraffe\/","url":"https:\/\/www.zpiiel.com\/de\/shop-de\/the-giraffe\/","name":"The Giraffe - Zpiiel","isPartOf":{"@id":"https:\/\/www.zpiiel.com\/de\/#website"},"primaryImageOfPage":{"@id":"https:\/\/www.zpiiel.com\/de\/shop-de\/the-giraffe\/#primaryimage"},"image":{"@id":"https:\/\/www.zpiiel.com\/de\/shop-de\/the-giraffe\/#primaryimage"},"thumbnailUrl":"https:\/\/www.zpiiel.com\/wp-content\/uploads\/2018\/10\/5014-The-Giraffe-Front-Mockup-1.jpg","datePublished":"2020-08-11T09:07:56+00:00","dateModified":"2022-09-08T12:57:42+00:00","breadcrumb":{"@id":"https:\/\/www.zpiiel.com\/de\/shop-de\/the-giraffe\/#breadcrumb"},"inLanguage":"de","potentialAction":[{"@type":"ReadAction","target":["https:\/\/www.zpiiel.com\/de\/shop-de\/the-giraffe\/"]}]},{"@type":"ImageObject","inLanguage":"de","@id":"https:\/\/www.zpiiel.com\/de\/shop-de\/the-giraffe\/#primaryimage","url":"https:\/\/www.zpiiel.com\/wp-content\/uploads\/2018\/10\/5014-The-Giraffe-Front-Mockup-1.jpg","contentUrl":"https:\/\/www.zpiiel.com\/wp-content\/uploads\/2018\/10\/5014-The-Giraffe-Front-Mockup-1.jpg","width":1600,"height":1200},{"@type":"BreadcrumbList","@id":"https:\/\/www.zpiiel.com\/de\/shop-de\/the-giraffe\/#breadcrumb","itemListElement":[{"@type":"ListItem","position":1,"name":"Hjem","item":"https:\/\/www.zpiiel.com\/de\/vorderseite\/"},{"@type":"ListItem","position":2,"name":"Alle Produkte","item":"https:\/\/www.zpiiel.com\/de\/shop-2\/"},{"@type":"ListItem","position":3,"name":"The Giraffe"}]},{"@type":"WebSite","@id":"https:\/\/www.zpiiel.com\/de\/#website","url":"https:\/\/www.zpiiel.com\/de\/","name":"Zpiiel","description":"Zpiiel leget\u00f8j og produkter","publisher":{"@id":"https:\/\/www.zpiiel.com\/de\/#organization"},"potentialAction":[{"@type":"SearchAction","target":{"@type":"EntryPoint","urlTemplate":"https:\/\/www.zpiiel.com\/de\/?s={search_term_string}"},"query-input":{"@type":"PropertyValueSpecification","valueRequired":true,"valueName":"search_term_string"}}],"inLanguage":"de"},{"@type":"Organization","@id":"https:\/\/www.zpiiel.com\/de\/#organization","name":"Zpiiel","url":"https:\/\/www.zpiiel.com\/de\/","logo":{"@type":"ImageObject","inLanguage":"de","@id":"https:\/\/www.zpiiel.com\/de\/#\/schema\/logo\/image\/","url":"https:\/\/www.zpiiel.com\/wp-content\/uploads\/2021\/01\/cropped-cropped-logo-1.png","contentUrl":"https:\/\/www.zpiiel.com\/wp-content\/uploads\/2021\/01\/cropped-cropped-logo-1.png","width":160,"height":76,"caption":"Zpiiel"},"image":{"@id":"https:\/\/www.zpiiel.com\/de\/#\/schema\/logo\/image\/"},"sameAs":["https:\/\/www.facebook.com\/zpiiel","https:\/\/www.instagram.com\/Zpiiel\/","https:\/\/www.youtube.com\/channel\/UCo3IjQAIBtS-WsOVFwYpY3Q"]}]}},"_links":{"self":[{"href":"https:\/\/www.zpiiel.com\/de\/wp-json\/wp\/v2\/product\/5412","targetHints":{"allow":["GET"]}}],"collection":[{"href":"https:\/\/www.zpiiel.com\/de\/wp-json\/wp\/v2\/product"}],"about":[{"href":"https:\/\/www.zpiiel.com\/de\/wp-json\/wp\/v2\/types\/product"}],"version-history":[{"count":3,"href":"https:\/\/www.zpiiel.com\/de\/wp-json\/wp\/v2\/product\/5412\/revisions"}],"predecessor-version":[{"id":12997,"href":"https:\/\/www.zpiiel.com\/de\/wp-json\/wp\/v2\/product\/5412\/revisions\/12997"}],"wp:featuredmedia":[{"embeddable":true,"href":"https:\/\/www.zpiiel.com\/de\/wp-json\/wp\/v2\/media\/9825"}],"wp:attachment":[{"href":"https:\/\/www.zpiiel.com\/de\/wp-json\/wp\/v2\/media?parent=5412"}],"wp:term":[{"taxonomy":"product_brand","embeddable":true,"href":"https:\/\/www.zpiiel.com\/de\/wp-json\/wp\/v2\/product_brand?post=5412"},{"taxonomy":"product_cat","embeddable":true,"href":"https:\/\/www.zpiiel.com\/de\/wp-json\/wp\/v2\/product_cat?post=5412"},{"taxonomy":"product_tag","embeddable":true,"href":"https:\/\/www.zpiiel.com\/de\/wp-json\/wp\/v2\/product_tag?post=5412"}],"curies":[{"name":"wp","href":"https:\/\/api.w.org\/{rel}","templated":true}]}}