{"id":11957,"date":"2021-11-27T13:22:14","date_gmt":"2022-02-11T11:39:43","guid":{"rendered":"https:\/\/www.zpiiel.com\/?post_type=product&#038;p=11957"},"modified":"2022-02-11T11:39:43","modified_gmt":"2022-02-11T11:39:43","slug":"shapes","status":"publish","type":"product","link":"https:\/\/www.zpiiel.com\/de\/shop-de\/shapes\/","title":{"rendered":"SHAPES"},"content":{"rendered":"<h1><strong>SHAPES<\/strong><\/h1>\n<p>Wenn Sie ein Kind und einen Erwachsenen bitten, ein Zeichen zu beschreiben, werden sie es sehr unterschiedlich tun. Ein Erwachsener<br \/>\nw\u00fcrde Ihnen zun\u00e4chst sagen, was auf dem Schild geschrieben steht, w\u00e4hrend Kinder die Farben, Bilder und Formen<br \/>\nvon ihnen beschreiben w\u00fcrden. Das zeigt, wie schon sehr kleine Kinder Formen erkennen k\u00f6nnen \u2013 lange bevor sie Buchstaben und<br \/>\nZahlen kennen. Gleichzeitig ist formales Wissen eine wichtige Grundlage f\u00fcr die sp\u00e4teren k\u00fcnstlerischen und mathematischen<br \/>\nF\u00e4higkeiten der Kinder.<\/p>\n<p>In diesem Material haben wir vier Aktivit\u00e4ten entwickelt, die speziell darauf abzielen, das Formenwissen von kleinen Kindern zu<br \/>\nverbessern. Die Aktivit\u00e4ten sind leicht mit einer kleinen Gruppe von Kindern zu beginnen und k\u00f6nnen an das Alter und die F\u00e4higkeiten<br \/>\nder Kinder angepasst werden. Das Wichtigste ist, dass die Aktivit\u00e4ten Spa\u00df machen und die nat\u00fcrliche Neugier der Kinder f\u00fcr Formen<br \/>\nf\u00f6rdern.<\/p>\n<h2><strong>FR\u00dcHFORMKOMPETENZEN UND IHRE BEZIEHUNG ZUR MATHEMATIK<\/strong><\/h2>\n<p>Wenn Sie an die mathematischen F\u00e4higkeiten kleiner Kinder denken, denken Sie normalerweise an die F\u00e4higkeit, Zahlen zu z\u00e4hlen und<br \/>\nzu addieren. Formen sind jedoch ein ebenso wichtiger Aspekt der Mathematik. Die F\u00e4higkeit, Geometrie zu lernen, steht in direktem<br \/>\nZusammenhang mit den fr\u00fchen Formf\u00e4higkeiten eines Kindes, aber die Verbesserung des Formwissens bei kleinen Kindern verbessert<br \/>\nauch ihre k\u00fcnstlerischen F\u00e4higkeiten.<\/p>\n<p>Dieses Material konzentriert sich auf die Bereiche der Mathematik, die sich um Formen und Muster drehen. In unserem Material \u201eZahlen<br \/>\nund Ma\u00dfe bauen und lernen\u201c haben wir Aktivit\u00e4ten erstellt, die sich auf die anderen Bereiche der Mathematik konzentrieren. Die<br \/>\nmathematischen F\u00e4higkeiten, die Kinder in Bezug auf Formen lernen m\u00fcssen, sind:<\/p>\n<ol>\n<li><strong>Raumgef\u00fchl<\/strong><br \/>\nDies ist die grundlegendste Stufe an Formenkenntnissen, die Kinder ben\u00f6tigen, um sp\u00e4ter Geometrie zu lernen. Es ist die Einf\u00fchrung verschiedener Formen, Richtungen, Gr\u00f6\u00dfen und Positionen. In diesem Bereich lernen Kinder, die Grundformen, ihre Namen zu erkennen und sie von anderen Formen zu unterscheiden. Dies ist auch die F\u00e4higkeit zu beschreiben, ob sich ein Objekt neben, \u00fcber oder hinter etwas anderem befindet.<\/li>\n<li><strong>Vertretung<\/strong><br \/>\nHier lernen Kinder Formen und Wirklichkeit zu verbinden. Es ist ein wichtiger Aspekt des Formenwissens, dass Kinder Formen in ihrer Umgebung erkennen k\u00f6nnen. Dies bereitet sie auf sp\u00e4tere k\u00fcnstlerische F\u00e4higkeiten vor, da sie entdecken werden, dass die meisten Dinge mit einfachen Mitteln erstellt werden k\u00f6nnen<\/li>\n<li><strong>Probleml\u00f6sung<\/strong><br \/>\nKinder werden f\u00fcr den Rest ihres Lebens mit Problemen konfrontiert sein, und das \u00dcben des L\u00f6sens mathematischer Probleme wird ihre F\u00e4higkeit, jedes Problem zu l\u00f6sen, direkt verbessern. Bei der Arbeit an ihrem Formenwissen nutzen und erweitern Kinder ihr logisches Denken, das eine der wichtigsten F\u00e4higkeiten ist, die sie lernen k\u00f6nnen.<\/li>\n<li><strong>Muster<\/strong><br \/>\nEin Muster ist etwas, das sich auf logische Weise wiederholt und mit Formen ge\u00fcbt werden kann. Bestimmte Muster aus ihrem Alltag kennen Kinder aber schon: Vor dem Schlafengehen putzen wir uns die Z\u00e4hne, wenn wir drinnen sind, ziehen wir die Schuhe aus, vor dem Essen waschen wir uns die H\u00e4nde. Es sind alles Muster. In Form- und Musteraktivit\u00e4ten verbessern wir die F\u00e4higkeit der Kinder, Muster zu verstehen, zu erkennen und zu verwenden.<\/li>\n<\/ol>\n<p>Es ist die Kombination dieser F\u00e4higkeiten sowie von Zahlen und Messungen, die Kindern eine solide mathematische Grundlage bietet.<br \/>\nDaher sind dies die Bereiche, auf die sich die enthaltenen Aktivit\u00e4ten konzentrieren. Dieses Produkt ist als einfaches Hilfsmittel f\u00fcr Sie als<br \/>\nP\u00e4dagoge gedacht und kann in Ihren t\u00e4glichen Arbeit mit den fr\u00fchen mathematischen F\u00e4higkeiten der Kinder verwendet werden.<\/p>\n<h2><strong>ZPIIEL UND FORMEN<\/strong><\/h2>\n<p><strong>Spielen und Lernen<\/strong><br \/>\nKinder lernen besser, wenn sie spielen. Sie sind nat\u00fcrlich sowohl neugierig als auch interessiert an Formen, und ihnen in ihrem Interesse zu begegnen und als Erwachsener darauf zu reagieren, ist ein langer Weg. Die Zpiiel-Teilen k\u00f6nnen sowohl im Kind initiierten Spiel als auch in geplanten p\u00e4dagogischen Aktivit\u00e4ten eingesetzt werden.<\/p>\n<p><strong>Spielen Sie mit allen Sinnen<\/strong><br \/>\nBeim Spielen mit Zpiiel Build &amp; Learn kommen viele Sinne ins Spiel: Kinder k\u00f6nnen die Formen anfassen, betrachten und \u00e4ndern. Dar\u00fcber hinaus werden sie ihren Tastsinn einsetzen und die Formen k\u00f6rperlich ber\u00fchren und f\u00fchlen k\u00f6nnen. Formen zu bauen und durch Drehen zu ver\u00e4ndern, l\u00e4sst die Kinder die verschiedenen Arten von Formen auf einer tieferen Ebene kennenlernen.<\/p>\n<p><strong>Ihre Vorstellungskraft ist die einzige Einschr\u00e4nkung<\/strong><br \/>\nBei diesem Produkt bauen Sie mit dem Bausatz alle Formen selbst und k\u00f6nnen die Kinder dabei ganz einfach mit einbeziehen. Die Bauteilen<br \/>\nhaben Kugelglieder, die eine einfache Form\u00e4nderung erm\u00f6glichen. Finden Sie auf den folgenden Seiten Inspiration f\u00fcr Aktivit\u00e4ten, die die<br \/>\nfr\u00fchen mathematischen F\u00e4higkeiten verbessern. Die Bauteilen k\u00f6nnen aber auch zum freien Spiel verwendet werden, wo die Kinder H\u00e4user,<br \/>\nTiere, Monster oder was die auch immer bauen m\u00f6chten.<\/p>\n<h2><strong><a href=\"https:\/\/www.zpiiel.com\/wp-content\/uploads\/2022\/02\/Formen-und-Aktivitaten.pdf\">HOLEN SIE SICH HIER KOSTENLOSE SPIEL UND LERN AKTIVIT\u00c4TEN<\/a><\/strong><\/h2>\n<p><a href=\"https:\/\/www.zpiiel.com\/wp-content\/uploads\/2022\/02\/Formen-und-Aktivitaten.pdf\"><img fetchpriority=\"high\" decoding=\"async\" class=\"alignnone wp-image-11370\" src=\"https:\/\/www.zpiiel.com\/wp-content\/uploads\/2022\/01\/Product-image-Shapes-Activities-1-300x300.jpg\" alt=\"\" width=\"800\" height=\"800\" srcset=\"https:\/\/www.zpiiel.com\/wp-content\/uploads\/2022\/01\/Product-image-Shapes-Activities-1-300x300.jpg 300w, https:\/\/www.zpiiel.com\/wp-content\/uploads\/2022\/01\/Product-image-Shapes-Activities-1-150x150.jpg 150w, https:\/\/www.zpiiel.com\/wp-content\/uploads\/2022\/01\/Product-image-Shapes-Activities-1-768x768.jpg 768w, https:\/\/www.zpiiel.com\/wp-content\/uploads\/2022\/01\/Product-image-Shapes-Activities-1-100x100.jpg 100w, https:\/\/www.zpiiel.com\/wp-content\/uploads\/2022\/01\/Product-image-Shapes-Activities-1.jpg 800w\" sizes=\"(max-width: 800px) 100vw, 800px\" \/><\/a><\/p>\n","protected":false},"excerpt":{"rendered":"<p>Build &amp; Learn ist ein Bausatz, den wir f\u00fcr Kinderg\u00e4rten und Schulen entwickelt haben. Allen Bauteilen sind aus Kunststoff und haben Kugelglieder. Wenn die Kinder Figuren bauen, sie sind daher sowohl haltbar als auch beweglich.<br \/>\nKinderg\u00e4rten und Kliniken nutzen bereits Build &amp; Learn f\u00fcr z.B. um die Feinmotorik, das Ged\u00e4chtnis, die Auge-Hand-Koordination, das Stimulieren des Wahrnehmens und das Verst\u00e4ndnis von Form und Farbe der Kinder zu trainieren.<br \/>\nDie Zpiiel Build &amp; Learn-Reihe unterst\u00fctzt Kinder bei ihrer fr\u00fchen Entwicklung der Schriftsprache und fr\u00fche mathematische F\u00e4higkeiten, damit sie besser vorbereitet sind f\u00fcr die Schule. In der Reihe finden Sie drei Schwerpunkte: \u201eDas Alphabet\u201c, \u201eZahlen und Messen\u201c und \u201eFormen\u201c.<br \/>\nKonzentrieren Sie sich mit \u201eZahlen und Messen\u201c und \u201eFormen\u201c auf fr\u00fche mathematische F\u00e4higkeiten und fr\u00fche Schriftsprache mit \u201edas Alphabet\u201c oder bestellen Sie gleich die ganze Serie dazu um eine komplette Schulvorbereitung zu erhalten.<br \/>\nObwohl jedes Produkt einen besonderen Schwerpunkt hat, k\u00f6nnen sie die auch f\u00fcr Kind-initiiertes Spiel verwenden. Lassen Sie die Kinder mit einem Bausatz (Zpiiel) bauen, was sie wollen, wo nur die Fantasie Grenzen setzt.<\/p>\n","protected":false},"featured_media":13061,"template":"","meta":{"inline_featured_image":false,"site-sidebar-layout":"default","site-content-layout":"default","ast-site-content-layout":"default","site-content-style":"default","site-sidebar-style":"default","ast-global-header-display":"","ast-banner-title-visibility":"","ast-main-header-display":"","ast-hfb-above-header-display":"","ast-hfb-below-header-display":"","ast-hfb-mobile-header-display":"","site-post-title":"","ast-breadcrumbs-content":"","ast-featured-img":"","footer-sml-layout":"","theme-transparent-header-meta":"default","adv-header-id-meta":"","stick-header-meta":"default","header-above-stick-meta":"","header-main-stick-meta":"","header-below-stick-meta":"","astra-migrate-meta-layouts":"default","ast-page-background-enabled":"default","ast-page-background-meta":{"desktop":{"background-color":"","background-image":"","background-repeat":"repeat","background-position":"center center","background-size":"auto","background-attachment":"scroll","background-type":"","background-media":"","overlay-type":"","overlay-color":"","overlay-opacity":"","overlay-gradient":""},"tablet":{"background-color":"","background-image":"","background-repeat":"repeat","background-position":"center center","background-size":"auto","background-attachment":"scroll","background-type":"","background-media":"","overlay-type":"","overlay-color":"","overlay-opacity":"","overlay-gradient":""},"mobile":{"background-color":"","background-image":"","background-repeat":"repeat","background-position":"center center","background-size":"auto","background-attachment":"scroll","background-type":"","background-media":"","overlay-type":"","overlay-color":"","overlay-opacity":"","overlay-gradient":""}},"ast-content-background-meta":{"desktop":{"background-color":"var(--ast-global-color-5)","background-image":"","background-repeat":"repeat","background-position":"center center","background-size":"auto","background-attachment":"scroll","background-type":"","background-media":"","overlay-type":"","overlay-color":"","overlay-opacity":"","overlay-gradient":""},"tablet":{"background-color":"var(--ast-global-color-5)","background-image":"","background-repeat":"repeat","background-position":"center center","background-size":"auto","background-attachment":"scroll","background-type":"","background-media":"","overlay-type":"","overlay-color":"","overlay-opacity":"","overlay-gradient":""},"mobile":{"background-color":"var(--ast-global-color-5)","background-image":"","background-repeat":"repeat","background-position":"center center","background-size":"auto","background-attachment":"scroll","background-type":"","background-media":"","overlay-type":"","overlay-color":"","overlay-opacity":"","overlay-gradient":""}}},"product_brand":[],"product_cat":[252],"product_tag":[248],"class_list":{"0":"post-11957","1":"product","2":"type-product","3":"status-publish","4":"has-post-thumbnail","6":"product_cat-build-learn-de","7":"product_tag-shapes-de","8":"desktop-align-left","9":"tablet-align-left","10":"mobile-align-left","12":"first","13":"instock","14":"taxable","15":"shipping-taxable","16":"purchasable","17":"product-type-simple"},"yoast_head":"<!-- This site is optimized with the Yoast SEO plugin v27.5 - https:\/\/yoast.com\/product\/yoast-seo-wordpress\/ -->\n<title>SHAPES - Zpiiel<\/title>\n<meta name=\"robots\" content=\"index, follow, max-snippet:-1, max-image-preview:large, max-video-preview:-1\" \/>\n<link rel=\"canonical\" href=\"https:\/\/www.zpiiel.com\/de\/shop-de\/shapes\/\" \/>\n<meta property=\"og:locale\" content=\"de_DE\" \/>\n<meta property=\"og:type\" content=\"article\" \/>\n<meta property=\"og:title\" content=\"SHAPES - Zpiiel\" \/>\n<meta property=\"og:description\" content=\"Build &amp; Learn ist ein Bausatz, den wir f\u00fcr Kinderg\u00e4rten und Schulen entwickelt haben. Allen Bauteilen sind aus Kunststoff und haben Kugelglieder. Wenn die Kinder Figuren bauen, sie sind daher sowohl haltbar als auch beweglich. Kinderg\u00e4rten und Kliniken nutzen bereits Build &amp; Learn f\u00fcr z.B. um die Feinmotorik, das Ged\u00e4chtnis, die Auge-Hand-Koordination, das Stimulieren des Wahrnehmens und das Verst\u00e4ndnis von Form und Farbe der Kinder zu trainieren. Die Zpiiel Build &amp; Learn-Reihe unterst\u00fctzt Kinder bei ihrer fr\u00fchen Entwicklung der Schriftsprache und fr\u00fche mathematische F\u00e4higkeiten, damit sie besser vorbereitet sind f\u00fcr die Schule. In der Reihe finden Sie drei Schwerpunkte: \u201eDas Alphabet\u201c, \u201eZahlen und Messen\u201c und \u201eFormen\u201c. Konzentrieren Sie sich mit \u201eZahlen und Messen\u201c und \u201eFormen\u201c auf fr\u00fche mathematische F\u00e4higkeiten und fr\u00fche Schriftsprache mit \u201edas Alphabet\u201c oder bestellen Sie gleich die ganze Serie dazu um eine komplette Schulvorbereitung zu erhalten. Obwohl jedes Produkt einen besonderen Schwerpunkt hat, k\u00f6nnen sie die auch f\u00fcr Kind-initiiertes Spiel verwenden. Lassen Sie die Kinder mit einem Bausatz (Zpiiel) bauen, was sie wollen, wo nur die Fantasie Grenzen setzt.\" \/>\n<meta property=\"og:url\" content=\"https:\/\/www.zpiiel.com\/de\/shop-de\/shapes\/\" \/>\n<meta property=\"og:site_name\" content=\"Zpiiel\" \/>\n<meta property=\"article:publisher\" content=\"https:\/\/www.facebook.com\/zpiiel\" \/>\n<meta property=\"og:image\" content=\"https:\/\/www.zpiiel.com\/wp-content\/uploads\/2021\/11\/Design-uden-navn-17.png\" \/>\n\t<meta property=\"og:image:width\" content=\"1600\" \/>\n\t<meta property=\"og:image:height\" content=\"1200\" \/>\n\t<meta property=\"og:image:type\" content=\"image\/png\" \/>\n<meta name=\"twitter:card\" content=\"summary_large_image\" \/>\n<meta name=\"twitter:label1\" content=\"Gesch\u00e4tzte Lesezeit\" \/>\n\t<meta name=\"twitter:data1\" content=\"5\u00a0Minuten\" \/>\n<script type=\"application\/ld+json\" class=\"yoast-schema-graph\">{\"@context\":\"https:\\\/\\\/schema.org\",\"@graph\":[{\"@type\":\"WebPage\",\"@id\":\"https:\\\/\\\/www.zpiiel.com\\\/de\\\/shop-de\\\/shapes\\\/\",\"url\":\"https:\\\/\\\/www.zpiiel.com\\\/de\\\/shop-de\\\/shapes\\\/\",\"name\":\"SHAPES - Zpiiel\",\"isPartOf\":{\"@id\":\"https:\\\/\\\/www.zpiiel.com\\\/de\\\/#website\"},\"primaryImageOfPage\":{\"@id\":\"https:\\\/\\\/www.zpiiel.com\\\/de\\\/shop-de\\\/shapes\\\/#primaryimage\"},\"image\":{\"@id\":\"https:\\\/\\\/www.zpiiel.com\\\/de\\\/shop-de\\\/shapes\\\/#primaryimage\"},\"thumbnailUrl\":\"https:\\\/\\\/www.zpiiel.com\\\/wp-content\\\/uploads\\\/2021\\\/11\\\/Design-uden-navn-25.png\",\"datePublished\":\"2022-02-11T11:39:43+00:00\",\"breadcrumb\":{\"@id\":\"https:\\\/\\\/www.zpiiel.com\\\/de\\\/shop-de\\\/shapes\\\/#breadcrumb\"},\"inLanguage\":\"de\",\"potentialAction\":[{\"@type\":\"ReadAction\",\"target\":[\"https:\\\/\\\/www.zpiiel.com\\\/de\\\/shop-de\\\/shapes\\\/\"]}]},{\"@type\":\"ImageObject\",\"inLanguage\":\"de\",\"@id\":\"https:\\\/\\\/www.zpiiel.com\\\/de\\\/shop-de\\\/shapes\\\/#primaryimage\",\"url\":\"https:\\\/\\\/www.zpiiel.com\\\/wp-content\\\/uploads\\\/2021\\\/11\\\/Design-uden-navn-25.png\",\"contentUrl\":\"https:\\\/\\\/www.zpiiel.com\\\/wp-content\\\/uploads\\\/2021\\\/11\\\/Design-uden-navn-25.png\",\"width\":1600,\"height\":1200},{\"@type\":\"BreadcrumbList\",\"@id\":\"https:\\\/\\\/www.zpiiel.com\\\/de\\\/shop-de\\\/shapes\\\/#breadcrumb\",\"itemListElement\":[{\"@type\":\"ListItem\",\"position\":1,\"name\":\"Hjem\",\"item\":\"https:\\\/\\\/www.zpiiel.com\\\/de\\\/vorderseite\\\/\"},{\"@type\":\"ListItem\",\"position\":2,\"name\":\"Alle Produkte\",\"item\":\"https:\\\/\\\/www.zpiiel.com\\\/de\\\/shop-2\\\/\"},{\"@type\":\"ListItem\",\"position\":3,\"name\":\"SHAPES\"}]},{\"@type\":\"WebSite\",\"@id\":\"https:\\\/\\\/www.zpiiel.com\\\/de\\\/#website\",\"url\":\"https:\\\/\\\/www.zpiiel.com\\\/de\\\/\",\"name\":\"Zpiiel\",\"description\":\"Zpiiel leget\u00f8j og produkter\",\"publisher\":{\"@id\":\"https:\\\/\\\/www.zpiiel.com\\\/de\\\/#organization\"},\"potentialAction\":[{\"@type\":\"SearchAction\",\"target\":{\"@type\":\"EntryPoint\",\"urlTemplate\":\"https:\\\/\\\/www.zpiiel.com\\\/de\\\/?s={search_term_string}\"},\"query-input\":{\"@type\":\"PropertyValueSpecification\",\"valueRequired\":true,\"valueName\":\"search_term_string\"}}],\"inLanguage\":\"de\"},{\"@type\":\"Organization\",\"@id\":\"https:\\\/\\\/www.zpiiel.com\\\/de\\\/#organization\",\"name\":\"Zpiiel\",\"url\":\"https:\\\/\\\/www.zpiiel.com\\\/de\\\/\",\"logo\":{\"@type\":\"ImageObject\",\"inLanguage\":\"de\",\"@id\":\"https:\\\/\\\/www.zpiiel.com\\\/de\\\/#\\\/schema\\\/logo\\\/image\\\/\",\"url\":\"https:\\\/\\\/www.zpiiel.com\\\/wp-content\\\/uploads\\\/2021\\\/01\\\/cropped-cropped-logo-1.png\",\"contentUrl\":\"https:\\\/\\\/www.zpiiel.com\\\/wp-content\\\/uploads\\\/2021\\\/01\\\/cropped-cropped-logo-1.png\",\"width\":160,\"height\":76,\"caption\":\"Zpiiel\"},\"image\":{\"@id\":\"https:\\\/\\\/www.zpiiel.com\\\/de\\\/#\\\/schema\\\/logo\\\/image\\\/\"},\"sameAs\":[\"https:\\\/\\\/www.facebook.com\\\/zpiiel\",\"https:\\\/\\\/www.instagram.com\\\/Zpiiel\\\/\",\"https:\\\/\\\/www.youtube.com\\\/channel\\\/UCo3IjQAIBtS-WsOVFwYpY3Q\"]}]}<\/script>\n<!-- \/ Yoast SEO plugin. -->","yoast_head_json":{"title":"SHAPES - Zpiiel","robots":{"index":"index","follow":"follow","max-snippet":"max-snippet:-1","max-image-preview":"max-image-preview:large","max-video-preview":"max-video-preview:-1"},"canonical":"https:\/\/www.zpiiel.com\/de\/shop-de\/shapes\/","og_locale":"de_DE","og_type":"article","og_title":"SHAPES - Zpiiel","og_description":"Build &amp; Learn ist ein Bausatz, den wir f\u00fcr Kinderg\u00e4rten und Schulen entwickelt haben. Allen Bauteilen sind aus Kunststoff und haben Kugelglieder. Wenn die Kinder Figuren bauen, sie sind daher sowohl haltbar als auch beweglich. Kinderg\u00e4rten und Kliniken nutzen bereits Build &amp; Learn f\u00fcr z.B. um die Feinmotorik, das Ged\u00e4chtnis, die Auge-Hand-Koordination, das Stimulieren des Wahrnehmens und das Verst\u00e4ndnis von Form und Farbe der Kinder zu trainieren. Die Zpiiel Build &amp; Learn-Reihe unterst\u00fctzt Kinder bei ihrer fr\u00fchen Entwicklung der Schriftsprache und fr\u00fche mathematische F\u00e4higkeiten, damit sie besser vorbereitet sind f\u00fcr die Schule. In der Reihe finden Sie drei Schwerpunkte: \u201eDas Alphabet\u201c, \u201eZahlen und Messen\u201c und \u201eFormen\u201c. Konzentrieren Sie sich mit \u201eZahlen und Messen\u201c und \u201eFormen\u201c auf fr\u00fche mathematische F\u00e4higkeiten und fr\u00fche Schriftsprache mit \u201edas Alphabet\u201c oder bestellen Sie gleich die ganze Serie dazu um eine komplette Schulvorbereitung zu erhalten. Obwohl jedes Produkt einen besonderen Schwerpunkt hat, k\u00f6nnen sie die auch f\u00fcr Kind-initiiertes Spiel verwenden. Lassen Sie die Kinder mit einem Bausatz (Zpiiel) bauen, was sie wollen, wo nur die Fantasie Grenzen setzt.","og_url":"https:\/\/www.zpiiel.com\/de\/shop-de\/shapes\/","og_site_name":"Zpiiel","article_publisher":"https:\/\/www.facebook.com\/zpiiel","og_image":[{"width":1600,"height":1200,"url":"https:\/\/www.zpiiel.com\/wp-content\/uploads\/2021\/11\/Design-uden-navn-17.png","type":"image\/png"}],"twitter_card":"summary_large_image","twitter_misc":{"Gesch\u00e4tzte Lesezeit":"5\u00a0Minuten"},"schema":{"@context":"https:\/\/schema.org","@graph":[{"@type":"WebPage","@id":"https:\/\/www.zpiiel.com\/de\/shop-de\/shapes\/","url":"https:\/\/www.zpiiel.com\/de\/shop-de\/shapes\/","name":"SHAPES - Zpiiel","isPartOf":{"@id":"https:\/\/www.zpiiel.com\/de\/#website"},"primaryImageOfPage":{"@id":"https:\/\/www.zpiiel.com\/de\/shop-de\/shapes\/#primaryimage"},"image":{"@id":"https:\/\/www.zpiiel.com\/de\/shop-de\/shapes\/#primaryimage"},"thumbnailUrl":"https:\/\/www.zpiiel.com\/wp-content\/uploads\/2021\/11\/Design-uden-navn-25.png","datePublished":"2022-02-11T11:39:43+00:00","breadcrumb":{"@id":"https:\/\/www.zpiiel.com\/de\/shop-de\/shapes\/#breadcrumb"},"inLanguage":"de","potentialAction":[{"@type":"ReadAction","target":["https:\/\/www.zpiiel.com\/de\/shop-de\/shapes\/"]}]},{"@type":"ImageObject","inLanguage":"de","@id":"https:\/\/www.zpiiel.com\/de\/shop-de\/shapes\/#primaryimage","url":"https:\/\/www.zpiiel.com\/wp-content\/uploads\/2021\/11\/Design-uden-navn-25.png","contentUrl":"https:\/\/www.zpiiel.com\/wp-content\/uploads\/2021\/11\/Design-uden-navn-25.png","width":1600,"height":1200},{"@type":"BreadcrumbList","@id":"https:\/\/www.zpiiel.com\/de\/shop-de\/shapes\/#breadcrumb","itemListElement":[{"@type":"ListItem","position":1,"name":"Hjem","item":"https:\/\/www.zpiiel.com\/de\/vorderseite\/"},{"@type":"ListItem","position":2,"name":"Alle Produkte","item":"https:\/\/www.zpiiel.com\/de\/shop-2\/"},{"@type":"ListItem","position":3,"name":"SHAPES"}]},{"@type":"WebSite","@id":"https:\/\/www.zpiiel.com\/de\/#website","url":"https:\/\/www.zpiiel.com\/de\/","name":"Zpiiel","description":"Zpiiel leget\u00f8j og produkter","publisher":{"@id":"https:\/\/www.zpiiel.com\/de\/#organization"},"potentialAction":[{"@type":"SearchAction","target":{"@type":"EntryPoint","urlTemplate":"https:\/\/www.zpiiel.com\/de\/?s={search_term_string}"},"query-input":{"@type":"PropertyValueSpecification","valueRequired":true,"valueName":"search_term_string"}}],"inLanguage":"de"},{"@type":"Organization","@id":"https:\/\/www.zpiiel.com\/de\/#organization","name":"Zpiiel","url":"https:\/\/www.zpiiel.com\/de\/","logo":{"@type":"ImageObject","inLanguage":"de","@id":"https:\/\/www.zpiiel.com\/de\/#\/schema\/logo\/image\/","url":"https:\/\/www.zpiiel.com\/wp-content\/uploads\/2021\/01\/cropped-cropped-logo-1.png","contentUrl":"https:\/\/www.zpiiel.com\/wp-content\/uploads\/2021\/01\/cropped-cropped-logo-1.png","width":160,"height":76,"caption":"Zpiiel"},"image":{"@id":"https:\/\/www.zpiiel.com\/de\/#\/schema\/logo\/image\/"},"sameAs":["https:\/\/www.facebook.com\/zpiiel","https:\/\/www.instagram.com\/Zpiiel\/","https:\/\/www.youtube.com\/channel\/UCo3IjQAIBtS-WsOVFwYpY3Q"]}]}},"_links":{"self":[{"href":"https:\/\/www.zpiiel.com\/de\/wp-json\/wp\/v2\/product\/11957","targetHints":{"allow":["GET"]}}],"collection":[{"href":"https:\/\/www.zpiiel.com\/de\/wp-json\/wp\/v2\/product"}],"about":[{"href":"https:\/\/www.zpiiel.com\/de\/wp-json\/wp\/v2\/types\/product"}],"version-history":[{"count":11,"href":"https:\/\/www.zpiiel.com\/de\/wp-json\/wp\/v2\/product\/11957\/revisions"}],"predecessor-version":[{"id":12261,"href":"https:\/\/www.zpiiel.com\/de\/wp-json\/wp\/v2\/product\/11957\/revisions\/12261"}],"wp:featuredmedia":[{"embeddable":true,"href":"https:\/\/www.zpiiel.com\/de\/wp-json\/wp\/v2\/media\/13061"}],"wp:attachment":[{"href":"https:\/\/www.zpiiel.com\/de\/wp-json\/wp\/v2\/media?parent=11957"}],"wp:term":[{"taxonomy":"product_brand","embeddable":true,"href":"https:\/\/www.zpiiel.com\/de\/wp-json\/wp\/v2\/product_brand?post=11957"},{"taxonomy":"product_cat","embeddable":true,"href":"https:\/\/www.zpiiel.com\/de\/wp-json\/wp\/v2\/product_cat?post=11957"},{"taxonomy":"product_tag","embeddable":true,"href":"https:\/\/www.zpiiel.com\/de\/wp-json\/wp\/v2\/product_tag?post=11957"}],"curies":[{"name":"wp","href":"https:\/\/api.w.org\/{rel}","templated":true}]}}