{"id":11950,"date":"2021-12-11T12:23:28","date_gmt":"2022-02-11T11:39:09","guid":{"rendered":"https:\/\/www.zpiiel.com\/?post_type=product&#038;p=11950"},"modified":"2022-02-11T11:39:09","modified_gmt":"2022-02-11T11:39:09","slug":"the-alphabet","status":"publish","type":"product","link":"https:\/\/www.zpiiel.com\/de\/shop-de\/the-alphabet\/","title":{"rendered":"THE ALPHABET"},"content":{"rendered":"<h1><strong>THE ALPHABET<\/strong><\/h1>\n<p>Was w\u00e4re, wenn Sie in weniger als zwei Minuten ein Spiel starten k\u00f6nnten, dass die fr\u00fche Schriftsprache von Kindern entwickelt? Ein<br \/>\nSpiel, das Kindern Spa\u00df macht, ihre Aufmerksamkeit erregt und sie auf die Herausforderungen vorbereitet, die mit dem Schulanfang<br \/>\nkommen. Was gibt es Sch\u00f6neres, als Kindern beim Spielen zuzusehen, ohne dass sie merken, wie sehr sie ihre Sprachkenntnisse<br \/>\nentwickeln?<\/p>\n<p>Genau diese Art von Spiel bieten wir an. Zpiiel hat dieses Produkt in Zusammenarbeit mit Experten auf diesem Gebiet entwickelt.<br \/>\nDie Kinder entwickeln ihre geschriebene Sprache, indem sie mit den Bauteilen spielen, mit denen Buchstaben, Zahlen, Formen und<br \/>\nFiguren erstellt werden k\u00f6nnen. Dieses Produkt enth\u00e4lt vier Inspirationsbl\u00e4tter, die speziell von Experten f\u00fcr dieses Kit entwickelt<br \/>\nwurden. Wenn Kinder mit diesem Produkt spielen, entwickelt es sowohl ihre Sprachf\u00e4higkeiten als auch eine Reihe anderer Sinne und<br \/>\nF\u00e4higkeiten.<\/p>\n<h2><strong>FR\u00dcHE SCHRIFTSPRACHE IN TAGESEINRICHTUNGEN<\/strong><\/h2>\n<p>Obwohl von Kindern nicht erwartet wird, dass sie im Kindergarten Lesen und Schreiben lernen, beginnt in diesem Alter die Grundlage<br \/>\nihrer Lesereise. Lesen und schreiben lernen ist alles andere als einfach, aber durch das Spielen mit Buchstaben k\u00f6nnen Kinder \u00fcben und<br \/>\nsich auf die gro\u00dfe Aufgabe des Lesenlernens vorbereiten. Wir nennen es die fr\u00fche Schriftsprache und es spielt eine gro\u00dfe Rolle bei der<br \/>\nVorbereitung von Kindern auf die Schule. Es enth\u00e4lt:<\/p>\n<ol>\n<li><strong>Schriftbewusstsein<\/strong><br \/>\nWas ist ein \u201eDruck\u201c? Was wird es verwendet? Wie funktionieren Text und B\u00fccher? Das ist alles, was wir verstehen m\u00fcssen, bevor wir lesen, lernen k\u00f6nnen.<\/li>\n<li><strong>Buchstabenwissen \/ Bewusstsein<\/strong><br \/>\nDie Namen der Buchstaben des Alphabets kennen und wissen, wie sie verwendet werden. Schauen wir uns den Buchstaben M an, die Form ist sowohl M als auch m, der Name wird \u03b5 m ausgesprochen und der Ton, den er macht, ist mmm wie in Mutter. Beim Lesen m\u00fcssen Sie die Buchstaben in den Ton \u00fcbersetzen, den Sie machen.<\/li>\n<li><strong>Phonologisches Bewusstsein \/ Wissen<\/strong><br \/>\nHier beginnen Kinder zu verstehen, wann sich W\u00f6rter reimen und mit welchem Laut ein Wort beginnt. Dies ist auch die F\u00e4higkeit,<br \/>\nSprachlaute \u00e4ndern zu k\u00f6nnen, z. durch Entfernen des &#8217;s&#8216;-Lauts aus dem Wort stop, das den neuen Sound top macht.<\/li>\n<li><strong>Die F\u00e4higkeit, Buchstaben und den eigenen Namen zu schreiben<\/strong><\/li>\n<li><strong>Allgemeine Sprachkenntnisse<\/strong><br \/>\nDie Summe der Sprachkenntnisse eines Kindes einschlie\u00dflich seines Wortschatzes und seiner Grammatik.<\/li>\n<\/ol>\n<p>Die Kombination dieser Aspekte bereitet das Kind auf das Lesen vor. Daher sind dies die Bereiche, auf die sich die folgenden<br \/>\nAktivit\u00e4ten konzentrieren. Dieses Produkt ist als Hilfsmittel gedacht, das Sie als p\u00e4dagogischer Mitarbeiter einfach in Ihrem Alltag<br \/>\nmit der fr\u00fchen Schriftsprache von Kindern einsetzen k\u00f6nnen.<\/p>\n<h2><strong>FR\u00dcHE SCHRIFTSPRACHE<\/strong><\/h2>\n<p><strong>Spielen und Lernen<\/strong><br \/>\nSpielen ist eine gro\u00dfartige M\u00f6glichkeit, Schriftsprache zu lernen und Schriftsprachf\u00e4higkeiten zu entwickeln. Kinder haben eine<br \/>\nnat\u00fcrliche Neugier f\u00fcr Buchstaben und Schreiben, und ihnen in ihrem Interesse zu begegnen \/ sie zu unterst\u00fctzen und als Erwachsene<br \/>\ndarauf zu reagieren, ist ein langer Weg. Die Zpiiel-Elemente k\u00f6nnen sowohl im von Kindern begonnenen Spiel als auch f\u00fcr geplante<br \/>\nUnterrichtsaktivit\u00e4ten verwendet werden<\/p>\n<p><strong>Spielen Sie mit allen Sinnen<\/strong><br \/>\nDas Spielen mit Zpiiel weckt viele Sinne: Kinder k\u00f6nnen die Buchstaben anfassen, anschauen und \u00e4ndern und wenn Erwachsene aktiv<br \/>\nmitmachen, kann man den Geh\u00f6rsinn mit einbeziehen. Eine M\u00f6glichkeit, dies zu tun, besteht darin, den Namen und den Klang des<br \/>\nBuchstabens zu erw\u00e4hnen, der das Interesse des Kindes geweckt hat.<\/p>\n<p>Da die Buchstaben ge\u00e4ndert werden k\u00f6nnen, eignen sie sich ideal zum Trainieren der phonologischen Bewusstheit. Wenn ein Kind<br \/>\nherausfinden muss, welcher Laut \u00fcbrig bleibt, wenn man den Buchstaben (B) aus dem Wort (Ball) entfernt, wird es zu einer leicht<br \/>\nabstrakten \u00dcbung. Aber wenn sie den Buchstaben (B) physisch entfernen k\u00f6nnen, wird die Aufgabe f\u00fcr das Kind viel einfacher zu<br \/>\nverstehen. Durch die Verwendung physischer Buchstaben werden Kinder verstehen, dass die Buchstaben und Laute, die sie machen, auf<br \/>\ndie gleiche Weise wie Baueteilen funktionieren; Sie k\u00f6nnen auf viele verschiedene Arten zusammen- und auseinandergebaut werden.<br \/>\nDies ist besonders wichtig f\u00fcr Kinder, die am besten \u00fcber ihren Tastsinn lernen. Mit Zpiiel-Bauteilen k\u00f6nnen sie die Buchstaben nicht nur<br \/>\nsehen, sondern auch den Tastsinn nutzen, um die Form der Buchstaben zu ertasten.<\/p>\n<p><strong>Ihre Vorstellungskraft ist die einzige Einschr\u00e4nkung<\/strong><br \/>\nMit diesem Produkt bauen Sie die Buchstaben mit den Baueteilen selbst und k\u00f6nnen die Kinder ganz einfach mit einbeziehen. Die<br \/>\nBauteilen haben Kugelglieder, die es einfach machen, die Form der Buchstaben zu \u00e4ndern. F\u00fcr fr\u00fche Schriftsprachaktivit\u00e4ten werden oft<br \/>\nnur Gro\u00dfbuchstaben verwendet, obwohl viele der Buchstaben, denen Kinder in ihrem t\u00e4glichen Leben begegnen, Kleinbuchstaben sind.<\/p>\n<p>Mit diesen Bauteilen k\u00f6nnen sowohl Gro\u00df- als auch Kleinbuchstaben gebaut werden. Der Schwerpunkt liegt auf der fr\u00fchen<br \/>\nSchriftsprache, aber Kinder k\u00f6nnen mit den Bauteilen spielen und sie verwenden, um genau das zu bauen, was sie wollen.<\/p>\n<h2><strong><a href=\"https:\/\/www.zpiiel.com\/de\/das-alphabet-und-aktivitaten-2\/\">HOLEN SIE SICH HIER KOSTENLOSE SPIEL UND LERN AKTIVIT\u00c4TEN<\/a><\/strong><\/h2>\n<p><a href=\"https:\/\/www.zpiiel.com\/wp-content\/uploads\/2022\/02\/Das-Alphabet-und-Aktivitaten.pdf\"><img fetchpriority=\"high\" decoding=\"async\" class=\"alignnone wp-image-11448\" src=\"https:\/\/www.zpiiel.com\/wp-content\/uploads\/2022\/01\/Introduction-sheets-fan-1-300x300.png\" alt=\"\" width=\"800\" height=\"800\" srcset=\"https:\/\/www.zpiiel.com\/wp-content\/uploads\/2022\/01\/Introduction-sheets-fan-1-300x300.png 300w, https:\/\/www.zpiiel.com\/wp-content\/uploads\/2022\/01\/Introduction-sheets-fan-1-150x150.png 150w, https:\/\/www.zpiiel.com\/wp-content\/uploads\/2022\/01\/Introduction-sheets-fan-1-768x768.png 768w, https:\/\/www.zpiiel.com\/wp-content\/uploads\/2022\/01\/Introduction-sheets-fan-1-100x100.png 100w, https:\/\/www.zpiiel.com\/wp-content\/uploads\/2022\/01\/Introduction-sheets-fan-1.png 800w\" sizes=\"(max-width: 800px) 100vw, 800px\" \/><\/a><\/p>\n<p>&nbsp;<\/p>\n","protected":false},"excerpt":{"rendered":"<p>Build &amp; Learn ist ein Bausatz, den wir f\u00fcr Kinderg\u00e4rten und Schulen entwickelt haben. Allen Bauteilen sind aus Kunststoff und haben Kugelglieder. Wenn die Kinder Figuren bauen, sie sind daher sowohl haltbar als auch beweglich.<br \/>\nKinderg\u00e4rten und Kliniken nutzen bereits Build &amp; Learn f\u00fcr z.B. um die Feinmotorik, das Ged\u00e4chtnis, die Auge-Hand-Koordination, das Stimulieren des Wahrnehmens und das Verst\u00e4ndnis von Form und Farbe der Kinder zu trainieren.<br \/>\nDie Zpiiel Build &amp; Learn-Reihe unterst\u00fctzt Kinder bei ihrer fr\u00fchen Entwicklung der Schriftsprache und fr\u00fche mathematische F\u00e4higkeiten, damit sie besser vorbereitet sind f\u00fcr die Schule. In der Reihe finden Sie drei Schwerpunkte: \u201eDas Alphabet\u201c, \u201eZahlen und Messen\u201c und \u201eFormen\u201c.<br \/>\nKonzentrieren Sie sich mit \u201eZahlen und Messen\u201c und \u201eFormen\u201c auf fr\u00fche mathematische F\u00e4higkeiten und fr\u00fche Schriftsprache mit \u201edas Alphabet\u201c oder bestellen Sie gleich die ganze Serie dazu um eine komplette Schulvorbereitung zu erhalten.<br \/>\nObwohl jedes Produkt einen besonderen Schwerpunkt hat, k\u00f6nnen sie die auch f\u00fcr Kind-initiiertes Spiel verwenden. Lassen Sie die Kinder mit einem Bausatz (Zpiiel) bauen, was sie wollen, wo nur die Fantasie Grenzen setzt.<\/p>\n","protected":false},"featured_media":13046,"template":"","meta":{"inline_featured_image":false,"site-sidebar-layout":"default","site-content-layout":"default","ast-site-content-layout":"default","site-content-style":"default","site-sidebar-style":"default","ast-global-header-display":"","ast-banner-title-visibility":"","ast-main-header-display":"","ast-hfb-above-header-display":"","ast-hfb-below-header-display":"","ast-hfb-mobile-header-display":"","site-post-title":"","ast-breadcrumbs-content":"","ast-featured-img":"","footer-sml-layout":"","theme-transparent-header-meta":"default","adv-header-id-meta":"","stick-header-meta":"default","header-above-stick-meta":"","header-main-stick-meta":"","header-below-stick-meta":"","astra-migrate-meta-layouts":"default","ast-page-background-enabled":"default","ast-page-background-meta":{"desktop":{"background-color":"","background-image":"","background-repeat":"repeat","background-position":"center center","background-size":"auto","background-attachment":"scroll","background-type":"","background-media":"","overlay-type":"","overlay-color":"","overlay-opacity":"","overlay-gradient":""},"tablet":{"background-color":"","background-image":"","background-repeat":"repeat","background-position":"center center","background-size":"auto","background-attachment":"scroll","background-type":"","background-media":"","overlay-type":"","overlay-color":"","overlay-opacity":"","overlay-gradient":""},"mobile":{"background-color":"","background-image":"","background-repeat":"repeat","background-position":"center center","background-size":"auto","background-attachment":"scroll","background-type":"","background-media":"","overlay-type":"","overlay-color":"","overlay-opacity":"","overlay-gradient":""}},"ast-content-background-meta":{"desktop":{"background-color":"var(--ast-global-color-5)","background-image":"","background-repeat":"repeat","background-position":"center center","background-size":"auto","background-attachment":"scroll","background-type":"","background-media":"","overlay-type":"","overlay-color":"","overlay-opacity":"","overlay-gradient":""},"tablet":{"background-color":"var(--ast-global-color-5)","background-image":"","background-repeat":"repeat","background-position":"center center","background-size":"auto","background-attachment":"scroll","background-type":"","background-media":"","overlay-type":"","overlay-color":"","overlay-opacity":"","overlay-gradient":""},"mobile":{"background-color":"var(--ast-global-color-5)","background-image":"","background-repeat":"repeat","background-position":"center center","background-size":"auto","background-attachment":"scroll","background-type":"","background-media":"","overlay-type":"","overlay-color":"","overlay-opacity":"","overlay-gradient":""}}},"product_brand":[],"product_cat":[252],"product_tag":[250],"class_list":{"0":"post-11950","1":"product","2":"type-product","3":"status-publish","4":"has-post-thumbnail","6":"product_cat-build-learn-de","7":"product_tag-the-alphabet-de","8":"desktop-align-left","9":"tablet-align-left","10":"mobile-align-left","12":"first","13":"instock","14":"taxable","15":"shipping-taxable","16":"purchasable","17":"product-type-simple"},"yoast_head":"<!-- This site is optimized with the Yoast SEO plugin v27.3 - https:\/\/yoast.com\/product\/yoast-seo-wordpress\/ -->\n<title>THE ALPHABET - Zpiiel<\/title>\n<meta name=\"robots\" content=\"index, follow, max-snippet:-1, max-image-preview:large, max-video-preview:-1\" \/>\n<link rel=\"canonical\" href=\"https:\/\/www.zpiiel.com\/de\/shop-de\/the-alphabet\/\" \/>\n<meta property=\"og:locale\" content=\"de_DE\" \/>\n<meta property=\"og:type\" content=\"article\" \/>\n<meta property=\"og:title\" content=\"THE ALPHABET - Zpiiel\" \/>\n<meta property=\"og:description\" content=\"Build &amp; Learn ist ein Bausatz, den wir f\u00fcr Kinderg\u00e4rten und Schulen entwickelt haben. Allen Bauteilen sind aus Kunststoff und haben Kugelglieder. Wenn die Kinder Figuren bauen, sie sind daher sowohl haltbar als auch beweglich. Kinderg\u00e4rten und Kliniken nutzen bereits Build &amp; Learn f\u00fcr z.B. um die Feinmotorik, das Ged\u00e4chtnis, die Auge-Hand-Koordination, das Stimulieren des Wahrnehmens und das Verst\u00e4ndnis von Form und Farbe der Kinder zu trainieren. Die Zpiiel Build &amp; Learn-Reihe unterst\u00fctzt Kinder bei ihrer fr\u00fchen Entwicklung der Schriftsprache und fr\u00fche mathematische F\u00e4higkeiten, damit sie besser vorbereitet sind f\u00fcr die Schule. In der Reihe finden Sie drei Schwerpunkte: \u201eDas Alphabet\u201c, \u201eZahlen und Messen\u201c und \u201eFormen\u201c. Konzentrieren Sie sich mit \u201eZahlen und Messen\u201c und \u201eFormen\u201c auf fr\u00fche mathematische F\u00e4higkeiten und fr\u00fche Schriftsprache mit \u201edas Alphabet\u201c oder bestellen Sie gleich die ganze Serie dazu um eine komplette Schulvorbereitung zu erhalten. Obwohl jedes Produkt einen besonderen Schwerpunkt hat, k\u00f6nnen sie die auch f\u00fcr Kind-initiiertes Spiel verwenden. Lassen Sie die Kinder mit einem Bausatz (Zpiiel) bauen, was sie wollen, wo nur die Fantasie Grenzen setzt.\" \/>\n<meta property=\"og:url\" content=\"https:\/\/www.zpiiel.com\/de\/shop-de\/the-alphabet\/\" \/>\n<meta property=\"og:site_name\" content=\"Zpiiel\" \/>\n<meta property=\"article:publisher\" content=\"https:\/\/www.facebook.com\/zpiiel\" \/>\n<meta property=\"og:image\" content=\"https:\/\/www.zpiiel.com\/wp-content\/uploads\/2021\/12\/Design-uden-navn-14.png\" \/>\n\t<meta property=\"og:image:width\" content=\"1600\" \/>\n\t<meta property=\"og:image:height\" content=\"1200\" \/>\n\t<meta property=\"og:image:type\" content=\"image\/png\" \/>\n<meta name=\"twitter:card\" content=\"summary_large_image\" \/>\n<meta name=\"twitter:label1\" content=\"Gesch\u00e4tzte Lesezeit\" \/>\n\t<meta name=\"twitter:data1\" content=\"5\u00a0Minuten\" \/>\n<script type=\"application\/ld+json\" class=\"yoast-schema-graph\">{\"@context\":\"https:\\\/\\\/schema.org\",\"@graph\":[{\"@type\":\"WebPage\",\"@id\":\"https:\\\/\\\/www.zpiiel.com\\\/de\\\/shop-de\\\/the-alphabet\\\/\",\"url\":\"https:\\\/\\\/www.zpiiel.com\\\/de\\\/shop-de\\\/the-alphabet\\\/\",\"name\":\"THE ALPHABET - Zpiiel\",\"isPartOf\":{\"@id\":\"https:\\\/\\\/www.zpiiel.com\\\/de\\\/#website\"},\"primaryImageOfPage\":{\"@id\":\"https:\\\/\\\/www.zpiiel.com\\\/de\\\/shop-de\\\/the-alphabet\\\/#primaryimage\"},\"image\":{\"@id\":\"https:\\\/\\\/www.zpiiel.com\\\/de\\\/shop-de\\\/the-alphabet\\\/#primaryimage\"},\"thumbnailUrl\":\"https:\\\/\\\/www.zpiiel.com\\\/wp-content\\\/uploads\\\/2021\\\/12\\\/Design-uden-navn-18.png\",\"datePublished\":\"2022-02-11T11:39:09+00:00\",\"breadcrumb\":{\"@id\":\"https:\\\/\\\/www.zpiiel.com\\\/de\\\/shop-de\\\/the-alphabet\\\/#breadcrumb\"},\"inLanguage\":\"de\",\"potentialAction\":[{\"@type\":\"ReadAction\",\"target\":[\"https:\\\/\\\/www.zpiiel.com\\\/de\\\/shop-de\\\/the-alphabet\\\/\"]}]},{\"@type\":\"ImageObject\",\"inLanguage\":\"de\",\"@id\":\"https:\\\/\\\/www.zpiiel.com\\\/de\\\/shop-de\\\/the-alphabet\\\/#primaryimage\",\"url\":\"https:\\\/\\\/www.zpiiel.com\\\/wp-content\\\/uploads\\\/2021\\\/12\\\/Design-uden-navn-18.png\",\"contentUrl\":\"https:\\\/\\\/www.zpiiel.com\\\/wp-content\\\/uploads\\\/2021\\\/12\\\/Design-uden-navn-18.png\",\"width\":1600,\"height\":1200},{\"@type\":\"BreadcrumbList\",\"@id\":\"https:\\\/\\\/www.zpiiel.com\\\/de\\\/shop-de\\\/the-alphabet\\\/#breadcrumb\",\"itemListElement\":[{\"@type\":\"ListItem\",\"position\":1,\"name\":\"Hjem\",\"item\":\"https:\\\/\\\/www.zpiiel.com\\\/de\\\/vorderseite\\\/\"},{\"@type\":\"ListItem\",\"position\":2,\"name\":\"Alle Produkte\",\"item\":\"https:\\\/\\\/www.zpiiel.com\\\/de\\\/shop-2\\\/\"},{\"@type\":\"ListItem\",\"position\":3,\"name\":\"THE ALPHABET\"}]},{\"@type\":\"WebSite\",\"@id\":\"https:\\\/\\\/www.zpiiel.com\\\/de\\\/#website\",\"url\":\"https:\\\/\\\/www.zpiiel.com\\\/de\\\/\",\"name\":\"Zpiiel\",\"description\":\"Zpiiel leget\u00f8j og produkter\",\"publisher\":{\"@id\":\"https:\\\/\\\/www.zpiiel.com\\\/de\\\/#organization\"},\"potentialAction\":[{\"@type\":\"SearchAction\",\"target\":{\"@type\":\"EntryPoint\",\"urlTemplate\":\"https:\\\/\\\/www.zpiiel.com\\\/de\\\/?s={search_term_string}\"},\"query-input\":{\"@type\":\"PropertyValueSpecification\",\"valueRequired\":true,\"valueName\":\"search_term_string\"}}],\"inLanguage\":\"de\"},{\"@type\":\"Organization\",\"@id\":\"https:\\\/\\\/www.zpiiel.com\\\/de\\\/#organization\",\"name\":\"Zpiiel\",\"url\":\"https:\\\/\\\/www.zpiiel.com\\\/de\\\/\",\"logo\":{\"@type\":\"ImageObject\",\"inLanguage\":\"de\",\"@id\":\"https:\\\/\\\/www.zpiiel.com\\\/de\\\/#\\\/schema\\\/logo\\\/image\\\/\",\"url\":\"https:\\\/\\\/www.zpiiel.com\\\/wp-content\\\/uploads\\\/2021\\\/01\\\/cropped-cropped-logo-1.png\",\"contentUrl\":\"https:\\\/\\\/www.zpiiel.com\\\/wp-content\\\/uploads\\\/2021\\\/01\\\/cropped-cropped-logo-1.png\",\"width\":160,\"height\":76,\"caption\":\"Zpiiel\"},\"image\":{\"@id\":\"https:\\\/\\\/www.zpiiel.com\\\/de\\\/#\\\/schema\\\/logo\\\/image\\\/\"},\"sameAs\":[\"https:\\\/\\\/www.facebook.com\\\/zpiiel\",\"https:\\\/\\\/www.instagram.com\\\/Zpiiel\\\/\",\"https:\\\/\\\/www.youtube.com\\\/channel\\\/UCo3IjQAIBtS-WsOVFwYpY3Q\"]}]}<\/script>\n<!-- \/ Yoast SEO plugin. -->","yoast_head_json":{"title":"THE ALPHABET - Zpiiel","robots":{"index":"index","follow":"follow","max-snippet":"max-snippet:-1","max-image-preview":"max-image-preview:large","max-video-preview":"max-video-preview:-1"},"canonical":"https:\/\/www.zpiiel.com\/de\/shop-de\/the-alphabet\/","og_locale":"de_DE","og_type":"article","og_title":"THE ALPHABET - Zpiiel","og_description":"Build &amp; Learn ist ein Bausatz, den wir f\u00fcr Kinderg\u00e4rten und Schulen entwickelt haben. Allen Bauteilen sind aus Kunststoff und haben Kugelglieder. Wenn die Kinder Figuren bauen, sie sind daher sowohl haltbar als auch beweglich. Kinderg\u00e4rten und Kliniken nutzen bereits Build &amp; Learn f\u00fcr z.B. um die Feinmotorik, das Ged\u00e4chtnis, die Auge-Hand-Koordination, das Stimulieren des Wahrnehmens und das Verst\u00e4ndnis von Form und Farbe der Kinder zu trainieren. Die Zpiiel Build &amp; Learn-Reihe unterst\u00fctzt Kinder bei ihrer fr\u00fchen Entwicklung der Schriftsprache und fr\u00fche mathematische F\u00e4higkeiten, damit sie besser vorbereitet sind f\u00fcr die Schule. In der Reihe finden Sie drei Schwerpunkte: \u201eDas Alphabet\u201c, \u201eZahlen und Messen\u201c und \u201eFormen\u201c. Konzentrieren Sie sich mit \u201eZahlen und Messen\u201c und \u201eFormen\u201c auf fr\u00fche mathematische F\u00e4higkeiten und fr\u00fche Schriftsprache mit \u201edas Alphabet\u201c oder bestellen Sie gleich die ganze Serie dazu um eine komplette Schulvorbereitung zu erhalten. Obwohl jedes Produkt einen besonderen Schwerpunkt hat, k\u00f6nnen sie die auch f\u00fcr Kind-initiiertes Spiel verwenden. Lassen Sie die Kinder mit einem Bausatz (Zpiiel) bauen, was sie wollen, wo nur die Fantasie Grenzen setzt.","og_url":"https:\/\/www.zpiiel.com\/de\/shop-de\/the-alphabet\/","og_site_name":"Zpiiel","article_publisher":"https:\/\/www.facebook.com\/zpiiel","og_image":[{"width":1600,"height":1200,"url":"https:\/\/www.zpiiel.com\/wp-content\/uploads\/2021\/12\/Design-uden-navn-14.png","type":"image\/png"}],"twitter_card":"summary_large_image","twitter_misc":{"Gesch\u00e4tzte Lesezeit":"5\u00a0Minuten"},"schema":{"@context":"https:\/\/schema.org","@graph":[{"@type":"WebPage","@id":"https:\/\/www.zpiiel.com\/de\/shop-de\/the-alphabet\/","url":"https:\/\/www.zpiiel.com\/de\/shop-de\/the-alphabet\/","name":"THE ALPHABET - Zpiiel","isPartOf":{"@id":"https:\/\/www.zpiiel.com\/de\/#website"},"primaryImageOfPage":{"@id":"https:\/\/www.zpiiel.com\/de\/shop-de\/the-alphabet\/#primaryimage"},"image":{"@id":"https:\/\/www.zpiiel.com\/de\/shop-de\/the-alphabet\/#primaryimage"},"thumbnailUrl":"https:\/\/www.zpiiel.com\/wp-content\/uploads\/2021\/12\/Design-uden-navn-18.png","datePublished":"2022-02-11T11:39:09+00:00","breadcrumb":{"@id":"https:\/\/www.zpiiel.com\/de\/shop-de\/the-alphabet\/#breadcrumb"},"inLanguage":"de","potentialAction":[{"@type":"ReadAction","target":["https:\/\/www.zpiiel.com\/de\/shop-de\/the-alphabet\/"]}]},{"@type":"ImageObject","inLanguage":"de","@id":"https:\/\/www.zpiiel.com\/de\/shop-de\/the-alphabet\/#primaryimage","url":"https:\/\/www.zpiiel.com\/wp-content\/uploads\/2021\/12\/Design-uden-navn-18.png","contentUrl":"https:\/\/www.zpiiel.com\/wp-content\/uploads\/2021\/12\/Design-uden-navn-18.png","width":1600,"height":1200},{"@type":"BreadcrumbList","@id":"https:\/\/www.zpiiel.com\/de\/shop-de\/the-alphabet\/#breadcrumb","itemListElement":[{"@type":"ListItem","position":1,"name":"Hjem","item":"https:\/\/www.zpiiel.com\/de\/vorderseite\/"},{"@type":"ListItem","position":2,"name":"Alle Produkte","item":"https:\/\/www.zpiiel.com\/de\/shop-2\/"},{"@type":"ListItem","position":3,"name":"THE ALPHABET"}]},{"@type":"WebSite","@id":"https:\/\/www.zpiiel.com\/de\/#website","url":"https:\/\/www.zpiiel.com\/de\/","name":"Zpiiel","description":"Zpiiel leget\u00f8j og produkter","publisher":{"@id":"https:\/\/www.zpiiel.com\/de\/#organization"},"potentialAction":[{"@type":"SearchAction","target":{"@type":"EntryPoint","urlTemplate":"https:\/\/www.zpiiel.com\/de\/?s={search_term_string}"},"query-input":{"@type":"PropertyValueSpecification","valueRequired":true,"valueName":"search_term_string"}}],"inLanguage":"de"},{"@type":"Organization","@id":"https:\/\/www.zpiiel.com\/de\/#organization","name":"Zpiiel","url":"https:\/\/www.zpiiel.com\/de\/","logo":{"@type":"ImageObject","inLanguage":"de","@id":"https:\/\/www.zpiiel.com\/de\/#\/schema\/logo\/image\/","url":"https:\/\/www.zpiiel.com\/wp-content\/uploads\/2021\/01\/cropped-cropped-logo-1.png","contentUrl":"https:\/\/www.zpiiel.com\/wp-content\/uploads\/2021\/01\/cropped-cropped-logo-1.png","width":160,"height":76,"caption":"Zpiiel"},"image":{"@id":"https:\/\/www.zpiiel.com\/de\/#\/schema\/logo\/image\/"},"sameAs":["https:\/\/www.facebook.com\/zpiiel","https:\/\/www.instagram.com\/Zpiiel\/","https:\/\/www.youtube.com\/channel\/UCo3IjQAIBtS-WsOVFwYpY3Q"]}]}},"_links":{"self":[{"href":"https:\/\/www.zpiiel.com\/de\/wp-json\/wp\/v2\/product\/11950","targetHints":{"allow":["GET"]}}],"collection":[{"href":"https:\/\/www.zpiiel.com\/de\/wp-json\/wp\/v2\/product"}],"about":[{"href":"https:\/\/www.zpiiel.com\/de\/wp-json\/wp\/v2\/types\/product"}],"version-history":[{"count":8,"href":"https:\/\/www.zpiiel.com\/de\/wp-json\/wp\/v2\/product\/11950\/revisions"}],"predecessor-version":[{"id":12260,"href":"https:\/\/www.zpiiel.com\/de\/wp-json\/wp\/v2\/product\/11950\/revisions\/12260"}],"wp:featuredmedia":[{"embeddable":true,"href":"https:\/\/www.zpiiel.com\/de\/wp-json\/wp\/v2\/media\/13046"}],"wp:attachment":[{"href":"https:\/\/www.zpiiel.com\/de\/wp-json\/wp\/v2\/media?parent=11950"}],"wp:term":[{"taxonomy":"product_brand","embeddable":true,"href":"https:\/\/www.zpiiel.com\/de\/wp-json\/wp\/v2\/product_brand?post=11950"},{"taxonomy":"product_cat","embeddable":true,"href":"https:\/\/www.zpiiel.com\/de\/wp-json\/wp\/v2\/product_cat?post=11950"},{"taxonomy":"product_tag","embeddable":true,"href":"https:\/\/www.zpiiel.com\/de\/wp-json\/wp\/v2\/product_tag?post=11950"}],"curies":[{"name":"wp","href":"https:\/\/api.w.org\/{rel}","templated":true}]}}