{"id":5217,"date":"2020-04-22T21:29:17","date_gmt":"2020-04-22T21:29:17","guid":{"rendered":"https:\/\/www.zpiiel.com\/ruecksendung\/"},"modified":"2022-01-26T12:02:37","modified_gmt":"2022-01-26T12:02:37","slug":"ruecksendung","status":"publish","type":"page","link":"https:\/\/www.zpiiel.com\/de\/ruecksendung\/","title":{"rendered":"R\u00fccksendung"},"content":{"rendered":"\t\t<div data-elementor-type=\"wp-post\" data-elementor-id=\"5217\" class=\"elementor elementor-5217 elementor-2638\" data-elementor-post-type=\"page\">\n\t\t\t\t\t\t<section class=\"elementor-section elementor-top-section elementor-element elementor-element-8079300 elementor-section-boxed elementor-section-height-default elementor-section-height-default\" data-id=\"8079300\" data-element_type=\"section\" data-e-type=\"section\">\n\t\t\t\t\t\t<div class=\"elementor-container elementor-column-gap-default\">\n\t\t\t\t\t<div class=\"elementor-column elementor-col-100 elementor-top-column elementor-element elementor-element-f2514f9\" data-id=\"f2514f9\" data-element_type=\"column\" data-e-type=\"column\">\n\t\t\t<div class=\"elementor-widget-wrap elementor-element-populated\">\n\t\t\t\t\t\t<div class=\"elementor-element elementor-element-cd58f62 elementor-widget elementor-widget-heading\" data-id=\"cd58f62\" data-element_type=\"widget\" data-e-type=\"widget\" data-widget_type=\"heading.default\">\n\t\t\t\t<div class=\"elementor-widget-container\">\n\t\t\t\t\t<h2 class=\"elementor-heading-title elementor-size-default\">R\u00fccksendung von Artikeln<\/h2>\t\t\t\t<\/div>\n\t\t\t\t<\/div>\n\t\t\t\t<div class=\"elementor-element elementor-element-9728a89 elementor-widget elementor-widget-heading\" data-id=\"9728a89\" data-element_type=\"widget\" data-e-type=\"widget\" data-widget_type=\"heading.default\">\n\t\t\t\t<div class=\"elementor-widget-container\">\n\t\t\t\t\t<h2 class=\"elementor-heading-title elementor-size-default\">Stornierung<\/h2>\t\t\t\t<\/div>\n\t\t\t\t<\/div>\n\t\t\t\t<div class=\"elementor-element elementor-element-77509da elementor-widget elementor-widget-text-editor\" data-id=\"77509da\" data-element_type=\"widget\" data-e-type=\"widget\" data-widget_type=\"text-editor.default\">\n\t\t\t\t<div class=\"elementor-widget-container\">\n\t\t\t\t\t\t\t\t\t<p>Du muss uns innerhalb von 14 Tagen benachrichtigen, ob du die Sendung wieder zur\u00fcckschickst. Danach hast du 14 Tage deine Artikel an uns zur\u00fcck zu senden. Die Ware darf nicht so weit verwendet werden, dass sie nicht weiterverkauft werden kann, andernfalls m\u00fcssen Sie f\u00fcr die Wertminderung aufkommen. Die Ware muss vollst\u00e4ndig sein bei der R\u00fccksendung. Du muss selbst f\u00fcr den Versand zahlen bei der R\u00fccksendung. Wenn wir den Artikel bekommen haben, \u00fcberweisen wir das Geld auf dein Bankkonto plus Lieferkosten. Das wird innerhalb von 14 Tagen passieren.<\/p>\n<p><strong>Was soll ich zur\u00fcckschicken?<\/strong><br \/>Sie m\u00fcssen eine Kopie der Auftragsbest\u00e4tigung beilegen.<\/p>\n<p>Beachte: Wir nehmen keine Pakete per Nachnahme in Empfang.<span style=\"color: #3a3a3a; font-size: 2rem;\"> <\/span><\/p>\n\t\t\t\t\t\t\t\t<\/div>\n\t\t\t\t<\/div>\n\t\t\t\t<div class=\"elementor-element elementor-element-c48d1b3 elementor-widget elementor-widget-heading\" data-id=\"c48d1b3\" data-element_type=\"widget\" data-e-type=\"widget\" data-widget_type=\"heading.default\">\n\t\t\t\t<div class=\"elementor-widget-container\">\n\t\t\t\t\t<h2 class=\"elementor-heading-title elementor-size-default\">Reklamation<\/h2>\t\t\t\t<\/div>\n\t\t\t\t<\/div>\n\t\t\t\t<div class=\"elementor-element elementor-element-41923c0 elementor-widget elementor-widget-text-editor\" data-id=\"41923c0\" data-element_type=\"widget\" data-e-type=\"widget\" data-widget_type=\"text-editor.default\">\n\t\t\t\t<div class=\"elementor-widget-container\">\n\t\t\t\t\t\t\t\t\t<p>Wenn du bei www.zpiiel.com gekauft hast, bekommst du selbstverst\u00e4ndlich 24 Monate Reklamationsfrist. Das bedeutet, dass du entweder den Artikel repariert, ausgetauscht oder das Geld zur\u00fcck bekommst abh\u00e4ngig von der jeweiligen der konkreten Situation.<\/p>\n<p>Du hast selbstverst\u00e4ndlich Anspruch darauf, das Produkt zu reklamieren, wenn es beim Gebrauch nicht fehlerhaft behandelt wurde.<\/p>\n<p><strong>Wie schnell soll ich Reklamieren?<\/strong><br \/>Du muss innerhalb einer angemessenen Zeit reklamieren sobald du einen Mangel an der Ware festgestellt hast. Wir empfehlen, dass du so schnell wie m\u00f6glich reklamierst. Wenn du innerhalb eine Woche reklamierst, nach dem der M\u00e4ngel entdeckt ist, wird die Reklamation immer rechtzeitig sein.<\/p>\n<p><strong>Wir erstatten angemessene Frachtkosten<\/strong><br \/>Ist die Reklamation berechtigt, erstatten wir nat\u00fcrlich deine Frachtkosten im Zusammenhang mit deiner R\u00fccksendung der Artikel an uns.<\/p>\n<p>Die Ware muss an folgende Adresse geliefert werden.<br \/>Zpiiel ApS<br \/>Messingvej 58 B<br \/>8940 Randers SV<\/p>\n<p>Wir ben\u00f6tigen folgende Information, wenn du den Artikel an uns zur\u00fcck lieferst.<br \/>Wenn du den Artikel retournierst, bitten wir dich mitzuteilen, was das Problem ist, so detailliert wie m\u00f6glich.<\/p>\n<p>Benutze gern unsere Reklamationsschema hier www.zpiiel.com. Es ist kein muss, aber es erleichtert unsere Sachbearbeitung und minimiert die Expeditionszeit bei Reklamationen.<\/p>\n<p>Beachte: Wir nehmen keine Pakete per Nachnahme in Empfang.<\/p>\n<p>Bedenke, dass die Ware immer in einer sachgem\u00e4\u00dfen Verpackung zur\u00fcck geliefert wird, und bitte das Postamt um eine Quittung der R\u00fccksendung, so dass wir deine Frachtkosten zur\u00fcckzahlen k\u00f6nnen.<\/p>\n\t\t\t\t\t\t\t\t<\/div>\n\t\t\t\t<\/div>\n\t\t\t\t\t<\/div>\n\t\t<\/div>\n\t\t\t\t\t<\/div>\n\t\t<\/section>\n\t\t\t\t<\/div>\n\t\t","protected":false},"excerpt":{"rendered":"<p>R\u00fccksendung von Artikeln Stornierung Du muss uns innerhalb von 14 Tagen benachrichtigen, ob du die Sendung wieder zur\u00fcckschickst. Danach hast du 14 Tage deine Artikel an uns zur\u00fcck zu senden. Die Ware darf nicht so weit verwendet werden, dass sie nicht weiterverkauft werden kann, andernfalls m\u00fcssen Sie f\u00fcr die Wertminderung aufkommen. Die Ware muss vollst\u00e4ndig [&hellip;]<\/p>\n","protected":false},"author":2,"featured_media":0,"parent":0,"menu_order":0,"comment_status":"closed","ping_status":"closed","template":"elementor_header_footer","meta":{"inline_featured_image":false,"site-sidebar-layout":"default","site-content-layout":"default","ast-site-content-layout":"default","site-content-style":"default","site-sidebar-style":"default","ast-global-header-display":"","ast-banner-title-visibility":"","ast-main-header-display":"","ast-hfb-above-header-display":"","ast-hfb-below-header-display":"","ast-hfb-mobile-header-display":"","site-post-title":"","ast-breadcrumbs-content":"","ast-featured-img":"","footer-sml-layout":"","theme-transparent-header-meta":"default","adv-header-id-meta":"","stick-header-meta":"default","header-above-stick-meta":"","header-main-stick-meta":"","header-below-stick-meta":"","astra-migrate-meta-layouts":"default","ast-page-background-enabled":"default","ast-page-background-meta":{"desktop":{"background-color":"","background-image":"","background-repeat":"repeat","background-position":"center center","background-size":"auto","background-attachment":"scroll","background-type":"","background-media":"","overlay-type":"","overlay-color":"","overlay-opacity":"","overlay-gradient":""},"tablet":{"background-color":"","background-image":"","background-repeat":"repeat","background-position":"center center","background-size":"auto","background-attachment":"scroll","background-type":"","background-media":"","overlay-type":"","overlay-color":"","overlay-opacity":"","overlay-gradient":""},"mobile":{"background-color":"","background-image":"","background-repeat":"repeat","background-position":"center center","background-size":"auto","background-attachment":"scroll","background-type":"","background-media":"","overlay-type":"","overlay-color":"","overlay-opacity":"","overlay-gradient":""}},"ast-content-background-meta":{"desktop":{"background-color":"var(--ast-global-color-5)","background-image":"","background-repeat":"repeat","background-position":"center center","background-size":"auto","background-attachment":"scroll","background-type":"","background-media":"","overlay-type":"","overlay-color":"","overlay-opacity":"","overlay-gradient":""},"tablet":{"background-color":"var(--ast-global-color-5)","background-image":"","background-repeat":"repeat","background-position":"center center","background-size":"auto","background-attachment":"scroll","background-type":"","background-media":"","overlay-type":"","overlay-color":"","overlay-opacity":"","overlay-gradient":""},"mobile":{"background-color":"var(--ast-global-color-5)","background-image":"","background-repeat":"repeat","background-position":"center center","background-size":"auto","background-attachment":"scroll","background-type":"","background-media":"","overlay-type":"","overlay-color":"","overlay-opacity":"","overlay-gradient":""}},"footnotes":""},"class_list":["post-5217","page","type-page","status-publish","hentry"],"yoast_head":"<!-- This site is optimized with the Yoast SEO plugin v27.4 - https:\/\/yoast.com\/product\/yoast-seo-wordpress\/ -->\n<title>R\u00fccksendung - Zpiiel<\/title>\n<meta name=\"robots\" content=\"index, follow, max-snippet:-1, max-image-preview:large, max-video-preview:-1\" \/>\n<link rel=\"canonical\" href=\"https:\/\/www.zpiiel.com\/de\/ruecksendung\/\" \/>\n<meta property=\"og:locale\" content=\"de_DE\" \/>\n<meta property=\"og:type\" content=\"article\" \/>\n<meta property=\"og:title\" content=\"R\u00fccksendung - Zpiiel\" \/>\n<meta property=\"og:description\" content=\"R\u00fccksendung von Artikeln Stornierung Du muss uns innerhalb von 14 Tagen benachrichtigen, ob du die Sendung wieder zur\u00fcckschickst. Danach hast du 14 Tage deine Artikel an uns zur\u00fcck zu senden. Die Ware darf nicht so weit verwendet werden, dass sie nicht weiterverkauft werden kann, andernfalls m\u00fcssen Sie f\u00fcr die Wertminderung aufkommen. Die Ware muss vollst\u00e4ndig [&hellip;]\" \/>\n<meta property=\"og:url\" content=\"https:\/\/www.zpiiel.com\/de\/ruecksendung\/\" \/>\n<meta property=\"og:site_name\" content=\"Zpiiel\" \/>\n<meta property=\"article:publisher\" content=\"https:\/\/www.facebook.com\/zpiiel\" \/>\n<meta property=\"article:modified_time\" content=\"2022-01-26T12:02:37+00:00\" \/>\n<meta name=\"twitter:card\" content=\"summary_large_image\" \/>\n<meta name=\"twitter:label1\" content=\"Gesch\u00e4tzte Lesezeit\" \/>\n\t<meta name=\"twitter:data1\" content=\"2\u00a0Minuten\" \/>\n<script type=\"application\/ld+json\" class=\"yoast-schema-graph\">{\"@context\":\"https:\\\/\\\/schema.org\",\"@graph\":[{\"@type\":\"WebPage\",\"@id\":\"https:\\\/\\\/www.zpiiel.com\\\/de\\\/ruecksendung\\\/\",\"url\":\"https:\\\/\\\/www.zpiiel.com\\\/de\\\/ruecksendung\\\/\",\"name\":\"R\u00fccksendung - Zpiiel\",\"isPartOf\":{\"@id\":\"https:\\\/\\\/www.zpiiel.com\\\/de\\\/#website\"},\"datePublished\":\"2020-04-22T21:29:17+00:00\",\"dateModified\":\"2022-01-26T12:02:37+00:00\",\"breadcrumb\":{\"@id\":\"https:\\\/\\\/www.zpiiel.com\\\/de\\\/ruecksendung\\\/#breadcrumb\"},\"inLanguage\":\"de\",\"potentialAction\":[{\"@type\":\"ReadAction\",\"target\":[\"https:\\\/\\\/www.zpiiel.com\\\/de\\\/ruecksendung\\\/\"]}]},{\"@type\":\"BreadcrumbList\",\"@id\":\"https:\\\/\\\/www.zpiiel.com\\\/de\\\/ruecksendung\\\/#breadcrumb\",\"itemListElement\":[{\"@type\":\"ListItem\",\"position\":1,\"name\":\"Hjem\",\"item\":\"https:\\\/\\\/www.zpiiel.com\\\/de\\\/vorderseite\\\/\"},{\"@type\":\"ListItem\",\"position\":2,\"name\":\"R\u00fccksendung\"}]},{\"@type\":\"WebSite\",\"@id\":\"https:\\\/\\\/www.zpiiel.com\\\/de\\\/#website\",\"url\":\"https:\\\/\\\/www.zpiiel.com\\\/de\\\/\",\"name\":\"Zpiiel\",\"description\":\"Zpiiel leget\u00f8j og produkter\",\"publisher\":{\"@id\":\"https:\\\/\\\/www.zpiiel.com\\\/de\\\/#organization\"},\"potentialAction\":[{\"@type\":\"SearchAction\",\"target\":{\"@type\":\"EntryPoint\",\"urlTemplate\":\"https:\\\/\\\/www.zpiiel.com\\\/de\\\/?s={search_term_string}\"},\"query-input\":{\"@type\":\"PropertyValueSpecification\",\"valueRequired\":true,\"valueName\":\"search_term_string\"}}],\"inLanguage\":\"de\"},{\"@type\":\"Organization\",\"@id\":\"https:\\\/\\\/www.zpiiel.com\\\/de\\\/#organization\",\"name\":\"Zpiiel\",\"url\":\"https:\\\/\\\/www.zpiiel.com\\\/de\\\/\",\"logo\":{\"@type\":\"ImageObject\",\"inLanguage\":\"de\",\"@id\":\"https:\\\/\\\/www.zpiiel.com\\\/de\\\/#\\\/schema\\\/logo\\\/image\\\/\",\"url\":\"https:\\\/\\\/www.zpiiel.com\\\/wp-content\\\/uploads\\\/2021\\\/01\\\/cropped-cropped-logo-1.png\",\"contentUrl\":\"https:\\\/\\\/www.zpiiel.com\\\/wp-content\\\/uploads\\\/2021\\\/01\\\/cropped-cropped-logo-1.png\",\"width\":160,\"height\":76,\"caption\":\"Zpiiel\"},\"image\":{\"@id\":\"https:\\\/\\\/www.zpiiel.com\\\/de\\\/#\\\/schema\\\/logo\\\/image\\\/\"},\"sameAs\":[\"https:\\\/\\\/www.facebook.com\\\/zpiiel\",\"https:\\\/\\\/www.instagram.com\\\/Zpiiel\\\/\",\"https:\\\/\\\/www.youtube.com\\\/channel\\\/UCo3IjQAIBtS-WsOVFwYpY3Q\"]}]}<\/script>\n<!-- \/ Yoast SEO plugin. -->","yoast_head_json":{"title":"R\u00fccksendung - Zpiiel","robots":{"index":"index","follow":"follow","max-snippet":"max-snippet:-1","max-image-preview":"max-image-preview:large","max-video-preview":"max-video-preview:-1"},"canonical":"https:\/\/www.zpiiel.com\/de\/ruecksendung\/","og_locale":"de_DE","og_type":"article","og_title":"R\u00fccksendung - Zpiiel","og_description":"R\u00fccksendung von Artikeln Stornierung Du muss uns innerhalb von 14 Tagen benachrichtigen, ob du die Sendung wieder zur\u00fcckschickst. Danach hast du 14 Tage deine Artikel an uns zur\u00fcck zu senden. Die Ware darf nicht so weit verwendet werden, dass sie nicht weiterverkauft werden kann, andernfalls m\u00fcssen Sie f\u00fcr die Wertminderung aufkommen. Die Ware muss vollst\u00e4ndig [&hellip;]","og_url":"https:\/\/www.zpiiel.com\/de\/ruecksendung\/","og_site_name":"Zpiiel","article_publisher":"https:\/\/www.facebook.com\/zpiiel","article_modified_time":"2022-01-26T12:02:37+00:00","twitter_card":"summary_large_image","twitter_misc":{"Gesch\u00e4tzte Lesezeit":"2\u00a0Minuten"},"schema":{"@context":"https:\/\/schema.org","@graph":[{"@type":"WebPage","@id":"https:\/\/www.zpiiel.com\/de\/ruecksendung\/","url":"https:\/\/www.zpiiel.com\/de\/ruecksendung\/","name":"R\u00fccksendung - Zpiiel","isPartOf":{"@id":"https:\/\/www.zpiiel.com\/de\/#website"},"datePublished":"2020-04-22T21:29:17+00:00","dateModified":"2022-01-26T12:02:37+00:00","breadcrumb":{"@id":"https:\/\/www.zpiiel.com\/de\/ruecksendung\/#breadcrumb"},"inLanguage":"de","potentialAction":[{"@type":"ReadAction","target":["https:\/\/www.zpiiel.com\/de\/ruecksendung\/"]}]},{"@type":"BreadcrumbList","@id":"https:\/\/www.zpiiel.com\/de\/ruecksendung\/#breadcrumb","itemListElement":[{"@type":"ListItem","position":1,"name":"Hjem","item":"https:\/\/www.zpiiel.com\/de\/vorderseite\/"},{"@type":"ListItem","position":2,"name":"R\u00fccksendung"}]},{"@type":"WebSite","@id":"https:\/\/www.zpiiel.com\/de\/#website","url":"https:\/\/www.zpiiel.com\/de\/","name":"Zpiiel","description":"Zpiiel leget\u00f8j og produkter","publisher":{"@id":"https:\/\/www.zpiiel.com\/de\/#organization"},"potentialAction":[{"@type":"SearchAction","target":{"@type":"EntryPoint","urlTemplate":"https:\/\/www.zpiiel.com\/de\/?s={search_term_string}"},"query-input":{"@type":"PropertyValueSpecification","valueRequired":true,"valueName":"search_term_string"}}],"inLanguage":"de"},{"@type":"Organization","@id":"https:\/\/www.zpiiel.com\/de\/#organization","name":"Zpiiel","url":"https:\/\/www.zpiiel.com\/de\/","logo":{"@type":"ImageObject","inLanguage":"de","@id":"https:\/\/www.zpiiel.com\/de\/#\/schema\/logo\/image\/","url":"https:\/\/www.zpiiel.com\/wp-content\/uploads\/2021\/01\/cropped-cropped-logo-1.png","contentUrl":"https:\/\/www.zpiiel.com\/wp-content\/uploads\/2021\/01\/cropped-cropped-logo-1.png","width":160,"height":76,"caption":"Zpiiel"},"image":{"@id":"https:\/\/www.zpiiel.com\/de\/#\/schema\/logo\/image\/"},"sameAs":["https:\/\/www.facebook.com\/zpiiel","https:\/\/www.instagram.com\/Zpiiel\/","https:\/\/www.youtube.com\/channel\/UCo3IjQAIBtS-WsOVFwYpY3Q"]}]}},"_links":{"self":[{"href":"https:\/\/www.zpiiel.com\/de\/wp-json\/wp\/v2\/pages\/5217","targetHints":{"allow":["GET"]}}],"collection":[{"href":"https:\/\/www.zpiiel.com\/de\/wp-json\/wp\/v2\/pages"}],"about":[{"href":"https:\/\/www.zpiiel.com\/de\/wp-json\/wp\/v2\/types\/page"}],"author":[{"embeddable":true,"href":"https:\/\/www.zpiiel.com\/de\/wp-json\/wp\/v2\/users\/2"}],"replies":[{"embeddable":true,"href":"https:\/\/www.zpiiel.com\/de\/wp-json\/wp\/v2\/comments?post=5217"}],"version-history":[{"count":6,"href":"https:\/\/www.zpiiel.com\/de\/wp-json\/wp\/v2\/pages\/5217\/revisions"}],"predecessor-version":[{"id":11715,"href":"https:\/\/www.zpiiel.com\/de\/wp-json\/wp\/v2\/pages\/5217\/revisions\/11715"}],"wp:attachment":[{"href":"https:\/\/www.zpiiel.com\/de\/wp-json\/wp\/v2\/media?parent=5217"}],"curies":[{"name":"wp","href":"https:\/\/api.w.org\/{rel}","templated":true}]}}