{"id":5204,"date":"2020-04-22T21:19:00","date_gmt":"2020-04-22T21:19:00","guid":{"rendered":"https:\/\/www.zpiiel.com\/produkte\/makerz\/"},"modified":"2025-03-26T12:11:06","modified_gmt":"2025-03-26T12:11:06","slug":"makerz","status":"publish","type":"page","link":"https:\/\/www.zpiiel.com\/de\/produkte\/makerz\/","title":{"rendered":"MakerZ"},"content":{"rendered":"\t\t<div data-elementor-type=\"wp-post\" data-elementor-id=\"5204\" class=\"elementor elementor-5204 elementor-3061\" data-elementor-post-type=\"page\">\n\t\t\t\t\t\t<section class=\"elementor-section elementor-top-section elementor-element elementor-element-96e9e9e elementor-section-boxed elementor-section-height-default elementor-section-height-default\" data-id=\"96e9e9e\" data-element_type=\"section\" data-e-type=\"section\">\n\t\t\t\t\t\t<div class=\"elementor-container elementor-column-gap-default\">\n\t\t\t\t\t<div class=\"elementor-column elementor-col-100 elementor-top-column elementor-element elementor-element-3b64c26\" data-id=\"3b64c26\" data-element_type=\"column\" data-e-type=\"column\">\n\t\t\t<div class=\"elementor-widget-wrap elementor-element-populated\">\n\t\t\t\t\t\t<section class=\"elementor-section elementor-inner-section elementor-element elementor-element-22855f4 elementor-section-boxed elementor-section-height-default elementor-section-height-default\" data-id=\"22855f4\" data-element_type=\"section\" data-e-type=\"section\">\n\t\t\t\t\t\t<div class=\"elementor-container elementor-column-gap-default\">\n\t\t\t\t\t<div class=\"elementor-column elementor-col-100 elementor-inner-column elementor-element elementor-element-5a3e0b6\" data-id=\"5a3e0b6\" data-element_type=\"column\" data-e-type=\"column\" data-settings=\"{&quot;background_background&quot;:&quot;classic&quot;}\">\n\t\t\t<div class=\"elementor-widget-wrap elementor-element-populated\">\n\t\t\t\t\t<div class=\"elementor-background-overlay\"><\/div>\n\t\t\t\t\t\t<div class=\"elementor-element elementor-element-fe634f0 elementor-widget elementor-widget-image\" data-id=\"fe634f0\" data-element_type=\"widget\" data-e-type=\"widget\" data-widget_type=\"image.default\">\n\t\t\t\t<div class=\"elementor-widget-container\">\n\t\t\t\t\t\t\t\t\t\t\t\t\t\t\t\t<a href=\"https:\/\/www.zpiiel.com\/produkter\/makerz\/\">\n\t\t\t\t\t\t\t<img decoding=\"async\" src=\"https:\/\/www.zpiiel.com\/wp-content\/uploads\/2018\/11\/makerz_01.svg\" title=\"\" alt=\"\" loading=\"lazy\" \/>\t\t\t\t\t\t\t\t<\/a>\n\t\t\t\t\t\t\t\t\t\t\t\t\t\t\t<\/div>\n\t\t\t\t<\/div>\n\t\t\t\t<div class=\"elementor-element elementor-element-388bf06 elementor-widget elementor-widget-jet-woo-products\" data-id=\"388bf06\" data-element_type=\"widget\" data-e-type=\"widget\" data-settings=\"{&quot;columns&quot;:&quot;3&quot;}\" data-widget_type=\"jet-woo-products.default\">\n\t\t\t\t<div class=\"elementor-widget-container\">\n\t\t\t\t\t<div class=\"elementor-jet-woo-products jet-woo-builder\"><div class=\"jet-woo-products jet-woo-products--preset-1 col-row  jet-equal-cols\" data-mobile-hover=\"\" >\n<div class=\"jet-woo-products__item jet-woo-builder-product\" data-product-id=\"7619\">\n\t<div class=\"jet-woo-products__inner-box\"  >\n\t\t\n<div class=\"jet-woo-product-thumbnail\">\n\t\n\t<a href=\"https:\/\/www.zpiiel.com\/de\/shop-de\/makers-600\/\"><img fetchpriority=\"high\" decoding=\"async\" width=\"720\" height=\"540\" src=\"https:\/\/www.zpiiel.com\/wp-content\/uploads\/2017\/05\/2012_Box-Front-Mockup-1-1-720x540.jpg\" class=\"attachment-woocommerce_thumbnail size-woocommerce_thumbnail\" alt=\"\" \/><\/a>\n\t<div class=\"jet-woo-product-img-overlay\"><\/div>\n\n\t\n\t<\/div>\n<div class=\"jet-woo-product-categories\">\n\t<ul><li><a href=\"https:\/\/www.zpiiel.com\/de\/produkt-kategorie\/makerz-de\/\" rel=\"tag\">MakerZ<\/a><\/li><\/ul>\n<\/div><h5 class=\"jet-woo-product-title\"><a href=\"https:\/\/www.zpiiel.com\/de\/shop-de\/makers-600\/\">MakerZ 600<\/a><\/h5>\n<div class=\"jet-woo-product-price\">\n\t<span class=\"price\"><span class=\"woocommerce-Price-amount amount\"><span class=\"woocommerce-Price-currencySymbol\">&euro;<\/span>79.99<\/span><\/span>\n<\/div>\n<div class=\"jet-woo-product-button\">\n\t<a href=\"\/de\/wp-json\/wp\/v2\/pages\/5204?add-to-cart=7619\" aria-describedby=\"woocommerce_loop_add_to_cart_link_describedby_7619\" data-quantity=\"1\" class=\"button product_type_simple add_to_cart_button ajax_add_to_cart\" data-product_id=\"7619\" data-product_sku=\"2012 Makers 600\" aria-label=\"In den Warenkorb legen: \u201eMakerZ 600\u201c\" rel=\"nofollow\">In den Warenkorb<\/a>\t<span id=\"woocommerce_loop_add_to_cart_link_describedby_7619\" class=\"screen-reader-text\">\n\t\t\t<\/span>\n<\/div>\n<div class=\"jet-woo-products-cqw-wrapper\">\n\t<\/div>\t<\/div>\n\n\t<\/div>\n<div class=\"jet-woo-products__item jet-woo-builder-product\" data-product-id=\"7618\">\n\t<div class=\"jet-woo-products__inner-box\"  >\n\t\t\n<div class=\"jet-woo-product-thumbnail\">\n\t\n\t<a href=\"https:\/\/www.zpiiel.com\/de\/shop-de\/makers-270\/\"><img decoding=\"async\" width=\"720\" height=\"540\" src=\"https:\/\/www.zpiiel.com\/wp-content\/uploads\/2017\/05\/2011_Box-Front-Mockup-1-720x540.jpg\" class=\"attachment-woocommerce_thumbnail size-woocommerce_thumbnail\" alt=\"\" \/><\/a>\n\t<div class=\"jet-woo-product-img-overlay\"><\/div>\n\n\t\n\t<\/div>\n<div class=\"jet-woo-product-categories\">\n\t<ul><li><a href=\"https:\/\/www.zpiiel.com\/de\/produkt-kategorie\/makerz-de\/\" rel=\"tag\">MakerZ<\/a><\/li><\/ul>\n<\/div><h5 class=\"jet-woo-product-title\"><a href=\"https:\/\/www.zpiiel.com\/de\/shop-de\/makers-270\/\">MakerZ 270<\/a><\/h5>\n<div class=\"jet-woo-product-price\">\n\t<span class=\"price\"><span class=\"woocommerce-Price-amount amount\"><span class=\"woocommerce-Price-currencySymbol\">&euro;<\/span>39.99<\/span><\/span>\n<\/div>\n<div class=\"jet-woo-product-button\">\n\t<a href=\"\/de\/wp-json\/wp\/v2\/pages\/5204?add-to-cart=7618\" aria-describedby=\"woocommerce_loop_add_to_cart_link_describedby_7618\" data-quantity=\"1\" class=\"button product_type_simple add_to_cart_button ajax_add_to_cart\" data-product_id=\"7618\" data-product_sku=\"2011 Makers 270\" aria-label=\"In den Warenkorb legen: \u201eMakerZ 270\u201c\" rel=\"nofollow\">In den Warenkorb<\/a>\t<span id=\"woocommerce_loop_add_to_cart_link_describedby_7618\" class=\"screen-reader-text\">\n\t\t\t<\/span>\n<\/div>\n<div class=\"jet-woo-products-cqw-wrapper\">\n\t<\/div>\t<\/div>\n\n\t<\/div>\n<div class=\"jet-woo-products__item jet-woo-builder-product\" data-product-id=\"7617\">\n\t<div class=\"jet-woo-products__inner-box\"  >\n\t\t\n<div class=\"jet-woo-product-thumbnail\">\n\t\n\t<a href=\"https:\/\/www.zpiiel.com\/de\/shop-de\/makers-120\/\"><img decoding=\"async\" width=\"720\" height=\"540\" src=\"https:\/\/www.zpiiel.com\/wp-content\/uploads\/2017\/05\/2010_Box-Front-Mockup-2-720x540.jpg\" class=\"attachment-woocommerce_thumbnail size-woocommerce_thumbnail\" alt=\"\" \/><\/a>\n\t<div class=\"jet-woo-product-img-overlay\"><\/div>\n\n\t\n\t<\/div>\n<div class=\"jet-woo-product-categories\">\n\t<ul><li><a href=\"https:\/\/www.zpiiel.com\/de\/produkt-kategorie\/makerz-de\/\" rel=\"tag\">MakerZ<\/a><\/li><\/ul>\n<\/div><h5 class=\"jet-woo-product-title\"><a href=\"https:\/\/www.zpiiel.com\/de\/shop-de\/makers-120\/\">MakerZ 120<\/a><\/h5>\n<div class=\"jet-woo-product-price\">\n\t<span class=\"price\"><span class=\"woocommerce-Price-amount amount\"><span class=\"woocommerce-Price-currencySymbol\">&euro;<\/span>22.99<\/span><\/span>\n<\/div>\n<div class=\"jet-woo-product-button\">\n\t<a href=\"\/de\/wp-json\/wp\/v2\/pages\/5204?add-to-cart=7617\" aria-describedby=\"woocommerce_loop_add_to_cart_link_describedby_7617\" data-quantity=\"1\" class=\"button product_type_simple add_to_cart_button ajax_add_to_cart\" data-product_id=\"7617\" data-product_sku=\"2010 Makers 120\" aria-label=\"In den Warenkorb legen: \u201eMakerZ 120\u201c\" rel=\"nofollow\">In den Warenkorb<\/a>\t<span id=\"woocommerce_loop_add_to_cart_link_describedby_7617\" class=\"screen-reader-text\">\n\t\t\t<\/span>\n<\/div>\n<div class=\"jet-woo-products-cqw-wrapper\">\n\t<\/div>\t<\/div>\n\n\t<\/div><\/div>\n<\/div>\t\t\t\t<\/div>\n\t\t\t\t<\/div>\n\t\t\t\t\t<\/div>\n\t\t<\/div>\n\t\t\t\t\t<\/div>\n\t\t<\/section>\n\t\t\t\t\t<\/div>\n\t\t<\/div>\n\t\t\t\t\t<\/div>\n\t\t<\/section>\n\t\t\t\t<section class=\"elementor-section elementor-top-section elementor-element elementor-element-496c320 elementor-section-boxed elementor-section-height-default elementor-section-height-default\" data-id=\"496c320\" data-element_type=\"section\" data-e-type=\"section\">\n\t\t\t\t\t\t<div class=\"elementor-container elementor-column-gap-no\">\n\t\t\t\t\t<div class=\"elementor-column elementor-col-100 elementor-top-column elementor-element elementor-element-e83dae5\" data-id=\"e83dae5\" data-element_type=\"column\" data-e-type=\"column\">\n\t\t\t<div class=\"elementor-widget-wrap elementor-element-populated\">\n\t\t\t\t\t\t<div class=\"elementor-element elementor-element-8dd89e5 elementor-widget-divider--view-line elementor-widget elementor-widget-divider\" data-id=\"8dd89e5\" data-element_type=\"widget\" data-e-type=\"widget\" data-widget_type=\"divider.default\">\n\t\t\t\t<div class=\"elementor-widget-container\">\n\t\t\t\t\t\t\t<div class=\"elementor-divider\">\n\t\t\t<span class=\"elementor-divider-separator\">\n\t\t\t\t\t\t<\/span>\n\t\t<\/div>\n\t\t\t\t\t\t<\/div>\n\t\t\t\t<\/div>\n\t\t\t\t\t<\/div>\n\t\t<\/div>\n\t\t\t\t\t<\/div>\n\t\t<\/section>\n\t\t\t\t<section class=\"elementor-section elementor-top-section elementor-element elementor-element-c430627 elementor-section-height-min-height elementor-section-boxed elementor-section-height-default elementor-section-items-middle\" data-id=\"c430627\" data-element_type=\"section\" data-e-type=\"section\">\n\t\t\t\t\t\t<div class=\"elementor-container elementor-column-gap-default\">\n\t\t\t\t\t<div class=\"elementor-column elementor-col-100 elementor-top-column elementor-element elementor-element-b3d4daa\" data-id=\"b3d4daa\" data-element_type=\"column\" data-e-type=\"column\">\n\t\t\t<div class=\"elementor-widget-wrap elementor-element-populated\">\n\t\t\t\t\t\t<div class=\"elementor-element elementor-element-46075d5 elementor-widget elementor-widget-heading\" data-id=\"46075d5\" data-element_type=\"widget\" data-e-type=\"widget\" data-widget_type=\"heading.default\">\n\t\t\t\t<div class=\"elementor-widget-container\">\n\t\t\t\t\t<h1 class=\"elementor-heading-title elementor-size-default\">MAKERZ<\/h1>\t\t\t\t<\/div>\n\t\t\t\t<\/div>\n\t\t\t\t<div class=\"elementor-element elementor-element-44ac2260 elementor-widget elementor-widget-heading\" data-id=\"44ac2260\" data-element_type=\"widget\" data-e-type=\"widget\" data-widget_type=\"heading.default\">\n\t\t\t\t<div class=\"elementor-widget-container\">\n\t\t\t\t\t<h2 class=\"elementor-heading-title elementor-size-default\">Die Zpiiel\u00ae MakerZ ist ein kreativer Bausatz mit losen Zpiiel\u00ae-Bauteilen in unterschiedlichen Farben <\/h2>\t\t\t\t<\/div>\n\t\t\t\t<\/div>\n\t\t\t\t<section class=\"elementor-section elementor-inner-section elementor-element elementor-element-641e9a2 elementor-section-full_width elementor-section-height-min-height elementor-section-height-default\" data-id=\"641e9a2\" data-element_type=\"section\" data-e-type=\"section\">\n\t\t\t\t\t\t<div class=\"elementor-container elementor-column-gap-default\">\n\t\t\t\t\t<div class=\"elementor-column elementor-col-100 elementor-inner-column elementor-element elementor-element-e5402d1\" data-id=\"e5402d1\" data-element_type=\"column\" data-e-type=\"column\">\n\t\t\t<div class=\"elementor-widget-wrap elementor-element-populated\">\n\t\t\t\t\t\t<div class=\"elementor-element elementor-element-e1d2776 elementor-widget elementor-widget-text-editor\" data-id=\"e1d2776\" data-element_type=\"widget\" data-e-type=\"widget\" data-widget_type=\"text-editor.default\">\n\t\t\t\t<div class=\"elementor-widget-container\">\n\t\t\t\t\t\t\t\t\t<p><span style=\"font-size: 17px; color: var( --e-global-color-text );\">Mit einem MakerZ Bausatz, kannst du alles von coolen Figuren und Tieren, bis Geb\u00e4uden, Schmuck und vieles mehr bauen. Die Bauteile sind einfach zu sammeln und wieder auseinander zu nehmen.<\/span><br><\/p><p style=\"font-size: 17px; font-style: normal; font-weight: 400;\">Du kannst entweder die mitgelieferten Inspirationsbildern benutzen, oder die Fantasie loslassen, und deine eigenen Zpiiel\u00ae-Figuren kreieren.<\/p><p>Die MakerZ Baus\u00e4tze gibt es in drei verschiedenen Gr\u00f6\u00dfen mit beziehungsweisen 120 Bauteilen, 270 Bauteilen oder 600 Bauteilen.<\/p>\t\t\t\t\t\t\t\t<\/div>\n\t\t\t\t<\/div>\n\t\t\t\t\t<\/div>\n\t\t<\/div>\n\t\t\t\t\t<\/div>\n\t\t<\/section>\n\t\t\t\t\t<\/div>\n\t\t<\/div>\n\t\t\t\t\t<\/div>\n\t\t<\/section>\n\t\t\t\t<\/div>\n\t\t","protected":false},"excerpt":{"rendered":"<p>MakerZ MakerZ 600 kr.599.00 Tilf\u00f8j til kurv MakerZ MakerZ 270 kr.299.00 Tilf\u00f8j til kurv MakerZ MakerZ 120 kr.169.00 Tilf\u00f8j til kurv MAKERZ Die Zpiiel\u00ae MakerZ ist ein kreativer Bausatz mit losen Zpiiel\u00ae-Bauteilen in unterschiedlichen Farben Mit einem MakerZ Bausatz, kannst du alles von coolen Figuren und Tieren, bis Geb\u00e4uden, Schmuck und vieles mehr bauen. Die [&hellip;]<\/p>\n","protected":false},"author":11,"featured_media":0,"parent":5188,"menu_order":0,"comment_status":"closed","ping_status":"closed","template":"elementor_header_footer","meta":{"inline_featured_image":false,"site-sidebar-layout":"default","site-content-layout":"default","ast-site-content-layout":"default","site-content-style":"default","site-sidebar-style":"default","ast-global-header-display":"","ast-banner-title-visibility":"","ast-main-header-display":"","ast-hfb-above-header-display":"","ast-hfb-below-header-display":"","ast-hfb-mobile-header-display":"","site-post-title":"disabled","ast-breadcrumbs-content":"","ast-featured-img":"","footer-sml-layout":"","theme-transparent-header-meta":"default","adv-header-id-meta":"","stick-header-meta":"","header-above-stick-meta":"","header-main-stick-meta":"","header-below-stick-meta":"","astra-migrate-meta-layouts":"default","ast-page-background-enabled":"default","ast-page-background-meta":{"desktop":{"background-color":"","background-image":"","background-repeat":"repeat","background-position":"center center","background-size":"auto","background-attachment":"scroll","background-type":"","background-media":"","overlay-type":"","overlay-color":"","overlay-opacity":"","overlay-gradient":""},"tablet":{"background-color":"","background-image":"","background-repeat":"repeat","background-position":"center center","background-size":"auto","background-attachment":"scroll","background-type":"","background-media":"","overlay-type":"","overlay-color":"","overlay-opacity":"","overlay-gradient":""},"mobile":{"background-color":"","background-image":"","background-repeat":"repeat","background-position":"center center","background-size":"auto","background-attachment":"scroll","background-type":"","background-media":"","overlay-type":"","overlay-color":"","overlay-opacity":"","overlay-gradient":""}},"ast-content-background-meta":{"desktop":{"background-color":"var(--ast-global-color-5)","background-image":"","background-repeat":"repeat","background-position":"center center","background-size":"auto","background-attachment":"scroll","background-type":"","background-media":"","overlay-type":"","overlay-color":"","overlay-opacity":"","overlay-gradient":""},"tablet":{"background-color":"var(--ast-global-color-5)","background-image":"","background-repeat":"repeat","background-position":"center center","background-size":"auto","background-attachment":"scroll","background-type":"","background-media":"","overlay-type":"","overlay-color":"","overlay-opacity":"","overlay-gradient":""},"mobile":{"background-color":"var(--ast-global-color-5)","background-image":"","background-repeat":"repeat","background-position":"center center","background-size":"auto","background-attachment":"scroll","background-type":"","background-media":"","overlay-type":"","overlay-color":"","overlay-opacity":"","overlay-gradient":""}},"footnotes":""},"class_list":["post-5204","page","type-page","status-publish","hentry"],"yoast_head":"<!-- This site is optimized with the Yoast SEO plugin v27.5 - https:\/\/yoast.com\/product\/yoast-seo-wordpress\/ -->\n<title>MakerZ - Zpiiel<\/title>\n<meta name=\"description\" content=\"Bau mit einem Zpiiel MakerZ Bausatz, alles von coolen Figuren und Tieren, bis Geb\u00e4uden, Schmuck und vieles mehr. Die Bauteile sind einfach zu sammeln und wieder auseinander zu nehmen.\" \/>\n<meta name=\"robots\" content=\"index, follow, max-snippet:-1, max-image-preview:large, max-video-preview:-1\" \/>\n<link rel=\"canonical\" href=\"https:\/\/www.zpiiel.com\/de\/produkte\/makerz\/\" \/>\n<meta property=\"og:locale\" content=\"de_DE\" \/>\n<meta property=\"og:type\" content=\"article\" \/>\n<meta property=\"og:title\" content=\"MakerZ - Zpiiel\" \/>\n<meta property=\"og:description\" content=\"Bau mit einem Zpiiel MakerZ Bausatz, alles von coolen Figuren und Tieren, bis Geb\u00e4uden, Schmuck und vieles mehr. Die Bauteile sind einfach zu sammeln und wieder auseinander zu nehmen.\" \/>\n<meta property=\"og:url\" content=\"https:\/\/www.zpiiel.com\/de\/produkte\/makerz\/\" \/>\n<meta property=\"og:site_name\" content=\"Zpiiel\" \/>\n<meta property=\"article:publisher\" content=\"https:\/\/www.facebook.com\/zpiiel\" \/>\n<meta property=\"article:modified_time\" content=\"2025-03-26T12:11:06+00:00\" \/>\n<meta property=\"og:image\" content=\"https:\/\/www.zpiiel.com\/wp-content\/uploads\/2018\/11\/makerz_01.svg\" \/>\n<meta name=\"twitter:card\" content=\"summary_large_image\" \/>\n<meta name=\"twitter:label1\" content=\"Gesch\u00e4tzte Lesezeit\" \/>\n\t<meta name=\"twitter:data1\" content=\"4\u00a0Minuten\" \/>\n<script type=\"application\/ld+json\" class=\"yoast-schema-graph\">{\"@context\":\"https:\\\/\\\/schema.org\",\"@graph\":[{\"@type\":\"WebPage\",\"@id\":\"https:\\\/\\\/www.zpiiel.com\\\/de\\\/produkte\\\/makerz\\\/\",\"url\":\"https:\\\/\\\/www.zpiiel.com\\\/de\\\/produkte\\\/makerz\\\/\",\"name\":\"MakerZ - Zpiiel\",\"isPartOf\":{\"@id\":\"https:\\\/\\\/www.zpiiel.com\\\/de\\\/#website\"},\"primaryImageOfPage\":{\"@id\":\"https:\\\/\\\/www.zpiiel.com\\\/de\\\/produkte\\\/makerz\\\/#primaryimage\"},\"image\":{\"@id\":\"https:\\\/\\\/www.zpiiel.com\\\/de\\\/produkte\\\/makerz\\\/#primaryimage\"},\"thumbnailUrl\":\"https:\\\/\\\/www.zpiiel.com\\\/wp-content\\\/uploads\\\/2018\\\/11\\\/makerz_01.svg\",\"datePublished\":\"2020-04-22T21:19:00+00:00\",\"dateModified\":\"2025-03-26T12:11:06+00:00\",\"description\":\"Bau mit einem Zpiiel MakerZ Bausatz, alles von coolen Figuren und Tieren, bis Geb\u00e4uden, Schmuck und vieles mehr. Die Bauteile sind einfach zu sammeln und wieder auseinander zu nehmen.\",\"breadcrumb\":{\"@id\":\"https:\\\/\\\/www.zpiiel.com\\\/de\\\/produkte\\\/makerz\\\/#breadcrumb\"},\"inLanguage\":\"de\",\"potentialAction\":[{\"@type\":\"ReadAction\",\"target\":[\"https:\\\/\\\/www.zpiiel.com\\\/de\\\/produkte\\\/makerz\\\/\"]}]},{\"@type\":\"ImageObject\",\"inLanguage\":\"de\",\"@id\":\"https:\\\/\\\/www.zpiiel.com\\\/de\\\/produkte\\\/makerz\\\/#primaryimage\",\"url\":\"https:\\\/\\\/www.zpiiel.com\\\/wp-content\\\/uploads\\\/2018\\\/11\\\/makerz_01.svg\",\"contentUrl\":\"https:\\\/\\\/www.zpiiel.com\\\/wp-content\\\/uploads\\\/2018\\\/11\\\/makerz_01.svg\"},{\"@type\":\"BreadcrumbList\",\"@id\":\"https:\\\/\\\/www.zpiiel.com\\\/de\\\/produkte\\\/makerz\\\/#breadcrumb\",\"itemListElement\":[{\"@type\":\"ListItem\",\"position\":1,\"name\":\"Hjem\",\"item\":\"https:\\\/\\\/www.zpiiel.com\\\/de\\\/vorderseite\\\/\"},{\"@type\":\"ListItem\",\"position\":2,\"name\":\"Produkte\",\"item\":\"https:\\\/\\\/www.zpiiel.com\\\/de\\\/produkte\\\/\"},{\"@type\":\"ListItem\",\"position\":3,\"name\":\"MakerZ\"}]},{\"@type\":\"WebSite\",\"@id\":\"https:\\\/\\\/www.zpiiel.com\\\/de\\\/#website\",\"url\":\"https:\\\/\\\/www.zpiiel.com\\\/de\\\/\",\"name\":\"Zpiiel\",\"description\":\"Zpiiel leget\u00f8j og produkter\",\"publisher\":{\"@id\":\"https:\\\/\\\/www.zpiiel.com\\\/de\\\/#organization\"},\"potentialAction\":[{\"@type\":\"SearchAction\",\"target\":{\"@type\":\"EntryPoint\",\"urlTemplate\":\"https:\\\/\\\/www.zpiiel.com\\\/de\\\/?s={search_term_string}\"},\"query-input\":{\"@type\":\"PropertyValueSpecification\",\"valueRequired\":true,\"valueName\":\"search_term_string\"}}],\"inLanguage\":\"de\"},{\"@type\":\"Organization\",\"@id\":\"https:\\\/\\\/www.zpiiel.com\\\/de\\\/#organization\",\"name\":\"Zpiiel\",\"url\":\"https:\\\/\\\/www.zpiiel.com\\\/de\\\/\",\"logo\":{\"@type\":\"ImageObject\",\"inLanguage\":\"de\",\"@id\":\"https:\\\/\\\/www.zpiiel.com\\\/de\\\/#\\\/schema\\\/logo\\\/image\\\/\",\"url\":\"https:\\\/\\\/www.zpiiel.com\\\/wp-content\\\/uploads\\\/2021\\\/01\\\/cropped-cropped-logo-1.png\",\"contentUrl\":\"https:\\\/\\\/www.zpiiel.com\\\/wp-content\\\/uploads\\\/2021\\\/01\\\/cropped-cropped-logo-1.png\",\"width\":160,\"height\":76,\"caption\":\"Zpiiel\"},\"image\":{\"@id\":\"https:\\\/\\\/www.zpiiel.com\\\/de\\\/#\\\/schema\\\/logo\\\/image\\\/\"},\"sameAs\":[\"https:\\\/\\\/www.facebook.com\\\/zpiiel\",\"https:\\\/\\\/www.instagram.com\\\/Zpiiel\\\/\",\"https:\\\/\\\/www.youtube.com\\\/channel\\\/UCo3IjQAIBtS-WsOVFwYpY3Q\"]}]}<\/script>\n<!-- \/ Yoast SEO plugin. -->","yoast_head_json":{"title":"MakerZ - Zpiiel","description":"Bau mit einem Zpiiel MakerZ Bausatz, alles von coolen Figuren und Tieren, bis Geb\u00e4uden, Schmuck und vieles mehr. Die Bauteile sind einfach zu sammeln und wieder auseinander zu nehmen.","robots":{"index":"index","follow":"follow","max-snippet":"max-snippet:-1","max-image-preview":"max-image-preview:large","max-video-preview":"max-video-preview:-1"},"canonical":"https:\/\/www.zpiiel.com\/de\/produkte\/makerz\/","og_locale":"de_DE","og_type":"article","og_title":"MakerZ - Zpiiel","og_description":"Bau mit einem Zpiiel MakerZ Bausatz, alles von coolen Figuren und Tieren, bis Geb\u00e4uden, Schmuck und vieles mehr. Die Bauteile sind einfach zu sammeln und wieder auseinander zu nehmen.","og_url":"https:\/\/www.zpiiel.com\/de\/produkte\/makerz\/","og_site_name":"Zpiiel","article_publisher":"https:\/\/www.facebook.com\/zpiiel","article_modified_time":"2025-03-26T12:11:06+00:00","og_image":[{"url":"https:\/\/www.zpiiel.com\/wp-content\/uploads\/2018\/11\/makerz_01.svg","type":"","width":"","height":""}],"twitter_card":"summary_large_image","twitter_misc":{"Gesch\u00e4tzte Lesezeit":"4\u00a0Minuten"},"schema":{"@context":"https:\/\/schema.org","@graph":[{"@type":"WebPage","@id":"https:\/\/www.zpiiel.com\/de\/produkte\/makerz\/","url":"https:\/\/www.zpiiel.com\/de\/produkte\/makerz\/","name":"MakerZ - Zpiiel","isPartOf":{"@id":"https:\/\/www.zpiiel.com\/de\/#website"},"primaryImageOfPage":{"@id":"https:\/\/www.zpiiel.com\/de\/produkte\/makerz\/#primaryimage"},"image":{"@id":"https:\/\/www.zpiiel.com\/de\/produkte\/makerz\/#primaryimage"},"thumbnailUrl":"https:\/\/www.zpiiel.com\/wp-content\/uploads\/2018\/11\/makerz_01.svg","datePublished":"2020-04-22T21:19:00+00:00","dateModified":"2025-03-26T12:11:06+00:00","description":"Bau mit einem Zpiiel MakerZ Bausatz, alles von coolen Figuren und Tieren, bis Geb\u00e4uden, Schmuck und vieles mehr. Die Bauteile sind einfach zu sammeln und wieder auseinander zu nehmen.","breadcrumb":{"@id":"https:\/\/www.zpiiel.com\/de\/produkte\/makerz\/#breadcrumb"},"inLanguage":"de","potentialAction":[{"@type":"ReadAction","target":["https:\/\/www.zpiiel.com\/de\/produkte\/makerz\/"]}]},{"@type":"ImageObject","inLanguage":"de","@id":"https:\/\/www.zpiiel.com\/de\/produkte\/makerz\/#primaryimage","url":"https:\/\/www.zpiiel.com\/wp-content\/uploads\/2018\/11\/makerz_01.svg","contentUrl":"https:\/\/www.zpiiel.com\/wp-content\/uploads\/2018\/11\/makerz_01.svg"},{"@type":"BreadcrumbList","@id":"https:\/\/www.zpiiel.com\/de\/produkte\/makerz\/#breadcrumb","itemListElement":[{"@type":"ListItem","position":1,"name":"Hjem","item":"https:\/\/www.zpiiel.com\/de\/vorderseite\/"},{"@type":"ListItem","position":2,"name":"Produkte","item":"https:\/\/www.zpiiel.com\/de\/produkte\/"},{"@type":"ListItem","position":3,"name":"MakerZ"}]},{"@type":"WebSite","@id":"https:\/\/www.zpiiel.com\/de\/#website","url":"https:\/\/www.zpiiel.com\/de\/","name":"Zpiiel","description":"Zpiiel leget\u00f8j og produkter","publisher":{"@id":"https:\/\/www.zpiiel.com\/de\/#organization"},"potentialAction":[{"@type":"SearchAction","target":{"@type":"EntryPoint","urlTemplate":"https:\/\/www.zpiiel.com\/de\/?s={search_term_string}"},"query-input":{"@type":"PropertyValueSpecification","valueRequired":true,"valueName":"search_term_string"}}],"inLanguage":"de"},{"@type":"Organization","@id":"https:\/\/www.zpiiel.com\/de\/#organization","name":"Zpiiel","url":"https:\/\/www.zpiiel.com\/de\/","logo":{"@type":"ImageObject","inLanguage":"de","@id":"https:\/\/www.zpiiel.com\/de\/#\/schema\/logo\/image\/","url":"https:\/\/www.zpiiel.com\/wp-content\/uploads\/2021\/01\/cropped-cropped-logo-1.png","contentUrl":"https:\/\/www.zpiiel.com\/wp-content\/uploads\/2021\/01\/cropped-cropped-logo-1.png","width":160,"height":76,"caption":"Zpiiel"},"image":{"@id":"https:\/\/www.zpiiel.com\/de\/#\/schema\/logo\/image\/"},"sameAs":["https:\/\/www.facebook.com\/zpiiel","https:\/\/www.instagram.com\/Zpiiel\/","https:\/\/www.youtube.com\/channel\/UCo3IjQAIBtS-WsOVFwYpY3Q"]}]}},"_links":{"self":[{"href":"https:\/\/www.zpiiel.com\/de\/wp-json\/wp\/v2\/pages\/5204","targetHints":{"allow":["GET"]}}],"collection":[{"href":"https:\/\/www.zpiiel.com\/de\/wp-json\/wp\/v2\/pages"}],"about":[{"href":"https:\/\/www.zpiiel.com\/de\/wp-json\/wp\/v2\/types\/page"}],"author":[{"embeddable":true,"href":"https:\/\/www.zpiiel.com\/de\/wp-json\/wp\/v2\/users\/11"}],"replies":[{"embeddable":true,"href":"https:\/\/www.zpiiel.com\/de\/wp-json\/wp\/v2\/comments?post=5204"}],"version-history":[{"count":46,"href":"https:\/\/www.zpiiel.com\/de\/wp-json\/wp\/v2\/pages\/5204\/revisions"}],"predecessor-version":[{"id":14621,"href":"https:\/\/www.zpiiel.com\/de\/wp-json\/wp\/v2\/pages\/5204\/revisions\/14621"}],"up":[{"embeddable":true,"href":"https:\/\/www.zpiiel.com\/de\/wp-json\/wp\/v2\/pages\/5188"}],"wp:attachment":[{"href":"https:\/\/www.zpiiel.com\/de\/wp-json\/wp\/v2\/media?parent=5204"}],"curies":[{"name":"wp","href":"https:\/\/api.w.org\/{rel}","templated":true}]}}