{"id":5165,"date":"2020-04-22T20:18:50","date_gmt":"2020-04-22T20:18:50","guid":{"rendered":"https:\/\/www.zpiiel.com\/allgemeine-geschaeftsbedingungen\/"},"modified":"2021-11-18T13:43:09","modified_gmt":"2021-11-18T13:43:09","slug":"geschaeftsbedingungen","status":"publish","type":"page","link":"https:\/\/www.zpiiel.com\/de\/geschaeftsbedingungen\/","title":{"rendered":"Gesch\u00e4ftsbedingungen"},"content":{"rendered":"\t\t<div data-elementor-type=\"wp-post\" data-elementor-id=\"5165\" class=\"elementor elementor-5165 elementor-5281 elementor-bc-flex-widget\" data-elementor-post-type=\"page\">\n\t\t\t\t\t\t<section class=\"elementor-section elementor-top-section elementor-element elementor-element-66cea2b elementor-section-boxed elementor-section-height-default elementor-section-height-default\" data-id=\"66cea2b\" data-element_type=\"section\" data-e-type=\"section\">\n\t\t\t\t\t\t<div class=\"elementor-container elementor-column-gap-default\">\n\t\t\t\t\t<div class=\"elementor-column elementor-col-100 elementor-top-column elementor-element elementor-element-29b0756\" data-id=\"29b0756\" data-element_type=\"column\" data-e-type=\"column\">\n\t\t\t<div class=\"elementor-widget-wrap elementor-element-populated\">\n\t\t\t\t\t\t<div class=\"elementor-element elementor-element-4813aed elementor-widget elementor-widget-heading\" data-id=\"4813aed\" data-element_type=\"widget\" data-e-type=\"widget\" data-widget_type=\"heading.default\">\n\t\t\t\t<div class=\"elementor-widget-container\">\n\t\t\t\t\t<h2 class=\"elementor-heading-title elementor-size-default\">Gesch\u00e4ftsbedingungen<\/h2>\t\t\t\t<\/div>\n\t\t\t\t<\/div>\n\t\t\t\t<div class=\"elementor-element elementor-element-44866b2 elementor-widget elementor-widget-heading\" data-id=\"44866b2\" data-element_type=\"widget\" data-e-type=\"widget\" data-widget_type=\"heading.default\">\n\t\t\t\t<div class=\"elementor-widget-container\">\n\t\t\t\t\t<h2 class=\"elementor-heading-title elementor-size-default\">Gesch\u00e4ftsinformationen<\/h2>\t\t\t\t<\/div>\n\t\t\t\t<\/div>\n\t\t\t\t<div class=\"elementor-element elementor-element-3efba0f elementor-widget elementor-widget-text-editor\" data-id=\"3efba0f\" data-element_type=\"widget\" data-e-type=\"widget\" data-widget_type=\"text-editor.default\">\n\t\t\t\t<div class=\"elementor-widget-container\">\n\t\t\t\t\t\t\t\t\t<p>Zpiiel ApS<br \/>CVR nr. 37878324<br \/>Messingvej 58 B<br \/>8940 Randers SV<br \/>D\u00e4nemark<\/p>\n<p><a href=\"mailto:info@zpiiel.com\">info@zpiiel.com<\/a><br \/>+45 28 15 93 16<\/p>\n\t\t\t\t\t\t\t\t<\/div>\n\t\t\t\t<\/div>\n\t\t\t\t<div class=\"elementor-element elementor-element-f94f339 elementor-widget elementor-widget-heading\" data-id=\"f94f339\" data-element_type=\"widget\" data-e-type=\"widget\" data-widget_type=\"heading.default\">\n\t\t\t\t<div class=\"elementor-widget-container\">\n\t\t\t\t\t<h2 class=\"elementor-heading-title elementor-size-default\">Bedingungen<\/h2>\t\t\t\t<\/div>\n\t\t\t\t<\/div>\n\t\t\t\t<div class=\"elementor-element elementor-element-23a93b4 elementor-widget elementor-widget-text-editor\" data-id=\"23a93b4\" data-element_type=\"widget\" data-e-type=\"widget\" data-widget_type=\"text-editor.default\">\n\t\t\t\t<div class=\"elementor-widget-container\">\n\t\t\t\t\t\t\t\t\t<p>Wenn Sie bei www.zpiiel.com handeln gilt die zu jeder Zeit Kaufbedingungen f\u00fcr Sie als Verbraucher.<\/p>\n<p>\n            <strong>So handeln Sie bei uns:<\/strong>\n          <\/p>\n<p>Um ein Kauf durchzuf\u00fchren, m\u00fcssen Sie folgende schritte durchgehen:<\/p>\n<ul>\n<li>\n<p>Finde den oder die Artikeln Sie w\u00fcnschen und legen Sie die in dem Einkaufskorb, gehe danach zur Kasse<\/p>\n<\/li>\n<li>\n<p>Deine pers\u00f6nlichen daten eingeben<\/p>\n<\/li>\n<li>\n<p>W\u00e4hlen Sie den Versand \/ Zahlungsweise<\/p>\n<\/li>\n<li>\n<p>Unsere Gesch\u00e4ftsbedingungen guthei\u03b2en<\/p>\n<\/li>\n<li>\n<p>Kontrolliere dass alle informationen korrekt eingegeben sind und den Kauf billigen<\/p>\n<\/li>\n<\/ul>\n<p>\n            <strong>Bestellung<\/strong>\n          <\/p>\n<p>. Bei www.zpiiel.com kannst du nur Artikel bestellen durch unseren Webshop. Haben Sie fragen zu Artikeln, die nicht auf der Webseite sind, sind Sie willkommen uns zu kontaktieren.<\/p>\n<p>Alle Preisen sin inklusiv MwSt. und andere Geb\u00fchren.<\/p>\n<p>Es ist nicht m\u00f6glich fr\u00fchere Auftr\u00e4ge beim Einloggen auf der Webseite zu sehen. Wenn Sie eine Kopie von Ihrem Auftrag m\u00f6chten, m\u00fcssen Sie ein E-Mail an <a href=\"mailto:info@zpiiel.com\">info@zpiiel.com<\/a> schicken.<\/p>\n<p><b>Zahlung<br \/><\/b><span style=\"font-size: 15px;\">Bei www.zpiiel.com k\u00f6nnen Sie mit folgendes Zahlen:<br \/><\/span><span style=\"font-size: 15px;\">\u2022 Dankort<br \/><\/span><span style=\"font-size: 15px;\">\u2022 VISA<br \/><\/span><span style=\"font-size: 15px;\">\u2022 MasterCard<\/span><\/p>\n<p>Wir nehmen keine Geb\u00fchren bei Zahlung bei www.zpiiel.com<br \/>Eventuellen Geb\u00fchren werden von www.zpiiel.com bestritten<\/p>\n<p>Der Betrag wird erst von ihrer Kreditkarte abgehebt, wenn den Artikeln von www.zpiiel.com geschickt werden. Es kann niemals ein gr\u00f6\u00dferen Betrag abgehebt werden als, dass was Sie gebilligt haben.<\/p>\n<p><b>Fracht &amp; Versand<br \/><\/b><span style=\"font-size: 15px;\">Versand wird mit der Post oder GLS passieren Unser Standardpreis ist:<br \/><\/span><span style=\"font-size: 15px;\">D\u00e4nemark DKK 39,-<br \/>Deutschland<\/span><span style=\"font-size: 15px;\">DKK 75,-<br \/><\/span><span style=\"font-size: 15px;\">Sweden DKK 100,-<br \/><\/span><span style=\"font-size: 15px;\">Norwegen DKK 139,-<\/span><\/p>\n<p><b>Lieferzeit<br \/><\/b><span style=\"font-size: 15px;\">Es ist unser Ziel, dass die Artikeln innerhalb 2-3 Arbeitstagen vom Auftragsempfang geschickt werden.<\/span><\/p>\n\t\t\t\t\t\t\t\t<\/div>\n\t\t\t\t<\/div>\n\t\t\t\t<div class=\"elementor-element elementor-element-5be1b26 elementor-widget elementor-widget-heading\" data-id=\"5be1b26\" data-element_type=\"widget\" data-e-type=\"widget\" data-widget_type=\"heading.default\">\n\t\t\t\t<div class=\"elementor-widget-container\">\n\t\t\t\t\t<h2 class=\"elementor-heading-title elementor-size-default\">R\u00fccksendung von Artikeln<\/h2>\t\t\t\t<\/div>\n\t\t\t\t<\/div>\n\t\t\t\t<div class=\"elementor-element elementor-element-4ee963a elementor-widget elementor-widget-text-editor\" data-id=\"4ee963a\" data-element_type=\"widget\" data-e-type=\"widget\" data-widget_type=\"text-editor.default\">\n\t\t\t\t<div class=\"elementor-widget-container\">\n\t\t\t\t\t\t\t\t\t<p>\n            <b>R\u00fccktrittsrecht<br \/><\/b><br \/>\n            <span style=\"font-size: 15px;\">Sie m\u00fcssen uns mitteilen, dass Sie den Kauf bevor 14 Tage nach dem Empfang bereuen. Danach haben Sie 14 Tage den Kauf zu retournieren. Der Artikel darf nicht in einem Umfang benutzt werden, dass es nicht wieder verkauft werden kann, sonst m\u00fcssen Sie f\u00fcr die Beeintr\u00e4chtung zahlen. Vergessen Sie nicht den kompletten Artikel zur\u00fcckzuschicken. Sie m\u00fcssen selbst f\u00fcr die R\u00fccksendung zahlen. Wenn wir den retournierten Artikel bekommen haben, \u00fcberweisen wir Ihr Geld zu Ihrem Konto inklusive der urspr\u00fcnglichen Lieferkosten. Dieses passiert innerhalb von 14 Tagen.<\/span>\n          <\/p>\n<p>\n            <b>Was muss ich mit zur\u00fcckschicken?<br \/><\/b><br \/>\n            <span style=\"font-size: 15px;\">Sie m\u00fcssen eine Kopie der Auftragsbest\u00e4tigung beilegen.<br \/><\/span><br \/>\n            <span style=\"font-size: 15px;\">Hinweis: Wir nehmen keine Pakete im Empfang die per Barzahlung geschickt werden. <\/span>\n          <\/p>\n<p>\n            <b>Reklamation<br \/><\/b><br \/>\n            <span style=\"font-size: 15px;\">Wenn Sie bei ww.www.zpiiel.com handeln, haben Sie selbstverst\u00e4ndlich 24 Monaten Reklamationsrecht. Das bedeutet, Dass Sie entweder den Artikel repariert bekommen k\u00f6nnen, ausgetauscht oder das Geld zur\u00fcck bekommen k\u00f6nnen abh\u00e4ngig von der konkreten Situation.<\/span>\n          <\/p>\n<p>Es ist selbstverst\u00e4ndlich ein Bedarf, dass die Reklamation berechtigt ist, und dass den M\u00e4ngeln nicht gekommen sind durch fehlerhafte Bedienung der Artikel oder andere sch\u00e4digendes Verhalten.<\/p>\n<p><b>Wie schnell muss ich reklamieren?<\/b><br \/>Sie m\u00fcssen innerhalb \u201eangemessener Zeit\u201c reklamieren, nach dem Sie die M\u00e4ngel der Artikel gefunden haben. Wir empfehlen, dass Sie so schnell wie m\u00f6glich reklamieren. Wenn Sie nach einer Woche reklamieren, nach dem Entdecken der M\u00e4ngel, wird die Reklamation berechtig sein. <\/p>\n<p><b>Wir erstatten angemessener Frachtkosten<\/b><br \/>Ist die Reklamation berechtigt, erstatten wir nat\u00fcrlicherweise Ihre Frachtkosten in Verbindung der R\u00fccksendung der Artikel an uns.<\/p>\n<p>Der Artikel schicken Sie an:<br \/><span style=\"font-size: 15px;\">Zpiiel ApS<br \/><\/span><span style=\"font-size: 15px;\">Messingvej 58 B<br \/><\/span><span style=\"font-size: 15px;\">8940 Randers SV<br \/><\/span><span style=\"font-size: 15px;\">D\u00e4nemark<\/span><\/p>\n<p>Wir brauchen folgender informationen, wenn Sie den Artikel an uns schicken<br \/>Wenn Sie den Artikel an uns zur\u00fcckschicken, beten wir Sie zu informieren, detailliert was das Problem sei.<\/p>\n<p>Benutzen Sie gern unser Reklamationsschema hier bei www.zpiiel.com. Es ist nicht ein Bedarf, aber es erleichtert unser Sachverhalt und minimiert die Ekspeditionszeit f\u00fcr Reklamationen.<\/p>\n<p>Hinweis: Wir nehmen keine Pakete im Empfang die per Barzahlung geschickt werden. <\/p>\n<p>Erinnere der Artikel muss immer in einer sachgem\u00e4\u00dfen Verpackung zur\u00fcckgeschickt werden, und bete den Post um eine Quittung bevor dem Schicken zu bekommen, dann k\u00f6nnen wir Ihren Frachtkosten zur\u00fcckzahlen.<\/p>\n\t\t\t\t\t\t\t\t<\/div>\n\t\t\t\t<\/div>\n\t\t\t\t<div class=\"elementor-element elementor-element-0d3857f elementor-widget elementor-widget-heading\" data-id=\"0d3857f\" data-element_type=\"widget\" data-e-type=\"widget\" data-widget_type=\"heading.default\">\n\t\t\t\t<div class=\"elementor-widget-container\">\n\t\t\t\t\t<h2 class=\"elementor-heading-title elementor-size-default\">Was machen wir mit Ihren personenbezogenen Daten?<\/h2>\t\t\t\t<\/div>\n\t\t\t\t<\/div>\n\t\t\t\t<div class=\"elementor-element elementor-element-0d308d6 elementor-widget elementor-widget-text-editor\" data-id=\"0d308d6\" data-element_type=\"widget\" data-e-type=\"widget\" data-widget_type=\"text-editor.default\">\n\t\t\t\t<div class=\"elementor-widget-container\">\n\t\t\t\t\t\t\t\t\t<p>Um bei www.zpiiel.com einen Kauf vorzunehmen zu k\u00f6nnen, brauchen wir folgender informationen:<\/p>\n<ul>\n<li>Name<\/li>\n<li>Adresse<\/li>\n<li>Telefonnummer<\/li>\n<li>E-mail Adresse<\/li>\n<\/ul>\n<p>Wir machen die Registrierung Ihrer Persondaten mit dem Ziel, um Ihren Artikeln liefern zu k\u00f6nnen.<\/p>\n<p>Persondaten werden bei Zpiiel ApS registriert und in f\u00fcnf Jahren aufbewahrt, wo nach den Daten erl\u00f6scht werden.<\/p>\n<p>Wenn die Persondaten durch unsere Webseite eingesammelt werden, sichern wir, dass es immer durch Ihre Zulassung passiert, so dass Sie genau informiert seid, welche Informationen engsammelt sind und warum.<\/p>\n<p>Wir aufbewahren und transmittieren nicht Kundendaten verschl\u00fcsselt.<\/p>\n<p>Daten die an www.zpiiel.com abgegeben sind werden nicht weitergegeben oder an dritter verkauft, und wir registrieren keine pers\u00f6nlichen Persondaten.<\/p>\n<p>Als registrierte bei Zpiiel ApS haben Sie immer den Recht Einsicht gegen die Registrierung zu machen. Sie haben auch den Recht, welche Daten, \u00fcber Ihnen registriert sind. Diese Rechte haben Sie durch den Persondatengesetz und Anfrage in Verbindung hiermit muss an Zpiiel ApS durch E-Mail gemacht werden.  <\/p>\n<p><b style=\"color: #7a7a7a; font-size: 15px;\">Cookies<\/b><span style=\"color: #7a7a7a;\"><span style=\"font-size: 15px;\"><b><br \/><\/b><\/span><\/span>Bei www.zpiiel.com wird Cookies verwendet mit dem Zweck die Webseite zu optimieren und die Funktionalit\u00e4t und damit den Besuch so einfach wie m\u00f6glich f\u00fcr Ihnen zu machen.<\/p>\n<p>Sie k\u00f6nnen zu jeder Zeit Cookies von Ihrem Computer l\u00f6schen. Wie, h\u00e4ngt von Ihrem Browser ab. <\/p>\n\t\t\t\t\t\t\t\t<\/div>\n\t\t\t\t<\/div>\n\t\t\t\t<div class=\"elementor-element elementor-element-cd3960c elementor-widget elementor-widget-heading\" data-id=\"cd3960c\" data-element_type=\"widget\" data-e-type=\"widget\" data-widget_type=\"heading.default\">\n\t\t\t\t<div class=\"elementor-widget-container\">\n\t\t\t\t\t<h2 class=\"elementor-heading-title elementor-size-default\">Logstatistiken<\/h2>\t\t\t\t<\/div>\n\t\t\t\t<\/div>\n\t\t\t\t<div class=\"elementor-element elementor-element-9dc7871 elementor-widget elementor-widget-text-editor\" data-id=\"9dc7871\" data-element_type=\"widget\" data-e-type=\"widget\" data-widget_type=\"text-editor.default\">\n\t\t\t\t<div class=\"elementor-widget-container\">\n\t\t\t\t\t\t\t\t\t<p style=\"font-size: 15px; font-style: normal; font-weight: 400;\">Wir benutzen Logstatistiken bei www.zpiiel.com. Das bedeutet, dass ein Statistikensystem Informationen sammeln, die ein statistisches Bild geben kann, von wie viele Besucher wir haben, von wo die kommen, und wo die uns auf der Webseite verlassen usw. <\/p>\n<p style=\"font-size: 15px; font-style: normal; font-weight: 400;\">Die Logstatistiken wird nur gebraucht f\u00fcr den Zweck www.zpiiel.com zu optimieren.<\/p>\n\t\t\t\t\t\t\t\t<\/div>\n\t\t\t\t<\/div>\n\t\t\t\t\t<\/div>\n\t\t<\/div>\n\t\t\t\t\t<\/div>\n\t\t<\/section>\n\t\t\t\t<\/div>\n\t\t","protected":false},"excerpt":{"rendered":"<p>Gesch\u00e4ftsbedingungen Gesch\u00e4ftsinformationen Zpiiel ApSCVR nr. 37878324Messingvej 58 B8940 Randers SVD\u00e4nemark info@zpiiel.com+45 28 15 93 16 Bedingungen Wenn Sie bei www.zpiiel.com handeln gilt die zu jeder Zeit Kaufbedingungen f\u00fcr Sie als Verbraucher. So handeln Sie bei uns: Um ein Kauf durchzuf\u00fchren, m\u00fcssen Sie folgende schritte durchgehen: Finde den oder die Artikeln Sie w\u00fcnschen und legen Sie [&hellip;]<\/p>\n","protected":false},"author":11,"featured_media":0,"parent":0,"menu_order":0,"comment_status":"closed","ping_status":"open","template":"","meta":{"inline_featured_image":false,"site-sidebar-layout":"no-sidebar","site-content-layout":"page-builder","ast-site-content-layout":"default","site-content-style":"default","site-sidebar-style":"default","ast-global-header-display":"","ast-banner-title-visibility":"","ast-main-header-display":"","ast-hfb-above-header-display":"","ast-hfb-below-header-display":"","ast-hfb-mobile-header-display":"","site-post-title":"disabled","ast-breadcrumbs-content":"","ast-featured-img":"disabled","footer-sml-layout":"","theme-transparent-header-meta":"default","adv-header-id-meta":"","stick-header-meta":"default","header-above-stick-meta":"","header-main-stick-meta":"","header-below-stick-meta":"","astra-migrate-meta-layouts":"default","ast-page-background-enabled":"default","ast-page-background-meta":{"desktop":{"background-color":"","background-image":"","background-repeat":"repeat","background-position":"center center","background-size":"auto","background-attachment":"scroll","background-type":"","background-media":"","overlay-type":"","overlay-color":"","overlay-opacity":"","overlay-gradient":""},"tablet":{"background-color":"","background-image":"","background-repeat":"repeat","background-position":"center center","background-size":"auto","background-attachment":"scroll","background-type":"","background-media":"","overlay-type":"","overlay-color":"","overlay-opacity":"","overlay-gradient":""},"mobile":{"background-color":"","background-image":"","background-repeat":"repeat","background-position":"center center","background-size":"auto","background-attachment":"scroll","background-type":"","background-media":"","overlay-type":"","overlay-color":"","overlay-opacity":"","overlay-gradient":""}},"ast-content-background-meta":{"desktop":{"background-color":"var(--ast-global-color-5)","background-image":"","background-repeat":"repeat","background-position":"center center","background-size":"auto","background-attachment":"scroll","background-type":"","background-media":"","overlay-type":"","overlay-color":"","overlay-opacity":"","overlay-gradient":""},"tablet":{"background-color":"var(--ast-global-color-5)","background-image":"","background-repeat":"repeat","background-position":"center center","background-size":"auto","background-attachment":"scroll","background-type":"","background-media":"","overlay-type":"","overlay-color":"","overlay-opacity":"","overlay-gradient":""},"mobile":{"background-color":"var(--ast-global-color-5)","background-image":"","background-repeat":"repeat","background-position":"center center","background-size":"auto","background-attachment":"scroll","background-type":"","background-media":"","overlay-type":"","overlay-color":"","overlay-opacity":"","overlay-gradient":""}},"footnotes":""},"class_list":["post-5165","page","type-page","status-publish","hentry"],"yoast_head":"<!-- This site is optimized with the Yoast SEO plugin v27.5 - https:\/\/yoast.com\/product\/yoast-seo-wordpress\/ -->\n<title>Gesch\u00e4ftsbedingungen - Zpiiel<\/title>\n<meta name=\"robots\" content=\"index, follow, max-snippet:-1, max-image-preview:large, max-video-preview:-1\" \/>\n<link rel=\"canonical\" href=\"https:\/\/www.zpiiel.com\/de\/geschaeftsbedingungen\/\" \/>\n<meta property=\"og:locale\" content=\"de_DE\" \/>\n<meta property=\"og:type\" content=\"article\" \/>\n<meta property=\"og:title\" content=\"Gesch\u00e4ftsbedingungen - Zpiiel\" \/>\n<meta property=\"og:description\" content=\"Gesch\u00e4ftsbedingungen Gesch\u00e4ftsinformationen Zpiiel ApSCVR nr. 37878324Messingvej 58 B8940 Randers SVD\u00e4nemark info@zpiiel.com+45 28 15 93 16 Bedingungen Wenn Sie bei www.zpiiel.com handeln gilt die zu jeder Zeit Kaufbedingungen f\u00fcr Sie als Verbraucher. So handeln Sie bei uns: Um ein Kauf durchzuf\u00fchren, m\u00fcssen Sie folgende schritte durchgehen: Finde den oder die Artikeln Sie w\u00fcnschen und legen Sie [&hellip;]\" \/>\n<meta property=\"og:url\" content=\"https:\/\/www.zpiiel.com\/de\/geschaeftsbedingungen\/\" \/>\n<meta property=\"og:site_name\" content=\"Zpiiel\" \/>\n<meta property=\"article:publisher\" content=\"https:\/\/www.facebook.com\/zpiiel\" \/>\n<meta property=\"article:modified_time\" content=\"2021-11-18T13:43:09+00:00\" \/>\n<meta name=\"twitter:card\" content=\"summary_large_image\" \/>\n<meta name=\"twitter:label1\" content=\"Gesch\u00e4tzte Lesezeit\" \/>\n\t<meta name=\"twitter:data1\" content=\"5\u00a0Minuten\" \/>\n<script type=\"application\/ld+json\" class=\"yoast-schema-graph\">{\"@context\":\"https:\\\/\\\/schema.org\",\"@graph\":[{\"@type\":\"WebPage\",\"@id\":\"https:\\\/\\\/www.zpiiel.com\\\/de\\\/geschaeftsbedingungen\\\/\",\"url\":\"https:\\\/\\\/www.zpiiel.com\\\/de\\\/geschaeftsbedingungen\\\/\",\"name\":\"Gesch\u00e4ftsbedingungen - Zpiiel\",\"isPartOf\":{\"@id\":\"https:\\\/\\\/www.zpiiel.com\\\/de\\\/#website\"},\"datePublished\":\"2020-04-22T20:18:50+00:00\",\"dateModified\":\"2021-11-18T13:43:09+00:00\",\"breadcrumb\":{\"@id\":\"https:\\\/\\\/www.zpiiel.com\\\/de\\\/geschaeftsbedingungen\\\/#breadcrumb\"},\"inLanguage\":\"de\",\"potentialAction\":[{\"@type\":\"ReadAction\",\"target\":[\"https:\\\/\\\/www.zpiiel.com\\\/de\\\/geschaeftsbedingungen\\\/\"]}]},{\"@type\":\"BreadcrumbList\",\"@id\":\"https:\\\/\\\/www.zpiiel.com\\\/de\\\/geschaeftsbedingungen\\\/#breadcrumb\",\"itemListElement\":[{\"@type\":\"ListItem\",\"position\":1,\"name\":\"Hjem\",\"item\":\"https:\\\/\\\/www.zpiiel.com\\\/de\\\/vorderseite\\\/\"},{\"@type\":\"ListItem\",\"position\":2,\"name\":\"Gesch\u00e4ftsbedingungen\"}]},{\"@type\":\"WebSite\",\"@id\":\"https:\\\/\\\/www.zpiiel.com\\\/de\\\/#website\",\"url\":\"https:\\\/\\\/www.zpiiel.com\\\/de\\\/\",\"name\":\"Zpiiel\",\"description\":\"Zpiiel leget\u00f8j og produkter\",\"publisher\":{\"@id\":\"https:\\\/\\\/www.zpiiel.com\\\/de\\\/#organization\"},\"potentialAction\":[{\"@type\":\"SearchAction\",\"target\":{\"@type\":\"EntryPoint\",\"urlTemplate\":\"https:\\\/\\\/www.zpiiel.com\\\/de\\\/?s={search_term_string}\"},\"query-input\":{\"@type\":\"PropertyValueSpecification\",\"valueRequired\":true,\"valueName\":\"search_term_string\"}}],\"inLanguage\":\"de\"},{\"@type\":\"Organization\",\"@id\":\"https:\\\/\\\/www.zpiiel.com\\\/de\\\/#organization\",\"name\":\"Zpiiel\",\"url\":\"https:\\\/\\\/www.zpiiel.com\\\/de\\\/\",\"logo\":{\"@type\":\"ImageObject\",\"inLanguage\":\"de\",\"@id\":\"https:\\\/\\\/www.zpiiel.com\\\/de\\\/#\\\/schema\\\/logo\\\/image\\\/\",\"url\":\"https:\\\/\\\/www.zpiiel.com\\\/wp-content\\\/uploads\\\/2021\\\/01\\\/cropped-cropped-logo-1.png\",\"contentUrl\":\"https:\\\/\\\/www.zpiiel.com\\\/wp-content\\\/uploads\\\/2021\\\/01\\\/cropped-cropped-logo-1.png\",\"width\":160,\"height\":76,\"caption\":\"Zpiiel\"},\"image\":{\"@id\":\"https:\\\/\\\/www.zpiiel.com\\\/de\\\/#\\\/schema\\\/logo\\\/image\\\/\"},\"sameAs\":[\"https:\\\/\\\/www.facebook.com\\\/zpiiel\",\"https:\\\/\\\/www.instagram.com\\\/Zpiiel\\\/\",\"https:\\\/\\\/www.youtube.com\\\/channel\\\/UCo3IjQAIBtS-WsOVFwYpY3Q\"]}]}<\/script>\n<!-- \/ Yoast SEO plugin. -->","yoast_head_json":{"title":"Gesch\u00e4ftsbedingungen - Zpiiel","robots":{"index":"index","follow":"follow","max-snippet":"max-snippet:-1","max-image-preview":"max-image-preview:large","max-video-preview":"max-video-preview:-1"},"canonical":"https:\/\/www.zpiiel.com\/de\/geschaeftsbedingungen\/","og_locale":"de_DE","og_type":"article","og_title":"Gesch\u00e4ftsbedingungen - Zpiiel","og_description":"Gesch\u00e4ftsbedingungen Gesch\u00e4ftsinformationen Zpiiel ApSCVR nr. 37878324Messingvej 58 B8940 Randers SVD\u00e4nemark info@zpiiel.com+45 28 15 93 16 Bedingungen Wenn Sie bei www.zpiiel.com handeln gilt die zu jeder Zeit Kaufbedingungen f\u00fcr Sie als Verbraucher. So handeln Sie bei uns: Um ein Kauf durchzuf\u00fchren, m\u00fcssen Sie folgende schritte durchgehen: Finde den oder die Artikeln Sie w\u00fcnschen und legen Sie [&hellip;]","og_url":"https:\/\/www.zpiiel.com\/de\/geschaeftsbedingungen\/","og_site_name":"Zpiiel","article_publisher":"https:\/\/www.facebook.com\/zpiiel","article_modified_time":"2021-11-18T13:43:09+00:00","twitter_card":"summary_large_image","twitter_misc":{"Gesch\u00e4tzte Lesezeit":"5\u00a0Minuten"},"schema":{"@context":"https:\/\/schema.org","@graph":[{"@type":"WebPage","@id":"https:\/\/www.zpiiel.com\/de\/geschaeftsbedingungen\/","url":"https:\/\/www.zpiiel.com\/de\/geschaeftsbedingungen\/","name":"Gesch\u00e4ftsbedingungen - Zpiiel","isPartOf":{"@id":"https:\/\/www.zpiiel.com\/de\/#website"},"datePublished":"2020-04-22T20:18:50+00:00","dateModified":"2021-11-18T13:43:09+00:00","breadcrumb":{"@id":"https:\/\/www.zpiiel.com\/de\/geschaeftsbedingungen\/#breadcrumb"},"inLanguage":"de","potentialAction":[{"@type":"ReadAction","target":["https:\/\/www.zpiiel.com\/de\/geschaeftsbedingungen\/"]}]},{"@type":"BreadcrumbList","@id":"https:\/\/www.zpiiel.com\/de\/geschaeftsbedingungen\/#breadcrumb","itemListElement":[{"@type":"ListItem","position":1,"name":"Hjem","item":"https:\/\/www.zpiiel.com\/de\/vorderseite\/"},{"@type":"ListItem","position":2,"name":"Gesch\u00e4ftsbedingungen"}]},{"@type":"WebSite","@id":"https:\/\/www.zpiiel.com\/de\/#website","url":"https:\/\/www.zpiiel.com\/de\/","name":"Zpiiel","description":"Zpiiel leget\u00f8j og produkter","publisher":{"@id":"https:\/\/www.zpiiel.com\/de\/#organization"},"potentialAction":[{"@type":"SearchAction","target":{"@type":"EntryPoint","urlTemplate":"https:\/\/www.zpiiel.com\/de\/?s={search_term_string}"},"query-input":{"@type":"PropertyValueSpecification","valueRequired":true,"valueName":"search_term_string"}}],"inLanguage":"de"},{"@type":"Organization","@id":"https:\/\/www.zpiiel.com\/de\/#organization","name":"Zpiiel","url":"https:\/\/www.zpiiel.com\/de\/","logo":{"@type":"ImageObject","inLanguage":"de","@id":"https:\/\/www.zpiiel.com\/de\/#\/schema\/logo\/image\/","url":"https:\/\/www.zpiiel.com\/wp-content\/uploads\/2021\/01\/cropped-cropped-logo-1.png","contentUrl":"https:\/\/www.zpiiel.com\/wp-content\/uploads\/2021\/01\/cropped-cropped-logo-1.png","width":160,"height":76,"caption":"Zpiiel"},"image":{"@id":"https:\/\/www.zpiiel.com\/de\/#\/schema\/logo\/image\/"},"sameAs":["https:\/\/www.facebook.com\/zpiiel","https:\/\/www.instagram.com\/Zpiiel\/","https:\/\/www.youtube.com\/channel\/UCo3IjQAIBtS-WsOVFwYpY3Q"]}]}},"_links":{"self":[{"href":"https:\/\/www.zpiiel.com\/de\/wp-json\/wp\/v2\/pages\/5165","targetHints":{"allow":["GET"]}}],"collection":[{"href":"https:\/\/www.zpiiel.com\/de\/wp-json\/wp\/v2\/pages"}],"about":[{"href":"https:\/\/www.zpiiel.com\/de\/wp-json\/wp\/v2\/types\/page"}],"author":[{"embeddable":true,"href":"https:\/\/www.zpiiel.com\/de\/wp-json\/wp\/v2\/users\/11"}],"replies":[{"embeddable":true,"href":"https:\/\/www.zpiiel.com\/de\/wp-json\/wp\/v2\/comments?post=5165"}],"version-history":[{"count":7,"href":"https:\/\/www.zpiiel.com\/de\/wp-json\/wp\/v2\/pages\/5165\/revisions"}],"predecessor-version":[{"id":10736,"href":"https:\/\/www.zpiiel.com\/de\/wp-json\/wp\/v2\/pages\/5165\/revisions\/10736"}],"wp:attachment":[{"href":"https:\/\/www.zpiiel.com\/de\/wp-json\/wp\/v2\/media?parent=5165"}],"curies":[{"name":"wp","href":"https:\/\/api.w.org\/{rel}","templated":true}]}}