{"id":12251,"date":"2022-02-11T11:21:28","date_gmt":"2022-02-11T11:21:28","guid":{"rendered":"https:\/\/www.zpiiel.com\/build_and_learn\/"},"modified":"2022-12-02T12:07:54","modified_gmt":"2022-12-02T12:07:54","slug":"build_and_learn-2","status":"publish","type":"page","link":"https:\/\/www.zpiiel.com\/de\/build_and_learn-2\/","title":{"rendered":"Build &amp; Learn"},"content":{"rendered":"\t\t<div data-elementor-type=\"wp-page\" data-elementor-id=\"12251\" class=\"elementor elementor-12251 elementor-12193\" data-elementor-post-type=\"page\">\n\t\t\t\t\t\t<section class=\"elementor-section elementor-top-section elementor-element elementor-element-ef68586 elementor-section-boxed elementor-section-height-default elementor-section-height-default\" data-id=\"ef68586\" data-element_type=\"section\" data-e-type=\"section\">\n\t\t\t\t\t\t<div class=\"elementor-container elementor-column-gap-default\">\n\t\t\t\t\t<div class=\"elementor-column elementor-col-100 elementor-top-column elementor-element elementor-element-cb71b0b\" data-id=\"cb71b0b\" data-element_type=\"column\" data-e-type=\"column\">\n\t\t\t<div class=\"elementor-widget-wrap elementor-element-populated\">\n\t\t\t\t\t\t<section class=\"elementor-section elementor-inner-section elementor-element elementor-element-c098e1c elementor-section-boxed elementor-section-height-default elementor-section-height-default\" data-id=\"c098e1c\" data-element_type=\"section\" data-e-type=\"section\">\n\t\t\t\t\t\t<div class=\"elementor-container elementor-column-gap-default\">\n\t\t\t\t\t<div class=\"elementor-column elementor-col-100 elementor-inner-column elementor-element elementor-element-3b09226\" data-id=\"3b09226\" data-element_type=\"column\" data-e-type=\"column\" data-settings=\"{&quot;background_background&quot;:&quot;classic&quot;}\">\n\t\t\t<div class=\"elementor-widget-wrap elementor-element-populated\">\n\t\t\t\t\t<div class=\"elementor-background-overlay\"><\/div>\n\t\t\t\t\t\t<div class=\"elementor-element elementor-element-cc4c6c6 elementor-widget elementor-widget-image\" data-id=\"cc4c6c6\" data-element_type=\"widget\" data-e-type=\"widget\" data-widget_type=\"image.default\">\n\t\t\t\t<div class=\"elementor-widget-container\">\n\t\t\t\t\t\t\t\t\t\t\t\t\t\t\t\t<a href=\"https:\/\/www.zpiiel.com\/build_and_learn\/\">\n\t\t\t\t\t\t\t<img decoding=\"async\" width=\"250\" height=\"133\" src=\"https:\/\/www.zpiiel.com\/wp-content\/uploads\/2022\/12\/buildandlearn-icon.png\" class=\"attachment-full size-full wp-image-13815\" alt=\"\" \/>\t\t\t\t\t\t\t\t<\/a>\n\t\t\t\t\t\t\t\t\t\t\t\t\t\t\t<\/div>\n\t\t\t\t<\/div>\n\t\t\t\t\t<\/div>\n\t\t<\/div>\n\t\t\t\t\t<\/div>\n\t\t<\/section>\n\t\t\t\t\t<\/div>\n\t\t<\/div>\n\t\t\t\t\t<\/div>\n\t\t<\/section>\n\t\t\t\t<section class=\"elementor-section elementor-top-section elementor-element elementor-element-2b589f9 elementor-section-boxed elementor-section-height-default elementor-section-height-default\" data-id=\"2b589f9\" data-element_type=\"section\" data-e-type=\"section\">\n\t\t\t\t\t\t<div class=\"elementor-container elementor-column-gap-no\">\n\t\t\t\t\t<div class=\"elementor-column elementor-col-100 elementor-top-column elementor-element elementor-element-5e34661\" data-id=\"5e34661\" data-element_type=\"column\" data-e-type=\"column\">\n\t\t\t<div class=\"elementor-widget-wrap elementor-element-populated\">\n\t\t\t\t\t\t<div class=\"elementor-element elementor-element-f41f350 elementor-widget-divider--view-line elementor-widget elementor-widget-divider\" data-id=\"f41f350\" data-element_type=\"widget\" data-e-type=\"widget\" data-widget_type=\"divider.default\">\n\t\t\t\t<div class=\"elementor-widget-container\">\n\t\t\t\t\t\t\t<div class=\"elementor-divider\">\n\t\t\t<span class=\"elementor-divider-separator\">\n\t\t\t\t\t\t<\/span>\n\t\t<\/div>\n\t\t\t\t\t\t<\/div>\n\t\t\t\t<\/div>\n\t\t\t\t\t<\/div>\n\t\t<\/div>\n\t\t\t\t\t<\/div>\n\t\t<\/section>\n\t\t\t\t<section class=\"elementor-section elementor-top-section elementor-element elementor-element-3dc3fef elementor-section-height-min-height elementor-section-boxed elementor-section-height-default elementor-section-items-middle\" data-id=\"3dc3fef\" data-element_type=\"section\" data-e-type=\"section\">\n\t\t\t\t\t\t<div class=\"elementor-container elementor-column-gap-default\">\n\t\t\t\t\t<div class=\"elementor-column elementor-col-100 elementor-top-column elementor-element elementor-element-d47eccb\" data-id=\"d47eccb\" data-element_type=\"column\" data-e-type=\"column\">\n\t\t\t<div class=\"elementor-widget-wrap elementor-element-populated\">\n\t\t\t\t\t\t<div class=\"elementor-element elementor-element-a5f4289 elementor-widget elementor-widget-heading\" data-id=\"a5f4289\" data-element_type=\"widget\" data-e-type=\"widget\" data-widget_type=\"heading.default\">\n\t\t\t\t<div class=\"elementor-widget-container\">\n\t\t\t\t\t<h1 class=\"elementor-heading-title elementor-size-default\">Build &amp; Learn<\/h1>\t\t\t\t<\/div>\n\t\t\t\t<\/div>\n\t\t\t\t<div class=\"elementor-element elementor-element-307ff08 elementor-widget elementor-widget-heading\" data-id=\"307ff08\" data-element_type=\"widget\" data-e-type=\"widget\" data-widget_type=\"heading.default\">\n\t\t\t\t<div class=\"elementor-widget-container\">\n\t\t\t\t\t<h2 class=\"elementor-heading-title elementor-size-default\">Build &amp; Learn ist ein Bausatz, den wir f\u00fcr Kinderg\u00e4rten und Schulen entwickelt haben.<\/h2>\t\t\t\t<\/div>\n\t\t\t\t<\/div>\n\t\t\t\t<section class=\"elementor-section elementor-inner-section elementor-element elementor-element-99b99a1 elementor-section-full_width elementor-section-height-min-height elementor-section-height-default\" data-id=\"99b99a1\" data-element_type=\"section\" data-e-type=\"section\">\n\t\t\t\t\t\t<div class=\"elementor-container elementor-column-gap-default\">\n\t\t\t\t\t<div class=\"elementor-column elementor-col-100 elementor-inner-column elementor-element elementor-element-bcd5fe2\" data-id=\"bcd5fe2\" data-element_type=\"column\" data-e-type=\"column\">\n\t\t\t<div class=\"elementor-widget-wrap elementor-element-populated\">\n\t\t\t\t\t\t<div class=\"elementor-element elementor-element-a4d6eb0 elementor-widget elementor-widget-text-editor\" data-id=\"a4d6eb0\" data-element_type=\"widget\" data-e-type=\"widget\" data-widget_type=\"text-editor.default\">\n\t\t\t\t<div class=\"elementor-widget-container\">\n\t\t\t\t\t\t\t\t\t<p>Die Zpiiel Build &amp; Learn-Reihe unterst\u00fctzt Kinder bei ihrer fr\u00fchen Entwicklung der Schriftsprache und fr\u00fche mathematische F\u00e4higkeiten, damit sie besser vorbereitet sind f\u00fcr die Schule.<\/p>\n<p>In der Reihe finden Sie drei Schwerpunkte: \u201eDas Alphabet\u201c, \u201eZahlen und Messen\u201c und \u201eFormen\u201c.<\/p>\n\t\t\t\t\t\t\t\t<\/div>\n\t\t\t\t<\/div>\n\t\t\t\t\t<\/div>\n\t\t<\/div>\n\t\t\t\t\t<\/div>\n\t\t<\/section>\n\t\t\t\t\t<\/div>\n\t\t<\/div>\n\t\t\t\t\t<\/div>\n\t\t<\/section>\n\t\t\t\t<\/div>\n\t\t","protected":false},"excerpt":{"rendered":"<p>Build &amp; Learn Build &amp; Learn ist ein Bausatz, den wir f\u00fcr Kinderg\u00e4rten und Schulen entwickelt haben. Die Zpiiel Build &amp; Learn-Reihe unterst\u00fctzt Kinder bei ihrer fr\u00fchen Entwicklung der Schriftsprache und fr\u00fche mathematische F\u00e4higkeiten, damit sie besser vorbereitet sind f\u00fcr die Schule. In der Reihe finden Sie drei Schwerpunkte: \u201eDas Alphabet\u201c, \u201eZahlen und Messen\u201c und [&hellip;]<\/p>\n","protected":false},"author":45,"featured_media":0,"parent":0,"menu_order":0,"comment_status":"closed","ping_status":"closed","template":"","meta":{"inline_featured_image":false,"site-sidebar-layout":"no-sidebar","site-content-layout":"page-builder","ast-site-content-layout":"default","site-content-style":"default","site-sidebar-style":"default","ast-global-header-display":"","ast-banner-title-visibility":"","ast-main-header-display":"","ast-hfb-above-header-display":"","ast-hfb-below-header-display":"","ast-hfb-mobile-header-display":"","site-post-title":"disabled","ast-breadcrumbs-content":"","ast-featured-img":"disabled","footer-sml-layout":"","theme-transparent-header-meta":"","adv-header-id-meta":"","stick-header-meta":"","header-above-stick-meta":"","header-main-stick-meta":"","header-below-stick-meta":"","astra-migrate-meta-layouts":"default","ast-page-background-enabled":"default","ast-page-background-meta":{"desktop":{"background-color":"","background-image":"","background-repeat":"repeat","background-position":"center center","background-size":"auto","background-attachment":"scroll","background-type":"","background-media":"","overlay-type":"","overlay-color":"","overlay-opacity":"","overlay-gradient":""},"tablet":{"background-color":"","background-image":"","background-repeat":"repeat","background-position":"center center","background-size":"auto","background-attachment":"scroll","background-type":"","background-media":"","overlay-type":"","overlay-color":"","overlay-opacity":"","overlay-gradient":""},"mobile":{"background-color":"","background-image":"","background-repeat":"repeat","background-position":"center center","background-size":"auto","background-attachment":"scroll","background-type":"","background-media":"","overlay-type":"","overlay-color":"","overlay-opacity":"","overlay-gradient":""}},"ast-content-background-meta":{"desktop":{"background-color":"var(--ast-global-color-5)","background-image":"","background-repeat":"repeat","background-position":"center center","background-size":"auto","background-attachment":"scroll","background-type":"","background-media":"","overlay-type":"","overlay-color":"","overlay-opacity":"","overlay-gradient":""},"tablet":{"background-color":"var(--ast-global-color-5)","background-image":"","background-repeat":"repeat","background-position":"center center","background-size":"auto","background-attachment":"scroll","background-type":"","background-media":"","overlay-type":"","overlay-color":"","overlay-opacity":"","overlay-gradient":""},"mobile":{"background-color":"var(--ast-global-color-5)","background-image":"","background-repeat":"repeat","background-position":"center center","background-size":"auto","background-attachment":"scroll","background-type":"","background-media":"","overlay-type":"","overlay-color":"","overlay-opacity":"","overlay-gradient":""}},"footnotes":""},"class_list":["post-12251","page","type-page","status-publish","hentry"],"yoast_head":"<!-- This site is optimized with the Yoast SEO plugin v27.5 - https:\/\/yoast.com\/product\/yoast-seo-wordpress\/ -->\n<title>Build &amp; Learn - Zpiiel<\/title>\n<meta name=\"robots\" content=\"index, follow, max-snippet:-1, max-image-preview:large, max-video-preview:-1\" \/>\n<link rel=\"canonical\" href=\"https:\/\/www.zpiiel.com\/de\/build_and_learn-2\/\" \/>\n<meta property=\"og:locale\" content=\"de_DE\" \/>\n<meta property=\"og:type\" content=\"article\" \/>\n<meta property=\"og:title\" content=\"Build &amp; Learn - Zpiiel\" \/>\n<meta property=\"og:description\" content=\"Build &amp; Learn Build &amp; Learn ist ein Bausatz, den wir f\u00fcr Kinderg\u00e4rten und Schulen entwickelt haben. Die Zpiiel Build &amp; Learn-Reihe unterst\u00fctzt Kinder bei ihrer fr\u00fchen Entwicklung der Schriftsprache und fr\u00fche mathematische F\u00e4higkeiten, damit sie besser vorbereitet sind f\u00fcr die Schule. In der Reihe finden Sie drei Schwerpunkte: \u201eDas Alphabet\u201c, \u201eZahlen und Messen\u201c und [&hellip;]\" \/>\n<meta property=\"og:url\" content=\"https:\/\/www.zpiiel.com\/de\/build_and_learn-2\/\" \/>\n<meta property=\"og:site_name\" content=\"Zpiiel\" \/>\n<meta property=\"article:publisher\" content=\"https:\/\/www.facebook.com\/zpiiel\" \/>\n<meta property=\"article:modified_time\" content=\"2022-12-02T12:07:54+00:00\" \/>\n<meta property=\"og:image\" content=\"https:\/\/www.zpiiel.com\/wp-content\/uploads\/2022\/12\/buildandlearn-icon.png\" \/>\n<meta name=\"twitter:card\" content=\"summary_large_image\" \/>\n<meta name=\"twitter:label1\" content=\"Gesch\u00e4tzte Lesezeit\" \/>\n\t<meta name=\"twitter:data1\" content=\"4\u00a0Minuten\" \/>\n<script type=\"application\/ld+json\" class=\"yoast-schema-graph\">{\"@context\":\"https:\\\/\\\/schema.org\",\"@graph\":[{\"@type\":\"WebPage\",\"@id\":\"https:\\\/\\\/www.zpiiel.com\\\/de\\\/build_and_learn-2\\\/\",\"url\":\"https:\\\/\\\/www.zpiiel.com\\\/de\\\/build_and_learn-2\\\/\",\"name\":\"Build &amp; Learn - Zpiiel\",\"isPartOf\":{\"@id\":\"https:\\\/\\\/www.zpiiel.com\\\/de\\\/#website\"},\"primaryImageOfPage\":{\"@id\":\"https:\\\/\\\/www.zpiiel.com\\\/de\\\/build_and_learn-2\\\/#primaryimage\"},\"image\":{\"@id\":\"https:\\\/\\\/www.zpiiel.com\\\/de\\\/build_and_learn-2\\\/#primaryimage\"},\"thumbnailUrl\":\"https:\\\/\\\/www.zpiiel.com\\\/wp-content\\\/uploads\\\/2022\\\/12\\\/buildandlearn-icon.png\",\"datePublished\":\"2022-02-11T11:21:28+00:00\",\"dateModified\":\"2022-12-02T12:07:54+00:00\",\"breadcrumb\":{\"@id\":\"https:\\\/\\\/www.zpiiel.com\\\/de\\\/build_and_learn-2\\\/#breadcrumb\"},\"inLanguage\":\"de\",\"potentialAction\":[{\"@type\":\"ReadAction\",\"target\":[\"https:\\\/\\\/www.zpiiel.com\\\/de\\\/build_and_learn-2\\\/\"]}]},{\"@type\":\"ImageObject\",\"inLanguage\":\"de\",\"@id\":\"https:\\\/\\\/www.zpiiel.com\\\/de\\\/build_and_learn-2\\\/#primaryimage\",\"url\":\"https:\\\/\\\/www.zpiiel.com\\\/wp-content\\\/uploads\\\/2022\\\/12\\\/buildandlearn-icon.png\",\"contentUrl\":\"https:\\\/\\\/www.zpiiel.com\\\/wp-content\\\/uploads\\\/2022\\\/12\\\/buildandlearn-icon.png\"},{\"@type\":\"BreadcrumbList\",\"@id\":\"https:\\\/\\\/www.zpiiel.com\\\/de\\\/build_and_learn-2\\\/#breadcrumb\",\"itemListElement\":[{\"@type\":\"ListItem\",\"position\":1,\"name\":\"Hjem\",\"item\":\"https:\\\/\\\/www.zpiiel.com\\\/de\\\/vorderseite\\\/\"},{\"@type\":\"ListItem\",\"position\":2,\"name\":\"Build &amp; Learn\"}]},{\"@type\":\"WebSite\",\"@id\":\"https:\\\/\\\/www.zpiiel.com\\\/de\\\/#website\",\"url\":\"https:\\\/\\\/www.zpiiel.com\\\/de\\\/\",\"name\":\"Zpiiel\",\"description\":\"Zpiiel leget\u00f8j og produkter\",\"publisher\":{\"@id\":\"https:\\\/\\\/www.zpiiel.com\\\/de\\\/#organization\"},\"potentialAction\":[{\"@type\":\"SearchAction\",\"target\":{\"@type\":\"EntryPoint\",\"urlTemplate\":\"https:\\\/\\\/www.zpiiel.com\\\/de\\\/?s={search_term_string}\"},\"query-input\":{\"@type\":\"PropertyValueSpecification\",\"valueRequired\":true,\"valueName\":\"search_term_string\"}}],\"inLanguage\":\"de\"},{\"@type\":\"Organization\",\"@id\":\"https:\\\/\\\/www.zpiiel.com\\\/de\\\/#organization\",\"name\":\"Zpiiel\",\"url\":\"https:\\\/\\\/www.zpiiel.com\\\/de\\\/\",\"logo\":{\"@type\":\"ImageObject\",\"inLanguage\":\"de\",\"@id\":\"https:\\\/\\\/www.zpiiel.com\\\/de\\\/#\\\/schema\\\/logo\\\/image\\\/\",\"url\":\"https:\\\/\\\/www.zpiiel.com\\\/wp-content\\\/uploads\\\/2021\\\/01\\\/cropped-cropped-logo-1.png\",\"contentUrl\":\"https:\\\/\\\/www.zpiiel.com\\\/wp-content\\\/uploads\\\/2021\\\/01\\\/cropped-cropped-logo-1.png\",\"width\":160,\"height\":76,\"caption\":\"Zpiiel\"},\"image\":{\"@id\":\"https:\\\/\\\/www.zpiiel.com\\\/de\\\/#\\\/schema\\\/logo\\\/image\\\/\"},\"sameAs\":[\"https:\\\/\\\/www.facebook.com\\\/zpiiel\",\"https:\\\/\\\/www.instagram.com\\\/Zpiiel\\\/\",\"https:\\\/\\\/www.youtube.com\\\/channel\\\/UCo3IjQAIBtS-WsOVFwYpY3Q\"]}]}<\/script>\n<!-- \/ Yoast SEO plugin. -->","yoast_head_json":{"title":"Build &amp; Learn - Zpiiel","robots":{"index":"index","follow":"follow","max-snippet":"max-snippet:-1","max-image-preview":"max-image-preview:large","max-video-preview":"max-video-preview:-1"},"canonical":"https:\/\/www.zpiiel.com\/de\/build_and_learn-2\/","og_locale":"de_DE","og_type":"article","og_title":"Build &amp; Learn - Zpiiel","og_description":"Build &amp; Learn Build &amp; Learn ist ein Bausatz, den wir f\u00fcr Kinderg\u00e4rten und Schulen entwickelt haben. Die Zpiiel Build &amp; Learn-Reihe unterst\u00fctzt Kinder bei ihrer fr\u00fchen Entwicklung der Schriftsprache und fr\u00fche mathematische F\u00e4higkeiten, damit sie besser vorbereitet sind f\u00fcr die Schule. In der Reihe finden Sie drei Schwerpunkte: \u201eDas Alphabet\u201c, \u201eZahlen und Messen\u201c und [&hellip;]","og_url":"https:\/\/www.zpiiel.com\/de\/build_and_learn-2\/","og_site_name":"Zpiiel","article_publisher":"https:\/\/www.facebook.com\/zpiiel","article_modified_time":"2022-12-02T12:07:54+00:00","og_image":[{"url":"https:\/\/www.zpiiel.com\/wp-content\/uploads\/2022\/12\/buildandlearn-icon.png","type":"","width":"","height":""}],"twitter_card":"summary_large_image","twitter_misc":{"Gesch\u00e4tzte Lesezeit":"4\u00a0Minuten"},"schema":{"@context":"https:\/\/schema.org","@graph":[{"@type":"WebPage","@id":"https:\/\/www.zpiiel.com\/de\/build_and_learn-2\/","url":"https:\/\/www.zpiiel.com\/de\/build_and_learn-2\/","name":"Build &amp; Learn - Zpiiel","isPartOf":{"@id":"https:\/\/www.zpiiel.com\/de\/#website"},"primaryImageOfPage":{"@id":"https:\/\/www.zpiiel.com\/de\/build_and_learn-2\/#primaryimage"},"image":{"@id":"https:\/\/www.zpiiel.com\/de\/build_and_learn-2\/#primaryimage"},"thumbnailUrl":"https:\/\/www.zpiiel.com\/wp-content\/uploads\/2022\/12\/buildandlearn-icon.png","datePublished":"2022-02-11T11:21:28+00:00","dateModified":"2022-12-02T12:07:54+00:00","breadcrumb":{"@id":"https:\/\/www.zpiiel.com\/de\/build_and_learn-2\/#breadcrumb"},"inLanguage":"de","potentialAction":[{"@type":"ReadAction","target":["https:\/\/www.zpiiel.com\/de\/build_and_learn-2\/"]}]},{"@type":"ImageObject","inLanguage":"de","@id":"https:\/\/www.zpiiel.com\/de\/build_and_learn-2\/#primaryimage","url":"https:\/\/www.zpiiel.com\/wp-content\/uploads\/2022\/12\/buildandlearn-icon.png","contentUrl":"https:\/\/www.zpiiel.com\/wp-content\/uploads\/2022\/12\/buildandlearn-icon.png"},{"@type":"BreadcrumbList","@id":"https:\/\/www.zpiiel.com\/de\/build_and_learn-2\/#breadcrumb","itemListElement":[{"@type":"ListItem","position":1,"name":"Hjem","item":"https:\/\/www.zpiiel.com\/de\/vorderseite\/"},{"@type":"ListItem","position":2,"name":"Build &amp; Learn"}]},{"@type":"WebSite","@id":"https:\/\/www.zpiiel.com\/de\/#website","url":"https:\/\/www.zpiiel.com\/de\/","name":"Zpiiel","description":"Zpiiel leget\u00f8j og produkter","publisher":{"@id":"https:\/\/www.zpiiel.com\/de\/#organization"},"potentialAction":[{"@type":"SearchAction","target":{"@type":"EntryPoint","urlTemplate":"https:\/\/www.zpiiel.com\/de\/?s={search_term_string}"},"query-input":{"@type":"PropertyValueSpecification","valueRequired":true,"valueName":"search_term_string"}}],"inLanguage":"de"},{"@type":"Organization","@id":"https:\/\/www.zpiiel.com\/de\/#organization","name":"Zpiiel","url":"https:\/\/www.zpiiel.com\/de\/","logo":{"@type":"ImageObject","inLanguage":"de","@id":"https:\/\/www.zpiiel.com\/de\/#\/schema\/logo\/image\/","url":"https:\/\/www.zpiiel.com\/wp-content\/uploads\/2021\/01\/cropped-cropped-logo-1.png","contentUrl":"https:\/\/www.zpiiel.com\/wp-content\/uploads\/2021\/01\/cropped-cropped-logo-1.png","width":160,"height":76,"caption":"Zpiiel"},"image":{"@id":"https:\/\/www.zpiiel.com\/de\/#\/schema\/logo\/image\/"},"sameAs":["https:\/\/www.facebook.com\/zpiiel","https:\/\/www.instagram.com\/Zpiiel\/","https:\/\/www.youtube.com\/channel\/UCo3IjQAIBtS-WsOVFwYpY3Q"]}]}},"_links":{"self":[{"href":"https:\/\/www.zpiiel.com\/de\/wp-json\/wp\/v2\/pages\/12251","targetHints":{"allow":["GET"]}}],"collection":[{"href":"https:\/\/www.zpiiel.com\/de\/wp-json\/wp\/v2\/pages"}],"about":[{"href":"https:\/\/www.zpiiel.com\/de\/wp-json\/wp\/v2\/types\/page"}],"author":[{"embeddable":true,"href":"https:\/\/www.zpiiel.com\/de\/wp-json\/wp\/v2\/users\/45"}],"replies":[{"embeddable":true,"href":"https:\/\/www.zpiiel.com\/de\/wp-json\/wp\/v2\/comments?post=12251"}],"version-history":[{"count":16,"href":"https:\/\/www.zpiiel.com\/de\/wp-json\/wp\/v2\/pages\/12251\/revisions"}],"predecessor-version":[{"id":13836,"href":"https:\/\/www.zpiiel.com\/de\/wp-json\/wp\/v2\/pages\/12251\/revisions\/13836"}],"wp:attachment":[{"href":"https:\/\/www.zpiiel.com\/de\/wp-json\/wp\/v2\/media?parent=12251"}],"curies":[{"name":"wp","href":"https:\/\/api.w.org\/{rel}","templated":true}]}}